{"id":2882,"date":"2024-07-09T18:21:12","date_gmt":"2024-07-09T16:21:12","guid":{"rendered":"https:\/\/terra-antica.com\/?post_type=product&#038;p=2882"},"modified":"2025-11-28T11:20:11","modified_gmt":"2025-11-28T10:20:11","slug":"natura","status":"publish","type":"product","link":"https:\/\/terra-antica.com\/it\/prodotto\/natura\/","title":{"rendered":"Natura"},"content":{"rendered":"<p>Creato con una precisione assoluta e nato dalla nostra ricerca della massima purezza, Natura Brut Nature rappresenta l\u2019apice delle nostre creazioni effervescenti. Senza dosaggio aggiunto, esprime il vero carattere dell\u2019uva nella sua forma pi\u00f9 autentica \u2013 nitido, vibrante ed elegantemente raffinato.<\/p>\n<p>Il suo perlage finissimo e persistente e la sua eleganza minerale lo rendono il compagno ideale per la cucina gourmet, gli incontri pi\u00f9 sofisticati e le celebrazioni indimenticabili. Natura \u00e8 la bottiglia da stappare quando solo il meglio \u00e8 abbastanza \u2013 un invito a gustare un\u2019esperienza frizzante di straordinaria purezza e finezza.<\/p>\n<details style=\"font-size: 0.9em; margin-top: 1em;\">\n<summary><strong>Informazioni sul prodotto<\/strong><\/summary>\n<p>\u2022 Annata: 2020<br \/>\n\u2022 Tipologia: Brut Nature<br \/>\n\u2022 Gradazione alcolica: 12,5%<br \/>\n\u2022 Formato: 750 ml<br \/>\n\u2022 Regione: Trentino<br \/>\n\u2022 Blend: Chardonnay 80% \u2013 Pinot Nero 20%<br \/>\n\u2022 Contiene solfiti<br \/>\n\u2022 Bottiglia: vetro GL 71 (raccolta differenziata)<br \/>\n\u2022 Capsula: alluminio C\/ALU 90 (raccolta differenziata)<br \/>\n\u2022 Tappo: FOR 51 sughero agglomerato (rifiuto organico)<br \/>\n\u2022 Gabbietta: acciaio FE 40 (raccolta differenziata)<\/p>\n<\/details>\n","protected":false},"excerpt":{"rendered":"<p>Trento DOC Riserva Brut Nature 2020<\/p>\n","protected":false},"featured_media":2886,"comment_status":"open","ping_status":"closed","template":"","meta":{"_acf_changed":false},"product_brand":[],"product_cat":[53],"product_tag":[],"class_list":{"0":"post-2882","1":"product","2":"type-product","3":"status-publish","4":"has-post-thumbnail","6":"product_cat-prosecco-doc-it","8":"first","9":"instock","10":"shipping-taxable","11":"purchasable","12":"product-type-simple"},"acf":[],"yoast_head":"<!-- This site is optimized with the Yoast SEO plugin v27.3 - https:\/\/yoast.com\/product\/yoast-seo-wordpress\/ -->\n<title>Natura - Terra Antica<\/title>\n<meta name=\"robots\" content=\"index, follow, max-snippet:-1, max-image-preview:large, max-video-preview:-1\" \/>\n<link rel=\"canonical\" href=\"https:\/\/terra-antica.com\/it\/prodotto\/natura\/\" \/>\n<meta property=\"og:locale\" content=\"it_IT\" \/>\n<meta property=\"og:type\" content=\"article\" \/>\n<meta property=\"og:title\" content=\"Natura - Terra Antica\" \/>\n<meta property=\"og:description\" content=\"Trento DOC Riserva Brut Nature 2020\" \/>\n<meta property=\"og:url\" content=\"https:\/\/terra-antica.com\/it\/prodotto\/natura\/\" \/>\n<meta property=\"og:site_name\" content=\"Terra Antica\" \/>\n<meta property=\"article:modified_time\" content=\"2025-11-28T10:20:11+00:00\" \/>\n<meta property=\"og:image\" content=\"https:\/\/terra-antica.com\/wp-content\/uploads\/2025\/11\/Natura-T-small-scaled-e1763727780110.png\" \/>\n\t<meta property=\"og:image:width\" content=\"1749\" \/>\n\t<meta property=\"og:image:height\" content=\"2560\" \/>\n\t<meta property=\"og:image:type\" content=\"image\/png\" \/>\n<meta name=\"twitter:card\" content=\"summary_large_image\" \/>\n<meta name=\"twitter:label1\" content=\"Tempo di lettura stimato\" \/>\n\t<meta name=\"twitter:data1\" content=\"1 minuto\" \/>\n<script type=\"application\/ld+json\" class=\"yoast-schema-graph\">{\"@context\":\"https:\\\/\\\/schema.org\",\"@graph\":[{\"@type\":\"WebPage\",\"@id\":\"https:\\\/\\\/terra-antica.com\\\/it\\\/prodotto\\\/natura\\\/\",\"url\":\"https:\\\/\\\/terra-antica.com\\\/it\\\/prodotto\\\/natura\\\/\",\"name\":\"Natura - Terra Antica\",\"isPartOf\":{\"@id\":\"https:\\\/\\\/terra-antica.com\\\/it\\\/#website\"},\"primaryImageOfPage\":{\"@id\":\"https:\\\/\\\/terra-antica.com\\\/it\\\/prodotto\\\/natura\\\/#primaryimage\"},\"image\":{\"@id\":\"https:\\\/\\\/terra-antica.com\\\/it\\\/prodotto\\\/natura\\\/#primaryimage\"},\"thumbnailUrl\":\"https:\\\/\\\/terra-antica.com\\\/wp-content\\\/uploads\\\/2025\\\/11\\\/Natura-T-small-scaled-e1763727780110.png\",\"datePublished\":\"2024-07-09T16:21:12+00:00\",\"dateModified\":\"2025-11-28T10:20:11+00:00\",\"breadcrumb\":{\"@id\":\"https:\\\/\\\/terra-antica.com\\\/it\\\/prodotto\\\/natura\\\/#breadcrumb\"},\"inLanguage\":\"it-IT\",\"potentialAction\":[{\"@type\":\"ReadAction\",\"target\":[\"https:\\\/\\\/terra-antica.com\\\/it\\\/prodotto\\\/natura\\\/\"]}]},{\"@type\":\"ImageObject\",\"inLanguage\":\"it-IT\",\"@id\":\"https:\\\/\\\/terra-antica.com\\\/it\\\/prodotto\\\/natura\\\/#primaryimage\",\"url\":\"https:\\\/\\\/terra-antica.com\\\/wp-content\\\/uploads\\\/2025\\\/11\\\/Natura-T-small-scaled-e1763727780110.png\",\"contentUrl\":\"https:\\\/\\\/terra-antica.com\\\/wp-content\\\/uploads\\\/2025\\\/11\\\/Natura-T-small-scaled-e1763727780110.png\",\"width\":1749,\"height\":2560},{\"@type\":\"BreadcrumbList\",\"@id\":\"https:\\\/\\\/terra-antica.com\\\/it\\\/prodotto\\\/natura\\\/#breadcrumb\",\"itemListElement\":[{\"@type\":\"ListItem\",\"position\":1,\"name\":\"Home\",\"item\":\"https:\\\/\\\/terra-antica.com\\\/it\\\/home\\\/\"},{\"@type\":\"ListItem\",\"position\":2,\"name\":\"Shop\",\"item\":\"https:\\\/\\\/terra-antica.com\\\/it\\\/shop\\\/\"},{\"@type\":\"ListItem\",\"position\":3,\"name\":\"Natura\"}]},{\"@type\":\"WebSite\",\"@id\":\"https:\\\/\\\/terra-antica.com\\\/it\\\/#website\",\"url\":\"https:\\\/\\\/terra-antica.com\\\/it\\\/\",\"name\":\"Terra Antica\",\"description\":\"Il tuo Paradiso nel cuore della Toscana\",\"publisher\":{\"@id\":\"https:\\\/\\\/terra-antica.com\\\/it\\\/#organization\"},\"potentialAction\":[{\"@type\":\"SearchAction\",\"target\":{\"@type\":\"EntryPoint\",\"urlTemplate\":\"https:\\\/\\\/terra-antica.com\\\/it\\\/?s={search_term_string}\"},\"query-input\":{\"@type\":\"PropertyValueSpecification\",\"valueRequired\":true,\"valueName\":\"search_term_string\"}}],\"inLanguage\":\"it-IT\"},{\"@type\":\"Organization\",\"@id\":\"https:\\\/\\\/terra-antica.com\\\/it\\\/#organization\",\"name\":\"Terra Antica\",\"url\":\"https:\\\/\\\/terra-antica.com\\\/it\\\/\",\"logo\":{\"@type\":\"ImageObject\",\"inLanguage\":\"it-IT\",\"@id\":\"https:\\\/\\\/terra-antica.com\\\/it\\\/#\\\/schema\\\/logo\\\/image\\\/\",\"url\":\"https:\\\/\\\/terra-antica.com\\\/wp-content\\\/uploads\\\/2024\\\/04\\\/terra-antica-logo-b.png\",\"contentUrl\":\"https:\\\/\\\/terra-antica.com\\\/wp-content\\\/uploads\\\/2024\\\/04\\\/terra-antica-logo-b.png\",\"width\":562,\"height\":199,\"caption\":\"Terra Antica\"},\"image\":{\"@id\":\"https:\\\/\\\/terra-antica.com\\\/it\\\/#\\\/schema\\\/logo\\\/image\\\/\"}}]}<\/script>\n<!-- \/ Yoast SEO plugin. -->","yoast_head_json":{"title":"Natura - Terra Antica","robots":{"index":"index","follow":"follow","max-snippet":"max-snippet:-1","max-image-preview":"max-image-preview:large","max-video-preview":"max-video-preview:-1"},"canonical":"https:\/\/terra-antica.com\/it\/prodotto\/natura\/","og_locale":"it_IT","og_type":"article","og_title":"Natura - Terra Antica","og_description":"Trento DOC Riserva Brut Nature 2020","og_url":"https:\/\/terra-antica.com\/it\/prodotto\/natura\/","og_site_name":"Terra Antica","article_modified_time":"2025-11-28T10:20:11+00:00","og_image":[{"width":1749,"height":2560,"url":"https:\/\/terra-antica.com\/wp-content\/uploads\/2025\/11\/Natura-T-small-scaled-e1763727780110.png","type":"image\/png"}],"twitter_card":"summary_large_image","twitter_misc":{"Tempo di lettura stimato":"1 minuto"},"schema":{"@context":"https:\/\/schema.org","@graph":[{"@type":"WebPage","@id":"https:\/\/terra-antica.com\/it\/prodotto\/natura\/","url":"https:\/\/terra-antica.com\/it\/prodotto\/natura\/","name":"Natura - Terra Antica","isPartOf":{"@id":"https:\/\/terra-antica.com\/it\/#website"},"primaryImageOfPage":{"@id":"https:\/\/terra-antica.com\/it\/prodotto\/natura\/#primaryimage"},"image":{"@id":"https:\/\/terra-antica.com\/it\/prodotto\/natura\/#primaryimage"},"thumbnailUrl":"https:\/\/terra-antica.com\/wp-content\/uploads\/2025\/11\/Natura-T-small-scaled-e1763727780110.png","datePublished":"2024-07-09T16:21:12+00:00","dateModified":"2025-11-28T10:20:11+00:00","breadcrumb":{"@id":"https:\/\/terra-antica.com\/it\/prodotto\/natura\/#breadcrumb"},"inLanguage":"it-IT","potentialAction":[{"@type":"ReadAction","target":["https:\/\/terra-antica.com\/it\/prodotto\/natura\/"]}]},{"@type":"ImageObject","inLanguage":"it-IT","@id":"https:\/\/terra-antica.com\/it\/prodotto\/natura\/#primaryimage","url":"https:\/\/terra-antica.com\/wp-content\/uploads\/2025\/11\/Natura-T-small-scaled-e1763727780110.png","contentUrl":"https:\/\/terra-antica.com\/wp-content\/uploads\/2025\/11\/Natura-T-small-scaled-e1763727780110.png","width":1749,"height":2560},{"@type":"BreadcrumbList","@id":"https:\/\/terra-antica.com\/it\/prodotto\/natura\/#breadcrumb","itemListElement":[{"@type":"ListItem","position":1,"name":"Home","item":"https:\/\/terra-antica.com\/it\/home\/"},{"@type":"ListItem","position":2,"name":"Shop","item":"https:\/\/terra-antica.com\/it\/shop\/"},{"@type":"ListItem","position":3,"name":"Natura"}]},{"@type":"WebSite","@id":"https:\/\/terra-antica.com\/it\/#website","url":"https:\/\/terra-antica.com\/it\/","name":"Terra Antica","description":"Il tuo Paradiso nel cuore della Toscana","publisher":{"@id":"https:\/\/terra-antica.com\/it\/#organization"},"potentialAction":[{"@type":"SearchAction","target":{"@type":"EntryPoint","urlTemplate":"https:\/\/terra-antica.com\/it\/?s={search_term_string}"},"query-input":{"@type":"PropertyValueSpecification","valueRequired":true,"valueName":"search_term_string"}}],"inLanguage":"it-IT"},{"@type":"Organization","@id":"https:\/\/terra-antica.com\/it\/#organization","name":"Terra Antica","url":"https:\/\/terra-antica.com\/it\/","logo":{"@type":"ImageObject","inLanguage":"it-IT","@id":"https:\/\/terra-antica.com\/it\/#\/schema\/logo\/image\/","url":"https:\/\/terra-antica.com\/wp-content\/uploads\/2024\/04\/terra-antica-logo-b.png","contentUrl":"https:\/\/terra-antica.com\/wp-content\/uploads\/2024\/04\/terra-antica-logo-b.png","width":562,"height":199,"caption":"Terra Antica"},"image":{"@id":"https:\/\/terra-antica.com\/it\/#\/schema\/logo\/image\/"}}]}},"_links":{"self":[{"href":"https:\/\/terra-antica.com\/it\/wp-json\/wp\/v2\/product\/2882","targetHints":{"allow":["GET"]}}],"collection":[{"href":"https:\/\/terra-antica.com\/it\/wp-json\/wp\/v2\/product"}],"about":[{"href":"https:\/\/terra-antica.com\/it\/wp-json\/wp\/v2\/types\/product"}],"replies":[{"embeddable":true,"href":"https:\/\/terra-antica.com\/it\/wp-json\/wp\/v2\/comments?post=2882"}],"wp:featuredmedia":[{"embeddable":true,"href":"https:\/\/terra-antica.com\/it\/wp-json\/wp\/v2\/media\/2886"}],"wp:attachment":[{"href":"https:\/\/terra-antica.com\/it\/wp-json\/wp\/v2\/media?parent=2882"}],"wp:term":[{"taxonomy":"product_brand","embeddable":true,"href":"https:\/\/terra-antica.com\/it\/wp-json\/wp\/v2\/product_brand?post=2882"},{"taxonomy":"product_cat","embeddable":true,"href":"https:\/\/terra-antica.com\/it\/wp-json\/wp\/v2\/product_cat?post=2882"},{"taxonomy":"product_tag","embeddable":true,"href":"https:\/\/terra-antica.com\/it\/wp-json\/wp\/v2\/product_tag?post=2882"}],"curies":[{"name":"wp","href":"https:\/\/api.w.org\/{rel}","templated":true}]}}