{"id":3117,"date":"2024-07-09T06:01:46","date_gmt":"2024-07-09T04:01:46","guid":{"rendered":"https:\/\/terra-antica.com\/?post_type=product&#038;p=3117"},"modified":"2026-05-05T12:21:55","modified_gmt":"2026-05-05T10:21:55","slug":"balsamico-rosato-50ml","status":"publish","type":"product","link":"https:\/\/terra-antica.com\/de\/produkt\/balsamico-rosato-50ml\/","title":{"rendered":"Balsamico Rosato"},"content":{"rendered":"<p class=\"p1\">Unser Balsamico Rosato wird aus sorgf\u00e4ltig ausgew\u00e4hltem Traubenmost und Weinessig hergestellt. Seine klare, brillante Farbe mit zarten Ros\u00e9t\u00f6nen wird von frischen, fruchtigen Aromen und eleganten floralen Noten, die an Rosen erinnern, begleitet. Es verleiht Speisen eine feine balsamische Note, ohne ihre nat\u00fcrliche Farbe zu ver\u00e4ndern. Ideal zu ged\u00e4mpftem Fisch, gemischten Salaten, gegrilltem wei\u00dfem Fleisch und Meeresfr\u00fcchten. Eine raffinierte Interpretation authentischer italienischer Aromen.<\/p>\n<details style=\"font-size: 0.9em; margin-top: 1em;\">\n<summary><strong>Produktinformationen<\/strong><\/summary>\n<p>\n    \u2022 Zutaten: Konzentrierter Traubenmost, Weinessig<br \/>\n    \u2022 Durchschnittswerte pro 100 ml: Energie 1142 kJ \/ 273 kcal, Fett 0 g (davon ges\u00e4ttigte Fetts\u00e4uren 0 g), Kohlenhydrate 66 g (davon Zucker 66 g), Eiwei\u00df 0 g, Salz 0,01 g<br \/>\n    \u2022 Allergene: Enth\u00e4lt Sulfite<br \/>\n    \u2022 Hergestellt und abgef\u00fcllt f\u00fcr Terra Antica Srl von Azienda Agricola Iotti Andrea \u2013 Rio Saliceto (RE), Italien<br \/>\n    \u2022 Lagerung: Vor Licht und W\u00e4rme gesch\u00fctzt lagern<br \/>\n    \u2022 Flasche: GL 71 Glas (getrennte Sammlung)<br \/>\n    \u2022 Verschluss: PP07 Kunststoff (getrennte Sammlung)<br \/>\n    \u2022 Kapsel: C\/PVC90 Kunststoff (getrennte Sammlung)\n  <\/p>\n<\/details>\n","protected":false},"excerpt":{"rendered":"<p>Condimento Balsamico Rosato Biologico 50 ml<\/p>\n","protected":false},"featured_media":3119,"comment_status":"open","ping_status":"closed","template":"","meta":{"_acf_changed":false},"product_brand":[],"product_cat":[66],"product_tag":[],"class_list":{"0":"post-3117","1":"product","2":"type-product","3":"status-publish","4":"has-post-thumbnail","6":"product_cat-ol-und-essig","8":"first","9":"instock","10":"shipping-taxable","11":"purchasable","12":"product-type-simple"},"acf":[],"yoast_head":"<!-- This site is optimized with the Yoast SEO plugin v27.5 - https:\/\/yoast.com\/product\/yoast-seo-wordpress\/ -->\n<title>Balsamico Rosato - Terra Antica<\/title>\n<meta name=\"robots\" content=\"index, follow, max-snippet:-1, max-image-preview:large, max-video-preview:-1\" \/>\n<link rel=\"canonical\" href=\"https:\/\/terra-antica.com\/de\/produkt\/balsamico-rosato-50ml\/\" \/>\n<meta property=\"og:locale\" content=\"de_DE\" \/>\n<meta property=\"og:type\" content=\"article\" \/>\n<meta property=\"og:title\" content=\"Balsamico Rosato - Terra Antica\" \/>\n<meta property=\"og:description\" content=\"Condimento Balsamico Rosato Biologico 50 ml\" \/>\n<meta property=\"og:url\" content=\"https:\/\/terra-antica.com\/de\/produkt\/balsamico-rosato-50ml\/\" \/>\n<meta property=\"og:site_name\" content=\"Terra Antica\" \/>\n<meta property=\"article:modified_time\" content=\"2026-05-05T10:21:55+00:00\" \/>\n<meta property=\"og:image\" content=\"https:\/\/terra-antica.com\/wp-content\/uploads\/2026\/05\/Balsamico_Rosato_Piccolo_T-e1777975727269.png\" \/>\n\t<meta property=\"og:image:width\" content=\"1948\" \/>\n\t<meta property=\"og:image:height\" content=\"2018\" \/>\n\t<meta property=\"og:image:type\" content=\"image\/png\" \/>\n<meta name=\"twitter:card\" content=\"summary_large_image\" \/>\n<meta name=\"twitter:label1\" content=\"Gesch\u00e4tzte Lesezeit\" \/>\n\t<meta name=\"twitter:data1\" content=\"1\u00a0Minute\" \/>\n<script type=\"application\/ld+json\" class=\"yoast-schema-graph\">{\"@context\":\"https:\\\/\\\/schema.org\",\"@graph\":[{\"@type\":\"WebPage\",\"@id\":\"https:\\\/\\\/terra-antica.com\\\/de\\\/produkt\\\/balsamico-rosato-50ml\\\/\",\"url\":\"https:\\\/\\\/terra-antica.com\\\/de\\\/produkt\\\/balsamico-rosato-50ml\\\/\",\"name\":\"Balsamico Rosato - Terra Antica\",\"isPartOf\":{\"@id\":\"https:\\\/\\\/terra-antica.com\\\/de\\\/#website\"},\"primaryImageOfPage\":{\"@id\":\"https:\\\/\\\/terra-antica.com\\\/de\\\/produkt\\\/balsamico-rosato-50ml\\\/#primaryimage\"},\"image\":{\"@id\":\"https:\\\/\\\/terra-antica.com\\\/de\\\/produkt\\\/balsamico-rosato-50ml\\\/#primaryimage\"},\"thumbnailUrl\":\"https:\\\/\\\/terra-antica.com\\\/wp-content\\\/uploads\\\/2026\\\/05\\\/Balsamico_Rosato_Piccolo_T-e1777975727269.png\",\"datePublished\":\"2024-07-09T04:01:46+00:00\",\"dateModified\":\"2026-05-05T10:21:55+00:00\",\"breadcrumb\":{\"@id\":\"https:\\\/\\\/terra-antica.com\\\/de\\\/produkt\\\/balsamico-rosato-50ml\\\/#breadcrumb\"},\"inLanguage\":\"de\",\"potentialAction\":[{\"@type\":\"ReadAction\",\"target\":[\"https:\\\/\\\/terra-antica.com\\\/de\\\/produkt\\\/balsamico-rosato-50ml\\\/\"]}]},{\"@type\":\"ImageObject\",\"inLanguage\":\"de\",\"@id\":\"https:\\\/\\\/terra-antica.com\\\/de\\\/produkt\\\/balsamico-rosato-50ml\\\/#primaryimage\",\"url\":\"https:\\\/\\\/terra-antica.com\\\/wp-content\\\/uploads\\\/2026\\\/05\\\/Balsamico_Rosato_Piccolo_T-e1777975727269.png\",\"contentUrl\":\"https:\\\/\\\/terra-antica.com\\\/wp-content\\\/uploads\\\/2026\\\/05\\\/Balsamico_Rosato_Piccolo_T-e1777975727269.png\",\"width\":1948,\"height\":2018},{\"@type\":\"BreadcrumbList\",\"@id\":\"https:\\\/\\\/terra-antica.com\\\/de\\\/produkt\\\/balsamico-rosato-50ml\\\/#breadcrumb\",\"itemListElement\":[{\"@type\":\"ListItem\",\"position\":1,\"name\":\"Home\",\"item\":\"https:\\\/\\\/terra-antica.com\\\/de\\\/home\\\/\"},{\"@type\":\"ListItem\",\"position\":2,\"name\":\"Shop\",\"item\":\"https:\\\/\\\/terra-antica.com\\\/de\\\/geschaeft\\\/\"},{\"@type\":\"ListItem\",\"position\":3,\"name\":\"Balsamico Rosato\"}]},{\"@type\":\"WebSite\",\"@id\":\"https:\\\/\\\/terra-antica.com\\\/de\\\/#website\",\"url\":\"https:\\\/\\\/terra-antica.com\\\/de\\\/\",\"name\":\"Terra Antica\",\"description\":\"Your paradise in the heart of Tuscany\",\"publisher\":{\"@id\":\"https:\\\/\\\/terra-antica.com\\\/de\\\/#organization\"},\"potentialAction\":[{\"@type\":\"SearchAction\",\"target\":{\"@type\":\"EntryPoint\",\"urlTemplate\":\"https:\\\/\\\/terra-antica.com\\\/de\\\/?s={search_term_string}\"},\"query-input\":{\"@type\":\"PropertyValueSpecification\",\"valueRequired\":true,\"valueName\":\"search_term_string\"}}],\"inLanguage\":\"de\"},{\"@type\":\"Organization\",\"@id\":\"https:\\\/\\\/terra-antica.com\\\/de\\\/#organization\",\"name\":\"Terra Antica\",\"url\":\"https:\\\/\\\/terra-antica.com\\\/de\\\/\",\"logo\":{\"@type\":\"ImageObject\",\"inLanguage\":\"de\",\"@id\":\"https:\\\/\\\/terra-antica.com\\\/de\\\/#\\\/schema\\\/logo\\\/image\\\/\",\"url\":\"https:\\\/\\\/terra-antica.com\\\/wp-content\\\/uploads\\\/2024\\\/04\\\/terra-antica-logo-b.png\",\"contentUrl\":\"https:\\\/\\\/terra-antica.com\\\/wp-content\\\/uploads\\\/2024\\\/04\\\/terra-antica-logo-b.png\",\"width\":562,\"height\":199,\"caption\":\"Terra Antica\"},\"image\":{\"@id\":\"https:\\\/\\\/terra-antica.com\\\/de\\\/#\\\/schema\\\/logo\\\/image\\\/\"}}]}<\/script>\n<!-- \/ Yoast SEO plugin. -->","yoast_head_json":{"title":"Balsamico Rosato - Terra Antica","robots":{"index":"index","follow":"follow","max-snippet":"max-snippet:-1","max-image-preview":"max-image-preview:large","max-video-preview":"max-video-preview:-1"},"canonical":"https:\/\/terra-antica.com\/de\/produkt\/balsamico-rosato-50ml\/","og_locale":"de_DE","og_type":"article","og_title":"Balsamico Rosato - Terra Antica","og_description":"Condimento Balsamico Rosato Biologico 50 ml","og_url":"https:\/\/terra-antica.com\/de\/produkt\/balsamico-rosato-50ml\/","og_site_name":"Terra Antica","article_modified_time":"2026-05-05T10:21:55+00:00","og_image":[{"width":1948,"height":2018,"url":"https:\/\/terra-antica.com\/wp-content\/uploads\/2026\/05\/Balsamico_Rosato_Piccolo_T-e1777975727269.png","type":"image\/png"}],"twitter_card":"summary_large_image","twitter_misc":{"Gesch\u00e4tzte Lesezeit":"1\u00a0Minute"},"schema":{"@context":"https:\/\/schema.org","@graph":[{"@type":"WebPage","@id":"https:\/\/terra-antica.com\/de\/produkt\/balsamico-rosato-50ml\/","url":"https:\/\/terra-antica.com\/de\/produkt\/balsamico-rosato-50ml\/","name":"Balsamico Rosato - Terra Antica","isPartOf":{"@id":"https:\/\/terra-antica.com\/de\/#website"},"primaryImageOfPage":{"@id":"https:\/\/terra-antica.com\/de\/produkt\/balsamico-rosato-50ml\/#primaryimage"},"image":{"@id":"https:\/\/terra-antica.com\/de\/produkt\/balsamico-rosato-50ml\/#primaryimage"},"thumbnailUrl":"https:\/\/terra-antica.com\/wp-content\/uploads\/2026\/05\/Balsamico_Rosato_Piccolo_T-e1777975727269.png","datePublished":"2024-07-09T04:01:46+00:00","dateModified":"2026-05-05T10:21:55+00:00","breadcrumb":{"@id":"https:\/\/terra-antica.com\/de\/produkt\/balsamico-rosato-50ml\/#breadcrumb"},"inLanguage":"de","potentialAction":[{"@type":"ReadAction","target":["https:\/\/terra-antica.com\/de\/produkt\/balsamico-rosato-50ml\/"]}]},{"@type":"ImageObject","inLanguage":"de","@id":"https:\/\/terra-antica.com\/de\/produkt\/balsamico-rosato-50ml\/#primaryimage","url":"https:\/\/terra-antica.com\/wp-content\/uploads\/2026\/05\/Balsamico_Rosato_Piccolo_T-e1777975727269.png","contentUrl":"https:\/\/terra-antica.com\/wp-content\/uploads\/2026\/05\/Balsamico_Rosato_Piccolo_T-e1777975727269.png","width":1948,"height":2018},{"@type":"BreadcrumbList","@id":"https:\/\/terra-antica.com\/de\/produkt\/balsamico-rosato-50ml\/#breadcrumb","itemListElement":[{"@type":"ListItem","position":1,"name":"Home","item":"https:\/\/terra-antica.com\/de\/home\/"},{"@type":"ListItem","position":2,"name":"Shop","item":"https:\/\/terra-antica.com\/de\/geschaeft\/"},{"@type":"ListItem","position":3,"name":"Balsamico Rosato"}]},{"@type":"WebSite","@id":"https:\/\/terra-antica.com\/de\/#website","url":"https:\/\/terra-antica.com\/de\/","name":"Terra Antica","description":"Your paradise in the heart of Tuscany","publisher":{"@id":"https:\/\/terra-antica.com\/de\/#organization"},"potentialAction":[{"@type":"SearchAction","target":{"@type":"EntryPoint","urlTemplate":"https:\/\/terra-antica.com\/de\/?s={search_term_string}"},"query-input":{"@type":"PropertyValueSpecification","valueRequired":true,"valueName":"search_term_string"}}],"inLanguage":"de"},{"@type":"Organization","@id":"https:\/\/terra-antica.com\/de\/#organization","name":"Terra Antica","url":"https:\/\/terra-antica.com\/de\/","logo":{"@type":"ImageObject","inLanguage":"de","@id":"https:\/\/terra-antica.com\/de\/#\/schema\/logo\/image\/","url":"https:\/\/terra-antica.com\/wp-content\/uploads\/2024\/04\/terra-antica-logo-b.png","contentUrl":"https:\/\/terra-antica.com\/wp-content\/uploads\/2024\/04\/terra-antica-logo-b.png","width":562,"height":199,"caption":"Terra Antica"},"image":{"@id":"https:\/\/terra-antica.com\/de\/#\/schema\/logo\/image\/"}}]}},"_links":{"self":[{"href":"https:\/\/terra-antica.com\/de\/wp-json\/wp\/v2\/product\/3117","targetHints":{"allow":["GET"]}}],"collection":[{"href":"https:\/\/terra-antica.com\/de\/wp-json\/wp\/v2\/product"}],"about":[{"href":"https:\/\/terra-antica.com\/de\/wp-json\/wp\/v2\/types\/product"}],"replies":[{"embeddable":true,"href":"https:\/\/terra-antica.com\/de\/wp-json\/wp\/v2\/comments?post=3117"}],"wp:featuredmedia":[{"embeddable":true,"href":"https:\/\/terra-antica.com\/de\/wp-json\/wp\/v2\/media\/3119"}],"wp:attachment":[{"href":"https:\/\/terra-antica.com\/de\/wp-json\/wp\/v2\/media?parent=3117"}],"wp:term":[{"taxonomy":"product_brand","embeddable":true,"href":"https:\/\/terra-antica.com\/de\/wp-json\/wp\/v2\/product_brand?post=3117"},{"taxonomy":"product_cat","embeddable":true,"href":"https:\/\/terra-antica.com\/de\/wp-json\/wp\/v2\/product_cat?post=3117"},{"taxonomy":"product_tag","embeddable":true,"href":"https:\/\/terra-antica.com\/de\/wp-json\/wp\/v2\/product_tag?post=3117"}],"curies":[{"name":"wp","href":"https:\/\/api.w.org\/{rel}","templated":true}]}}