{"id":2925,"date":"2024-06-11T09:56:40","date_gmt":"2024-06-11T07:56:40","guid":{"rendered":"https:\/\/terra-antica.com\/?post_type=product&#038;p=2925"},"modified":"2025-11-25T12:01:43","modified_gmt":"2025-11-25T11:01:43","slug":"fass-5-estate-close-to-heaven","status":"publish","type":"product","link":"https:\/\/terra-antica.com\/de\/produkt\/fass-5-estate-close-to-heaven\/","title":{"rendered":"Fass 5, Estate &#038; Close to Heaven"},"content":{"rendered":"<p>Von frisch bis elegant: Dieses biologische Dreier-Set nimmt Sie mit auf eine toskanische Reise \u2013 vom klaren Wei\u00dfwein \u00fcber einen lebendigen Ros\u00e9 bis hin zur Noblesse eines vier Jahre gereiften DOCG Nobile. Ein Trio mit Charakter \u2013 ideal f\u00fcr entspannte Abende ebenso wie f\u00fcr festliche Gourmetmen\u00fcs.<\/p>\n","protected":false},"excerpt":{"rendered":"<p>Toscana IGT Bianco 2024 Biologico, Toscana IGT Rosato 2024 Biologico &#038; Vino Nobile Di Montepulciano 2020 DOCG Biologico<\/p>\n","protected":false},"featured_media":2927,"comment_status":"open","ping_status":"closed","template":"","meta":{"_acf_changed":false},"product_brand":[],"product_cat":[67,64],"product_tag":[],"class_list":{"0":"post-2925","1":"product","2":"type-product","3":"status-publish","4":"has-post-thumbnail","6":"product_cat-prosecco-doc-de","7":"product_cat-weinkartons","9":"first","10":"instock","11":"sale","12":"shipping-taxable","13":"purchasable","14":"product-type-simple"},"acf":[],"yoast_head":"<!-- This site is optimized with the Yoast SEO plugin v27.3 - https:\/\/yoast.com\/product\/yoast-seo-wordpress\/ -->\n<title>Fass 5, Estate &amp; Close to Heaven - Terra Antica<\/title>\n<meta name=\"robots\" content=\"index, follow, max-snippet:-1, max-image-preview:large, max-video-preview:-1\" \/>\n<link rel=\"canonical\" href=\"https:\/\/terra-antica.com\/de\/produkt\/fass-5-estate-close-to-heaven\/\" \/>\n<meta property=\"og:locale\" content=\"de_DE\" \/>\n<meta property=\"og:type\" content=\"article\" \/>\n<meta property=\"og:title\" content=\"Fass 5, Estate &amp; Close to Heaven - Terra Antica\" \/>\n<meta property=\"og:description\" content=\"Toscana IGT Bianco 2024 Biologico, Toscana IGT Rosato 2024 Biologico &amp; Vino Nobile Di Montepulciano 2020 DOCG Biologico\" \/>\n<meta property=\"og:url\" content=\"https:\/\/terra-antica.com\/de\/produkt\/fass-5-estate-close-to-heaven\/\" \/>\n<meta property=\"og:site_name\" content=\"Terra Antica\" \/>\n<meta property=\"article:modified_time\" content=\"2025-11-25T11:01:43+00:00\" \/>\n<meta property=\"og:image\" content=\"https:\/\/terra-antica.com\/wp-content\/uploads\/2025\/11\/Bianco_Fass_5_e_Estate_e_Close_copia-e1764068266674.png\" \/>\n\t<meta property=\"og:image:width\" content=\"527\" \/>\n\t<meta property=\"og:image:height\" content=\"495\" \/>\n\t<meta property=\"og:image:type\" content=\"image\/png\" \/>\n<meta name=\"twitter:card\" content=\"summary_large_image\" \/>\n<meta name=\"twitter:label1\" content=\"Gesch\u00e4tzte Lesezeit\" \/>\n\t<meta name=\"twitter:data1\" content=\"1\u00a0Minute\" \/>\n<script type=\"application\/ld+json\" class=\"yoast-schema-graph\">{\"@context\":\"https:\\\/\\\/schema.org\",\"@graph\":[{\"@type\":\"WebPage\",\"@id\":\"https:\\\/\\\/terra-antica.com\\\/de\\\/produkt\\\/fass-5-estate-close-to-heaven\\\/\",\"url\":\"https:\\\/\\\/terra-antica.com\\\/de\\\/produkt\\\/fass-5-estate-close-to-heaven\\\/\",\"name\":\"Fass 5, Estate & Close to Heaven - Terra Antica\",\"isPartOf\":{\"@id\":\"https:\\\/\\\/terra-antica.com\\\/de\\\/#website\"},\"primaryImageOfPage\":{\"@id\":\"https:\\\/\\\/terra-antica.com\\\/de\\\/produkt\\\/fass-5-estate-close-to-heaven\\\/#primaryimage\"},\"image\":{\"@id\":\"https:\\\/\\\/terra-antica.com\\\/de\\\/produkt\\\/fass-5-estate-close-to-heaven\\\/#primaryimage\"},\"thumbnailUrl\":\"https:\\\/\\\/terra-antica.com\\\/wp-content\\\/uploads\\\/2025\\\/11\\\/Bianco_Fass_5_e_Estate_e_Close_copia-e1764068266674.png\",\"datePublished\":\"2024-06-11T07:56:40+00:00\",\"dateModified\":\"2025-11-25T11:01:43+00:00\",\"breadcrumb\":{\"@id\":\"https:\\\/\\\/terra-antica.com\\\/de\\\/produkt\\\/fass-5-estate-close-to-heaven\\\/#breadcrumb\"},\"inLanguage\":\"de\",\"potentialAction\":[{\"@type\":\"ReadAction\",\"target\":[\"https:\\\/\\\/terra-antica.com\\\/de\\\/produkt\\\/fass-5-estate-close-to-heaven\\\/\"]}]},{\"@type\":\"ImageObject\",\"inLanguage\":\"de\",\"@id\":\"https:\\\/\\\/terra-antica.com\\\/de\\\/produkt\\\/fass-5-estate-close-to-heaven\\\/#primaryimage\",\"url\":\"https:\\\/\\\/terra-antica.com\\\/wp-content\\\/uploads\\\/2025\\\/11\\\/Bianco_Fass_5_e_Estate_e_Close_copia-e1764068266674.png\",\"contentUrl\":\"https:\\\/\\\/terra-antica.com\\\/wp-content\\\/uploads\\\/2025\\\/11\\\/Bianco_Fass_5_e_Estate_e_Close_copia-e1764068266674.png\",\"width\":527,\"height\":495},{\"@type\":\"BreadcrumbList\",\"@id\":\"https:\\\/\\\/terra-antica.com\\\/de\\\/produkt\\\/fass-5-estate-close-to-heaven\\\/#breadcrumb\",\"itemListElement\":[{\"@type\":\"ListItem\",\"position\":1,\"name\":\"Home\",\"item\":\"https:\\\/\\\/terra-antica.com\\\/de\\\/home\\\/\"},{\"@type\":\"ListItem\",\"position\":2,\"name\":\"Shop\",\"item\":\"https:\\\/\\\/terra-antica.com\\\/de\\\/geschaeft\\\/\"},{\"@type\":\"ListItem\",\"position\":3,\"name\":\"Fass 5, Estate &#038; Close to Heaven\"}]},{\"@type\":\"WebSite\",\"@id\":\"https:\\\/\\\/terra-antica.com\\\/de\\\/#website\",\"url\":\"https:\\\/\\\/terra-antica.com\\\/de\\\/\",\"name\":\"Terra Antica\",\"description\":\"Your paradise in the heart of Tuscany\",\"publisher\":{\"@id\":\"https:\\\/\\\/terra-antica.com\\\/de\\\/#organization\"},\"potentialAction\":[{\"@type\":\"SearchAction\",\"target\":{\"@type\":\"EntryPoint\",\"urlTemplate\":\"https:\\\/\\\/terra-antica.com\\\/de\\\/?s={search_term_string}\"},\"query-input\":{\"@type\":\"PropertyValueSpecification\",\"valueRequired\":true,\"valueName\":\"search_term_string\"}}],\"inLanguage\":\"de\"},{\"@type\":\"Organization\",\"@id\":\"https:\\\/\\\/terra-antica.com\\\/de\\\/#organization\",\"name\":\"Terra Antica\",\"url\":\"https:\\\/\\\/terra-antica.com\\\/de\\\/\",\"logo\":{\"@type\":\"ImageObject\",\"inLanguage\":\"de\",\"@id\":\"https:\\\/\\\/terra-antica.com\\\/de\\\/#\\\/schema\\\/logo\\\/image\\\/\",\"url\":\"https:\\\/\\\/terra-antica.com\\\/wp-content\\\/uploads\\\/2024\\\/04\\\/terra-antica-logo-b.png\",\"contentUrl\":\"https:\\\/\\\/terra-antica.com\\\/wp-content\\\/uploads\\\/2024\\\/04\\\/terra-antica-logo-b.png\",\"width\":562,\"height\":199,\"caption\":\"Terra Antica\"},\"image\":{\"@id\":\"https:\\\/\\\/terra-antica.com\\\/de\\\/#\\\/schema\\\/logo\\\/image\\\/\"}}]}<\/script>\n<!-- \/ Yoast SEO plugin. -->","yoast_head_json":{"title":"Fass 5, Estate & Close to Heaven - Terra Antica","robots":{"index":"index","follow":"follow","max-snippet":"max-snippet:-1","max-image-preview":"max-image-preview:large","max-video-preview":"max-video-preview:-1"},"canonical":"https:\/\/terra-antica.com\/de\/produkt\/fass-5-estate-close-to-heaven\/","og_locale":"de_DE","og_type":"article","og_title":"Fass 5, Estate & Close to Heaven - Terra Antica","og_description":"Toscana IGT Bianco 2024 Biologico, Toscana IGT Rosato 2024 Biologico & Vino Nobile Di Montepulciano 2020 DOCG Biologico","og_url":"https:\/\/terra-antica.com\/de\/produkt\/fass-5-estate-close-to-heaven\/","og_site_name":"Terra Antica","article_modified_time":"2025-11-25T11:01:43+00:00","og_image":[{"width":527,"height":495,"url":"https:\/\/terra-antica.com\/wp-content\/uploads\/2025\/11\/Bianco_Fass_5_e_Estate_e_Close_copia-e1764068266674.png","type":"image\/png"}],"twitter_card":"summary_large_image","twitter_misc":{"Gesch\u00e4tzte Lesezeit":"1\u00a0Minute"},"schema":{"@context":"https:\/\/schema.org","@graph":[{"@type":"WebPage","@id":"https:\/\/terra-antica.com\/de\/produkt\/fass-5-estate-close-to-heaven\/","url":"https:\/\/terra-antica.com\/de\/produkt\/fass-5-estate-close-to-heaven\/","name":"Fass 5, Estate & Close to Heaven - Terra Antica","isPartOf":{"@id":"https:\/\/terra-antica.com\/de\/#website"},"primaryImageOfPage":{"@id":"https:\/\/terra-antica.com\/de\/produkt\/fass-5-estate-close-to-heaven\/#primaryimage"},"image":{"@id":"https:\/\/terra-antica.com\/de\/produkt\/fass-5-estate-close-to-heaven\/#primaryimage"},"thumbnailUrl":"https:\/\/terra-antica.com\/wp-content\/uploads\/2025\/11\/Bianco_Fass_5_e_Estate_e_Close_copia-e1764068266674.png","datePublished":"2024-06-11T07:56:40+00:00","dateModified":"2025-11-25T11:01:43+00:00","breadcrumb":{"@id":"https:\/\/terra-antica.com\/de\/produkt\/fass-5-estate-close-to-heaven\/#breadcrumb"},"inLanguage":"de","potentialAction":[{"@type":"ReadAction","target":["https:\/\/terra-antica.com\/de\/produkt\/fass-5-estate-close-to-heaven\/"]}]},{"@type":"ImageObject","inLanguage":"de","@id":"https:\/\/terra-antica.com\/de\/produkt\/fass-5-estate-close-to-heaven\/#primaryimage","url":"https:\/\/terra-antica.com\/wp-content\/uploads\/2025\/11\/Bianco_Fass_5_e_Estate_e_Close_copia-e1764068266674.png","contentUrl":"https:\/\/terra-antica.com\/wp-content\/uploads\/2025\/11\/Bianco_Fass_5_e_Estate_e_Close_copia-e1764068266674.png","width":527,"height":495},{"@type":"BreadcrumbList","@id":"https:\/\/terra-antica.com\/de\/produkt\/fass-5-estate-close-to-heaven\/#breadcrumb","itemListElement":[{"@type":"ListItem","position":1,"name":"Home","item":"https:\/\/terra-antica.com\/de\/home\/"},{"@type":"ListItem","position":2,"name":"Shop","item":"https:\/\/terra-antica.com\/de\/geschaeft\/"},{"@type":"ListItem","position":3,"name":"Fass 5, Estate &#038; Close to Heaven"}]},{"@type":"WebSite","@id":"https:\/\/terra-antica.com\/de\/#website","url":"https:\/\/terra-antica.com\/de\/","name":"Terra Antica","description":"Your paradise in the heart of Tuscany","publisher":{"@id":"https:\/\/terra-antica.com\/de\/#organization"},"potentialAction":[{"@type":"SearchAction","target":{"@type":"EntryPoint","urlTemplate":"https:\/\/terra-antica.com\/de\/?s={search_term_string}"},"query-input":{"@type":"PropertyValueSpecification","valueRequired":true,"valueName":"search_term_string"}}],"inLanguage":"de"},{"@type":"Organization","@id":"https:\/\/terra-antica.com\/de\/#organization","name":"Terra Antica","url":"https:\/\/terra-antica.com\/de\/","logo":{"@type":"ImageObject","inLanguage":"de","@id":"https:\/\/terra-antica.com\/de\/#\/schema\/logo\/image\/","url":"https:\/\/terra-antica.com\/wp-content\/uploads\/2024\/04\/terra-antica-logo-b.png","contentUrl":"https:\/\/terra-antica.com\/wp-content\/uploads\/2024\/04\/terra-antica-logo-b.png","width":562,"height":199,"caption":"Terra Antica"},"image":{"@id":"https:\/\/terra-antica.com\/de\/#\/schema\/logo\/image\/"}}]}},"_links":{"self":[{"href":"https:\/\/terra-antica.com\/de\/wp-json\/wp\/v2\/product\/2925","targetHints":{"allow":["GET"]}}],"collection":[{"href":"https:\/\/terra-antica.com\/de\/wp-json\/wp\/v2\/product"}],"about":[{"href":"https:\/\/terra-antica.com\/de\/wp-json\/wp\/v2\/types\/product"}],"replies":[{"embeddable":true,"href":"https:\/\/terra-antica.com\/de\/wp-json\/wp\/v2\/comments?post=2925"}],"wp:featuredmedia":[{"embeddable":true,"href":"https:\/\/terra-antica.com\/de\/wp-json\/wp\/v2\/media\/2927"}],"wp:attachment":[{"href":"https:\/\/terra-antica.com\/de\/wp-json\/wp\/v2\/media?parent=2925"}],"wp:term":[{"taxonomy":"product_brand","embeddable":true,"href":"https:\/\/terra-antica.com\/de\/wp-json\/wp\/v2\/product_brand?post=2925"},{"taxonomy":"product_cat","embeddable":true,"href":"https:\/\/terra-antica.com\/de\/wp-json\/wp\/v2\/product_cat?post=2925"},{"taxonomy":"product_tag","embeddable":true,"href":"https:\/\/terra-antica.com\/de\/wp-json\/wp\/v2\/product_tag?post=2925"}],"curies":[{"name":"wp","href":"https:\/\/api.w.org\/{rel}","templated":true}]}}