{"id":2286,"date":"2024-06-11T09:00:34","date_gmt":"2024-06-11T07:00:34","guid":{"rendered":"https:\/\/terra-antica.com\/?post_type=product&#038;p=2286"},"modified":"2025-06-23T14:21:11","modified_gmt":"2025-06-23T12:21:11","slug":"pino-copy-copy","status":"publish","type":"product","link":"https:\/\/terra-antica.com\/de\/produkt\/pino-copy-copy\/","title":{"rendered":"Signature Box"},"content":{"rendered":"<p>Unser Cabernet Sauvignon \u201eSignature\u201c ist ein eleganter und gut strukturierter Wein mit einem verf\u00fchrerischen Bouquet mit warmen Noten von s\u00fc\u00dfem rotem Pfeffer. Er wird 20-24 Monate in franz\u00f6sischen Eichenf\u00e4ssern ausgebaut, gefolgt von einer weiteren langsamen und sanften Reifung in der Flasche. Signature besitzt einen faszinierenden Duft, der von der Intensit\u00e4t schwarzer Johannisbeeren und Blaubeeren gepr\u00e4gt ist, erg\u00e4nzt durch Noten von Schokolade, Wacholder, Eukalyptus und einem Hauch von s\u00fc\u00dfem rotem Pfeffer &#8211; charakteristisch f\u00fcr die Weine aus diesem besonderen Weinberg. Er passt gut zu Schmorbraten, K\u00e4se mit Marmelade und Tr\u00fcffelgerichten.<\/p>\n<details style=\"font-size: 0.9em; margin-top: 1em;\">\n<summary><strong>Produktinformationen<\/strong><\/summary>\n<p>\n    \u2022 Alkoholgehalt: 14\u202f% vol.<br \/>\n    \u2022 Flaschengr\u00f6\u00dfe: 750\u202fml<br \/>\n    \u2022 Enth\u00e4lt Sulfite<br \/>\n    \u2022 Abgef\u00fcllt von Terra Antica SRL Soc. Agr.<br \/>\n    \u2022 Region: Toskana<br \/>\n    \u2022 Rebsorte: 100 % Cabernet Sauvignon<br \/>\n    \u2022 Flasche: GL 71 Glas (getrennte Abfallsammlung)<br \/>\n    \u2022 Kapsel: PVC 3 Kunststoff (getrennte Abfallsammlung)<br \/>\n    \u2022 Verschluss: FOR 51 Sugher (Bioabfall)\n  <\/p>\n<\/details>\n","protected":false},"excerpt":{"rendered":"<p>Toscana IGT Rosso 2023<\/p>\n","protected":false},"featured_media":2288,"comment_status":"open","ping_status":"closed","template":"","meta":{"_acf_changed":false},"product_brand":[],"product_cat":[69,64],"product_tag":[],"class_list":{"0":"post-2286","1":"product","2":"type-product","3":"status-publish","4":"has-post-thumbnail","6":"product_cat-weine","7":"product_cat-weinkartons","9":"first","10":"instock","11":"sale","12":"shipping-taxable","13":"purchasable","14":"product-type-simple"},"acf":[],"yoast_head":"<!-- This site is optimized with the Yoast SEO plugin v27.5 - https:\/\/yoast.com\/product\/yoast-seo-wordpress\/ -->\n<title>Signature Box - Terra Antica<\/title>\n<meta name=\"robots\" content=\"index, follow, max-snippet:-1, max-image-preview:large, max-video-preview:-1\" \/>\n<link rel=\"canonical\" href=\"https:\/\/terra-antica.com\/de\/produkt\/pino-copy-copy\/\" \/>\n<meta property=\"og:locale\" content=\"de_DE\" \/>\n<meta property=\"og:type\" content=\"article\" \/>\n<meta property=\"og:title\" content=\"Signature Box - Terra Antica\" \/>\n<meta property=\"og:description\" content=\"Toscana IGT Rosso 2023\" \/>\n<meta property=\"og:url\" content=\"https:\/\/terra-antica.com\/de\/produkt\/pino-copy-copy\/\" \/>\n<meta property=\"og:site_name\" content=\"Terra Antica\" \/>\n<meta property=\"article:modified_time\" content=\"2025-06-23T12:21:11+00:00\" \/>\n<meta property=\"og:image\" content=\"https:\/\/terra-antica.com\/wp-content\/uploads\/2024\/11\/6_Signature_T_optimized-e1732650755703.png\" \/>\n\t<meta property=\"og:image:width\" content=\"2711\" \/>\n\t<meta property=\"og:image:height\" content=\"2368\" \/>\n\t<meta property=\"og:image:type\" content=\"image\/png\" \/>\n<meta name=\"twitter:card\" content=\"summary_large_image\" \/>\n<meta name=\"twitter:label1\" content=\"Gesch\u00e4tzte Lesezeit\" \/>\n\t<meta name=\"twitter:data1\" content=\"1\u00a0Minute\" \/>\n<script type=\"application\/ld+json\" class=\"yoast-schema-graph\">{\"@context\":\"https:\\\/\\\/schema.org\",\"@graph\":[{\"@type\":\"WebPage\",\"@id\":\"https:\\\/\\\/terra-antica.com\\\/de\\\/produkt\\\/pino-copy-copy\\\/\",\"url\":\"https:\\\/\\\/terra-antica.com\\\/de\\\/produkt\\\/pino-copy-copy\\\/\",\"name\":\"Signature Box - Terra Antica\",\"isPartOf\":{\"@id\":\"https:\\\/\\\/terra-antica.com\\\/de\\\/#website\"},\"primaryImageOfPage\":{\"@id\":\"https:\\\/\\\/terra-antica.com\\\/de\\\/produkt\\\/pino-copy-copy\\\/#primaryimage\"},\"image\":{\"@id\":\"https:\\\/\\\/terra-antica.com\\\/de\\\/produkt\\\/pino-copy-copy\\\/#primaryimage\"},\"thumbnailUrl\":\"https:\\\/\\\/terra-antica.com\\\/wp-content\\\/uploads\\\/2024\\\/11\\\/6_Signature_T_optimized-e1732650755703.png\",\"datePublished\":\"2024-06-11T07:00:34+00:00\",\"dateModified\":\"2025-06-23T12:21:11+00:00\",\"breadcrumb\":{\"@id\":\"https:\\\/\\\/terra-antica.com\\\/de\\\/produkt\\\/pino-copy-copy\\\/#breadcrumb\"},\"inLanguage\":\"de\",\"potentialAction\":[{\"@type\":\"ReadAction\",\"target\":[\"https:\\\/\\\/terra-antica.com\\\/de\\\/produkt\\\/pino-copy-copy\\\/\"]}]},{\"@type\":\"ImageObject\",\"inLanguage\":\"de\",\"@id\":\"https:\\\/\\\/terra-antica.com\\\/de\\\/produkt\\\/pino-copy-copy\\\/#primaryimage\",\"url\":\"https:\\\/\\\/terra-antica.com\\\/wp-content\\\/uploads\\\/2024\\\/11\\\/6_Signature_T_optimized-e1732650755703.png\",\"contentUrl\":\"https:\\\/\\\/terra-antica.com\\\/wp-content\\\/uploads\\\/2024\\\/11\\\/6_Signature_T_optimized-e1732650755703.png\",\"width\":2711,\"height\":2368},{\"@type\":\"BreadcrumbList\",\"@id\":\"https:\\\/\\\/terra-antica.com\\\/de\\\/produkt\\\/pino-copy-copy\\\/#breadcrumb\",\"itemListElement\":[{\"@type\":\"ListItem\",\"position\":1,\"name\":\"Home\",\"item\":\"https:\\\/\\\/terra-antica.com\\\/de\\\/home\\\/\"},{\"@type\":\"ListItem\",\"position\":2,\"name\":\"Shop\",\"item\":\"https:\\\/\\\/terra-antica.com\\\/de\\\/geschaeft\\\/\"},{\"@type\":\"ListItem\",\"position\":3,\"name\":\"Signature Box\"}]},{\"@type\":\"WebSite\",\"@id\":\"https:\\\/\\\/terra-antica.com\\\/de\\\/#website\",\"url\":\"https:\\\/\\\/terra-antica.com\\\/de\\\/\",\"name\":\"Terra Antica\",\"description\":\"Your paradise in the heart of Tuscany\",\"publisher\":{\"@id\":\"https:\\\/\\\/terra-antica.com\\\/de\\\/#organization\"},\"potentialAction\":[{\"@type\":\"SearchAction\",\"target\":{\"@type\":\"EntryPoint\",\"urlTemplate\":\"https:\\\/\\\/terra-antica.com\\\/de\\\/?s={search_term_string}\"},\"query-input\":{\"@type\":\"PropertyValueSpecification\",\"valueRequired\":true,\"valueName\":\"search_term_string\"}}],\"inLanguage\":\"de\"},{\"@type\":\"Organization\",\"@id\":\"https:\\\/\\\/terra-antica.com\\\/de\\\/#organization\",\"name\":\"Terra Antica\",\"url\":\"https:\\\/\\\/terra-antica.com\\\/de\\\/\",\"logo\":{\"@type\":\"ImageObject\",\"inLanguage\":\"de\",\"@id\":\"https:\\\/\\\/terra-antica.com\\\/de\\\/#\\\/schema\\\/logo\\\/image\\\/\",\"url\":\"https:\\\/\\\/terra-antica.com\\\/wp-content\\\/uploads\\\/2024\\\/04\\\/terra-antica-logo-b.png\",\"contentUrl\":\"https:\\\/\\\/terra-antica.com\\\/wp-content\\\/uploads\\\/2024\\\/04\\\/terra-antica-logo-b.png\",\"width\":562,\"height\":199,\"caption\":\"Terra Antica\"},\"image\":{\"@id\":\"https:\\\/\\\/terra-antica.com\\\/de\\\/#\\\/schema\\\/logo\\\/image\\\/\"}}]}<\/script>\n<!-- \/ Yoast SEO plugin. -->","yoast_head_json":{"title":"Signature Box - Terra Antica","robots":{"index":"index","follow":"follow","max-snippet":"max-snippet:-1","max-image-preview":"max-image-preview:large","max-video-preview":"max-video-preview:-1"},"canonical":"https:\/\/terra-antica.com\/de\/produkt\/pino-copy-copy\/","og_locale":"de_DE","og_type":"article","og_title":"Signature Box - Terra Antica","og_description":"Toscana IGT Rosso 2023","og_url":"https:\/\/terra-antica.com\/de\/produkt\/pino-copy-copy\/","og_site_name":"Terra Antica","article_modified_time":"2025-06-23T12:21:11+00:00","og_image":[{"width":2711,"height":2368,"url":"https:\/\/terra-antica.com\/wp-content\/uploads\/2024\/11\/6_Signature_T_optimized-e1732650755703.png","type":"image\/png"}],"twitter_card":"summary_large_image","twitter_misc":{"Gesch\u00e4tzte Lesezeit":"1\u00a0Minute"},"schema":{"@context":"https:\/\/schema.org","@graph":[{"@type":"WebPage","@id":"https:\/\/terra-antica.com\/de\/produkt\/pino-copy-copy\/","url":"https:\/\/terra-antica.com\/de\/produkt\/pino-copy-copy\/","name":"Signature Box - Terra Antica","isPartOf":{"@id":"https:\/\/terra-antica.com\/de\/#website"},"primaryImageOfPage":{"@id":"https:\/\/terra-antica.com\/de\/produkt\/pino-copy-copy\/#primaryimage"},"image":{"@id":"https:\/\/terra-antica.com\/de\/produkt\/pino-copy-copy\/#primaryimage"},"thumbnailUrl":"https:\/\/terra-antica.com\/wp-content\/uploads\/2024\/11\/6_Signature_T_optimized-e1732650755703.png","datePublished":"2024-06-11T07:00:34+00:00","dateModified":"2025-06-23T12:21:11+00:00","breadcrumb":{"@id":"https:\/\/terra-antica.com\/de\/produkt\/pino-copy-copy\/#breadcrumb"},"inLanguage":"de","potentialAction":[{"@type":"ReadAction","target":["https:\/\/terra-antica.com\/de\/produkt\/pino-copy-copy\/"]}]},{"@type":"ImageObject","inLanguage":"de","@id":"https:\/\/terra-antica.com\/de\/produkt\/pino-copy-copy\/#primaryimage","url":"https:\/\/terra-antica.com\/wp-content\/uploads\/2024\/11\/6_Signature_T_optimized-e1732650755703.png","contentUrl":"https:\/\/terra-antica.com\/wp-content\/uploads\/2024\/11\/6_Signature_T_optimized-e1732650755703.png","width":2711,"height":2368},{"@type":"BreadcrumbList","@id":"https:\/\/terra-antica.com\/de\/produkt\/pino-copy-copy\/#breadcrumb","itemListElement":[{"@type":"ListItem","position":1,"name":"Home","item":"https:\/\/terra-antica.com\/de\/home\/"},{"@type":"ListItem","position":2,"name":"Shop","item":"https:\/\/terra-antica.com\/de\/geschaeft\/"},{"@type":"ListItem","position":3,"name":"Signature Box"}]},{"@type":"WebSite","@id":"https:\/\/terra-antica.com\/de\/#website","url":"https:\/\/terra-antica.com\/de\/","name":"Terra Antica","description":"Your paradise in the heart of Tuscany","publisher":{"@id":"https:\/\/terra-antica.com\/de\/#organization"},"potentialAction":[{"@type":"SearchAction","target":{"@type":"EntryPoint","urlTemplate":"https:\/\/terra-antica.com\/de\/?s={search_term_string}"},"query-input":{"@type":"PropertyValueSpecification","valueRequired":true,"valueName":"search_term_string"}}],"inLanguage":"de"},{"@type":"Organization","@id":"https:\/\/terra-antica.com\/de\/#organization","name":"Terra Antica","url":"https:\/\/terra-antica.com\/de\/","logo":{"@type":"ImageObject","inLanguage":"de","@id":"https:\/\/terra-antica.com\/de\/#\/schema\/logo\/image\/","url":"https:\/\/terra-antica.com\/wp-content\/uploads\/2024\/04\/terra-antica-logo-b.png","contentUrl":"https:\/\/terra-antica.com\/wp-content\/uploads\/2024\/04\/terra-antica-logo-b.png","width":562,"height":199,"caption":"Terra Antica"},"image":{"@id":"https:\/\/terra-antica.com\/de\/#\/schema\/logo\/image\/"}}]}},"_links":{"self":[{"href":"https:\/\/terra-antica.com\/de\/wp-json\/wp\/v2\/product\/2286","targetHints":{"allow":["GET"]}}],"collection":[{"href":"https:\/\/terra-antica.com\/de\/wp-json\/wp\/v2\/product"}],"about":[{"href":"https:\/\/terra-antica.com\/de\/wp-json\/wp\/v2\/types\/product"}],"replies":[{"embeddable":true,"href":"https:\/\/terra-antica.com\/de\/wp-json\/wp\/v2\/comments?post=2286"}],"wp:featuredmedia":[{"embeddable":true,"href":"https:\/\/terra-antica.com\/de\/wp-json\/wp\/v2\/media\/2288"}],"wp:attachment":[{"href":"https:\/\/terra-antica.com\/de\/wp-json\/wp\/v2\/media?parent=2286"}],"wp:term":[{"taxonomy":"product_brand","embeddable":true,"href":"https:\/\/terra-antica.com\/de\/wp-json\/wp\/v2\/product_brand?post=2286"},{"taxonomy":"product_cat","embeddable":true,"href":"https:\/\/terra-antica.com\/de\/wp-json\/wp\/v2\/product_cat?post=2286"},{"taxonomy":"product_tag","embeddable":true,"href":"https:\/\/terra-antica.com\/de\/wp-json\/wp\/v2\/product_tag?post=2286"}],"curies":[{"name":"wp","href":"https:\/\/api.w.org\/{rel}","templated":true}]}}