{"id":2250,"date":"2024-06-11T10:10:13","date_gmt":"2024-06-11T08:10:13","guid":{"rendered":"https:\/\/terra-antica.com\/?post_type=product&#038;p=2250"},"modified":"2025-06-23T15:26:19","modified_gmt":"2025-06-23T13:26:19","slug":"fass-5-box-copy","status":"publish","type":"product","link":"https:\/\/terra-antica.com\/de\/produkt\/fass-5-box-copy\/","title":{"rendered":"Magnum Fass 9"},"content":{"rendered":"<p><span>Hell, aromatisch, mit \u00fcberraschenden tropischen Noten. Der Fass 9, der zu 100 % aus Viognier-Trauben gewonnen wird, ist ein warmer, runder Wein mit einem anhaltenden Abgang, der in Aprikosennoten m\u00fcndet. Er wird sofort als einer der besten Wei\u00dfweine von Montepulciano anerkannt und schenkt demjenigen, der ihn w\u00e4hlt, unvergessliche Eindr\u00fccke. Er passt hervorragend zu gef\u00fcllter Pasta, s\u00fc\u00dfen So\u00dfen, Spaghetti mit Venusmuscheln und ethnischen Gerichten. Er passt hervorragend zur chinesischen und thail\u00e4ndischen K\u00fcche.    <\/span><\/p>\n<details style=\"font-size: 0.9em; margin-top: 1em;\">\n<summary><strong>Produktinformationen<\/strong><\/summary>\n<p>\n    \u2022 Alkoholgehalt: 13\u202f% vol.<br \/>\n    \u2022 Flaschengr\u00f6\u00dfe: 1500\u202fml<br \/>\n    \u2022 Enth\u00e4lt Sulfite<br \/>\n    \u2022 Abgef\u00fcllt von Terra Antica SRL Soc. Agr.<br \/>\n    \u2022 Region: Toskana<br \/>\n    \u2022 Rebsorte: 100 % Viognier<br \/>\n    \u2022 Flasche: GL 71 Glas (getrennte Abfallsammlung)<br \/>\n    \u2022 Kapsel: C\/ALU 90 Aluminium (getrennte Abfallsammlung)<br \/>\n    \u2022 Verschluss: FOR 51 Sughere (Bioabfall)\n  <\/p>\n<\/details>\n","protected":false},"excerpt":{"rendered":"<p>Toscana IGT Bianco 2022<\/p>\n","protected":false},"featured_media":2255,"comment_status":"open","ping_status":"closed","template":"","meta":{"_acf_changed":false},"product_brand":[],"product_cat":[74,69],"product_tag":[],"class_list":{"0":"post-2250","1":"product","2":"type-product","3":"status-publish","4":"has-post-thumbnail","6":"product_cat-magnums-de","7":"product_cat-weine","9":"first","10":"instock","11":"shipping-taxable","12":"purchasable","13":"product-type-simple"},"acf":[],"yoast_head":"<!-- This site is optimized with the Yoast SEO plugin v27.3 - https:\/\/yoast.com\/product\/yoast-seo-wordpress\/ -->\n<title>Magnum Fass 9 - Terra Antica<\/title>\n<meta name=\"robots\" content=\"index, follow, max-snippet:-1, max-image-preview:large, max-video-preview:-1\" \/>\n<link rel=\"canonical\" href=\"https:\/\/terra-antica.com\/de\/produkt\/fass-5-box-copy\/\" \/>\n<meta property=\"og:locale\" content=\"de_DE\" \/>\n<meta property=\"og:type\" content=\"article\" \/>\n<meta property=\"og:title\" content=\"Magnum Fass 9 - Terra Antica\" \/>\n<meta property=\"og:description\" content=\"Toscana IGT Bianco 2022\" \/>\n<meta property=\"og:url\" content=\"https:\/\/terra-antica.com\/de\/produkt\/fass-5-box-copy\/\" \/>\n<meta property=\"og:site_name\" content=\"Terra Antica\" \/>\n<meta property=\"article:modified_time\" content=\"2025-06-23T13:26:19+00:00\" \/>\n<meta property=\"og:image\" content=\"https:\/\/terra-antica.com\/wp-content\/uploads\/2024\/11\/Bianco_IGT_FASS9_Magnum_T_optimized-e1732645492357.png\" \/>\n\t<meta property=\"og:image:width\" content=\"2362\" \/>\n\t<meta property=\"og:image:height\" content=\"3248\" \/>\n\t<meta property=\"og:image:type\" content=\"image\/png\" \/>\n<meta name=\"twitter:card\" content=\"summary_large_image\" \/>\n<meta name=\"twitter:label1\" content=\"Gesch\u00e4tzte Lesezeit\" \/>\n\t<meta name=\"twitter:data1\" content=\"1\u00a0Minute\" \/>\n<script type=\"application\/ld+json\" class=\"yoast-schema-graph\">{\"@context\":\"https:\\\/\\\/schema.org\",\"@graph\":[{\"@type\":\"WebPage\",\"@id\":\"https:\\\/\\\/terra-antica.com\\\/de\\\/produkt\\\/fass-5-box-copy\\\/\",\"url\":\"https:\\\/\\\/terra-antica.com\\\/de\\\/produkt\\\/fass-5-box-copy\\\/\",\"name\":\"Magnum Fass 9 - Terra Antica\",\"isPartOf\":{\"@id\":\"https:\\\/\\\/terra-antica.com\\\/de\\\/#website\"},\"primaryImageOfPage\":{\"@id\":\"https:\\\/\\\/terra-antica.com\\\/de\\\/produkt\\\/fass-5-box-copy\\\/#primaryimage\"},\"image\":{\"@id\":\"https:\\\/\\\/terra-antica.com\\\/de\\\/produkt\\\/fass-5-box-copy\\\/#primaryimage\"},\"thumbnailUrl\":\"https:\\\/\\\/terra-antica.com\\\/wp-content\\\/uploads\\\/2024\\\/11\\\/Bianco_IGT_FASS9_Magnum_T_optimized-e1732645492357.png\",\"datePublished\":\"2024-06-11T08:10:13+00:00\",\"dateModified\":\"2025-06-23T13:26:19+00:00\",\"breadcrumb\":{\"@id\":\"https:\\\/\\\/terra-antica.com\\\/de\\\/produkt\\\/fass-5-box-copy\\\/#breadcrumb\"},\"inLanguage\":\"de\",\"potentialAction\":[{\"@type\":\"ReadAction\",\"target\":[\"https:\\\/\\\/terra-antica.com\\\/de\\\/produkt\\\/fass-5-box-copy\\\/\"]}]},{\"@type\":\"ImageObject\",\"inLanguage\":\"de\",\"@id\":\"https:\\\/\\\/terra-antica.com\\\/de\\\/produkt\\\/fass-5-box-copy\\\/#primaryimage\",\"url\":\"https:\\\/\\\/terra-antica.com\\\/wp-content\\\/uploads\\\/2024\\\/11\\\/Bianco_IGT_FASS9_Magnum_T_optimized-e1732645492357.png\",\"contentUrl\":\"https:\\\/\\\/terra-antica.com\\\/wp-content\\\/uploads\\\/2024\\\/11\\\/Bianco_IGT_FASS9_Magnum_T_optimized-e1732645492357.png\",\"width\":2362,\"height\":3248},{\"@type\":\"BreadcrumbList\",\"@id\":\"https:\\\/\\\/terra-antica.com\\\/de\\\/produkt\\\/fass-5-box-copy\\\/#breadcrumb\",\"itemListElement\":[{\"@type\":\"ListItem\",\"position\":1,\"name\":\"Home\",\"item\":\"https:\\\/\\\/terra-antica.com\\\/de\\\/home\\\/\"},{\"@type\":\"ListItem\",\"position\":2,\"name\":\"Shop\",\"item\":\"https:\\\/\\\/terra-antica.com\\\/de\\\/geschaeft\\\/\"},{\"@type\":\"ListItem\",\"position\":3,\"name\":\"Magnum Fass 9\"}]},{\"@type\":\"WebSite\",\"@id\":\"https:\\\/\\\/terra-antica.com\\\/de\\\/#website\",\"url\":\"https:\\\/\\\/terra-antica.com\\\/de\\\/\",\"name\":\"Terra Antica\",\"description\":\"Your paradise in the heart of Tuscany\",\"publisher\":{\"@id\":\"https:\\\/\\\/terra-antica.com\\\/de\\\/#organization\"},\"potentialAction\":[{\"@type\":\"SearchAction\",\"target\":{\"@type\":\"EntryPoint\",\"urlTemplate\":\"https:\\\/\\\/terra-antica.com\\\/de\\\/?s={search_term_string}\"},\"query-input\":{\"@type\":\"PropertyValueSpecification\",\"valueRequired\":true,\"valueName\":\"search_term_string\"}}],\"inLanguage\":\"de\"},{\"@type\":\"Organization\",\"@id\":\"https:\\\/\\\/terra-antica.com\\\/de\\\/#organization\",\"name\":\"Terra Antica\",\"url\":\"https:\\\/\\\/terra-antica.com\\\/de\\\/\",\"logo\":{\"@type\":\"ImageObject\",\"inLanguage\":\"de\",\"@id\":\"https:\\\/\\\/terra-antica.com\\\/de\\\/#\\\/schema\\\/logo\\\/image\\\/\",\"url\":\"https:\\\/\\\/terra-antica.com\\\/wp-content\\\/uploads\\\/2024\\\/04\\\/terra-antica-logo-b.png\",\"contentUrl\":\"https:\\\/\\\/terra-antica.com\\\/wp-content\\\/uploads\\\/2024\\\/04\\\/terra-antica-logo-b.png\",\"width\":562,\"height\":199,\"caption\":\"Terra Antica\"},\"image\":{\"@id\":\"https:\\\/\\\/terra-antica.com\\\/de\\\/#\\\/schema\\\/logo\\\/image\\\/\"}}]}<\/script>\n<!-- \/ Yoast SEO plugin. -->","yoast_head_json":{"title":"Magnum Fass 9 - Terra Antica","robots":{"index":"index","follow":"follow","max-snippet":"max-snippet:-1","max-image-preview":"max-image-preview:large","max-video-preview":"max-video-preview:-1"},"canonical":"https:\/\/terra-antica.com\/de\/produkt\/fass-5-box-copy\/","og_locale":"de_DE","og_type":"article","og_title":"Magnum Fass 9 - Terra Antica","og_description":"Toscana IGT Bianco 2022","og_url":"https:\/\/terra-antica.com\/de\/produkt\/fass-5-box-copy\/","og_site_name":"Terra Antica","article_modified_time":"2025-06-23T13:26:19+00:00","og_image":[{"width":2362,"height":3248,"url":"https:\/\/terra-antica.com\/wp-content\/uploads\/2024\/11\/Bianco_IGT_FASS9_Magnum_T_optimized-e1732645492357.png","type":"image\/png"}],"twitter_card":"summary_large_image","twitter_misc":{"Gesch\u00e4tzte Lesezeit":"1\u00a0Minute"},"schema":{"@context":"https:\/\/schema.org","@graph":[{"@type":"WebPage","@id":"https:\/\/terra-antica.com\/de\/produkt\/fass-5-box-copy\/","url":"https:\/\/terra-antica.com\/de\/produkt\/fass-5-box-copy\/","name":"Magnum Fass 9 - Terra Antica","isPartOf":{"@id":"https:\/\/terra-antica.com\/de\/#website"},"primaryImageOfPage":{"@id":"https:\/\/terra-antica.com\/de\/produkt\/fass-5-box-copy\/#primaryimage"},"image":{"@id":"https:\/\/terra-antica.com\/de\/produkt\/fass-5-box-copy\/#primaryimage"},"thumbnailUrl":"https:\/\/terra-antica.com\/wp-content\/uploads\/2024\/11\/Bianco_IGT_FASS9_Magnum_T_optimized-e1732645492357.png","datePublished":"2024-06-11T08:10:13+00:00","dateModified":"2025-06-23T13:26:19+00:00","breadcrumb":{"@id":"https:\/\/terra-antica.com\/de\/produkt\/fass-5-box-copy\/#breadcrumb"},"inLanguage":"de","potentialAction":[{"@type":"ReadAction","target":["https:\/\/terra-antica.com\/de\/produkt\/fass-5-box-copy\/"]}]},{"@type":"ImageObject","inLanguage":"de","@id":"https:\/\/terra-antica.com\/de\/produkt\/fass-5-box-copy\/#primaryimage","url":"https:\/\/terra-antica.com\/wp-content\/uploads\/2024\/11\/Bianco_IGT_FASS9_Magnum_T_optimized-e1732645492357.png","contentUrl":"https:\/\/terra-antica.com\/wp-content\/uploads\/2024\/11\/Bianco_IGT_FASS9_Magnum_T_optimized-e1732645492357.png","width":2362,"height":3248},{"@type":"BreadcrumbList","@id":"https:\/\/terra-antica.com\/de\/produkt\/fass-5-box-copy\/#breadcrumb","itemListElement":[{"@type":"ListItem","position":1,"name":"Home","item":"https:\/\/terra-antica.com\/de\/home\/"},{"@type":"ListItem","position":2,"name":"Shop","item":"https:\/\/terra-antica.com\/de\/geschaeft\/"},{"@type":"ListItem","position":3,"name":"Magnum Fass 9"}]},{"@type":"WebSite","@id":"https:\/\/terra-antica.com\/de\/#website","url":"https:\/\/terra-antica.com\/de\/","name":"Terra Antica","description":"Your paradise in the heart of Tuscany","publisher":{"@id":"https:\/\/terra-antica.com\/de\/#organization"},"potentialAction":[{"@type":"SearchAction","target":{"@type":"EntryPoint","urlTemplate":"https:\/\/terra-antica.com\/de\/?s={search_term_string}"},"query-input":{"@type":"PropertyValueSpecification","valueRequired":true,"valueName":"search_term_string"}}],"inLanguage":"de"},{"@type":"Organization","@id":"https:\/\/terra-antica.com\/de\/#organization","name":"Terra Antica","url":"https:\/\/terra-antica.com\/de\/","logo":{"@type":"ImageObject","inLanguage":"de","@id":"https:\/\/terra-antica.com\/de\/#\/schema\/logo\/image\/","url":"https:\/\/terra-antica.com\/wp-content\/uploads\/2024\/04\/terra-antica-logo-b.png","contentUrl":"https:\/\/terra-antica.com\/wp-content\/uploads\/2024\/04\/terra-antica-logo-b.png","width":562,"height":199,"caption":"Terra Antica"},"image":{"@id":"https:\/\/terra-antica.com\/de\/#\/schema\/logo\/image\/"}}]}},"_links":{"self":[{"href":"https:\/\/terra-antica.com\/de\/wp-json\/wp\/v2\/product\/2250","targetHints":{"allow":["GET"]}}],"collection":[{"href":"https:\/\/terra-antica.com\/de\/wp-json\/wp\/v2\/product"}],"about":[{"href":"https:\/\/terra-antica.com\/de\/wp-json\/wp\/v2\/types\/product"}],"replies":[{"embeddable":true,"href":"https:\/\/terra-antica.com\/de\/wp-json\/wp\/v2\/comments?post=2250"}],"wp:featuredmedia":[{"embeddable":true,"href":"https:\/\/terra-antica.com\/de\/wp-json\/wp\/v2\/media\/2255"}],"wp:attachment":[{"href":"https:\/\/terra-antica.com\/de\/wp-json\/wp\/v2\/media?parent=2250"}],"wp:term":[{"taxonomy":"product_brand","embeddable":true,"href":"https:\/\/terra-antica.com\/de\/wp-json\/wp\/v2\/product_brand?post=2250"},{"taxonomy":"product_cat","embeddable":true,"href":"https:\/\/terra-antica.com\/de\/wp-json\/wp\/v2\/product_cat?post=2250"},{"taxonomy":"product_tag","embeddable":true,"href":"https:\/\/terra-antica.com\/de\/wp-json\/wp\/v2\/product_tag?post=2250"}],"curies":[{"name":"wp","href":"https:\/\/api.w.org\/{rel}","templated":true}]}}