{"id":1976,"date":"2024-07-09T18:20:53","date_gmt":"2024-07-09T16:20:53","guid":{"rendered":"https:\/\/terra-antica.com\/product\/perla\/"},"modified":"2025-06-23T14:49:54","modified_gmt":"2025-06-23T12:49:54","slug":"perla","status":"publish","type":"product","link":"https:\/\/terra-antica.com\/de\/produkt\/perla\/","title":{"rendered":"Perla"},"content":{"rendered":"<section class=\"l-section wpb_row height_auto width_full\"><div class=\"l-section-h i-cf\"><div class=\"g-cols vc_row via_grid cols_1 laptops-cols_inherit tablets-cols_inherit mobiles-cols_1 valign_top type_default stacking_default\"><div class=\"wpb_column vc_column_container\"><div class=\"vc_column-inner\"><div class=\"wpb_text_column\"><div class=\"wpb_wrapper\"><p>Entstanden durch ein Forschungsprojekt in Zusammenarbeit mit einem bedeutenden Unternehmen aus Treviso, ist unser Prosecco DOC Perla perfekt f\u00fcr die Begleitung von Fischgerichten, Aperitifs, Desserts und Geb\u00e4ck geeignet. <span>Er ist ideal f\u00fcr besondere Anl\u00e4sse, um festlich anzusto\u00dfen und ein Jubil\u00e4um auf spritzige Weise zu feiern.<\/span><\/p>\n<p>Eine Flasche Prosecco DOC Perla von Terra Antica in Ihrem Weinkeller ist der Garant daf\u00fcr, dass Sie immer bereit sind, G\u00e4ste feierlich zu begr\u00fc\u00dfen und sie mit der Verkostung eines feinen italienischen Weins zu erfreuen.<\/p>\n<\/div><\/div><\/div><\/div><\/div><\/div><\/section>\n<details style=\"font-size: 0.9em; margin-top: 1em;\">\n<summary><strong>Produktinformationen<\/strong><\/summary>\n<p>\n    \u2022 Alkoholgehalt: 11,5\u202f% vol.<br \/>\n    \u2022 Flaschengr\u00f6\u00dfe: 750\u202fml<br \/>\n    \u2022 Enth\u00e4lt Sulfite<br \/>\n    \u2022 Versektet von AVC Srl \u2013 Farra di Soligo (TV)<br \/>\n    \u2022 Region: Venetien<br \/>\n    \u2022 Rebsorte: 100 % Glera<br \/>\n    \u2022 Flasche: GL 71 Glas (getrennte Abfallsammlung)<br \/>\n    \u2022 Kapsel: C\/ALU 90 Aluminium (getrennte Abfallsammlung)<br \/>\n    \u2022 Verschluss: FOR 51 Sughane (Bioabfall)<br \/>\n    \u2022 Agraffe: FE 40 Stahl (getrennte Abfallsammlung)\n  <\/p>\n<\/details>\n","protected":false},"excerpt":{"rendered":"<p>Prosecco DOC Treviso Biologico<\/p>\n","protected":false},"featured_media":1977,"comment_status":"open","ping_status":"closed","template":"","meta":{"_acf_changed":false},"product_brand":[],"product_cat":[67],"product_tag":[],"class_list":{"0":"post-1976","1":"product","2":"type-product","3":"status-publish","4":"has-post-thumbnail","6":"product_cat-prosecco-doc-de","8":"first","9":"instock","10":"shipping-taxable","11":"purchasable","12":"product-type-simple"},"acf":[],"yoast_head":"<!-- This site is optimized with the Yoast SEO plugin v27.3 - https:\/\/yoast.com\/product\/yoast-seo-wordpress\/ -->\n<title>Perla - Terra Antica<\/title>\n<meta name=\"robots\" content=\"index, follow, max-snippet:-1, max-image-preview:large, max-video-preview:-1\" \/>\n<link rel=\"canonical\" href=\"https:\/\/terra-antica.com\/de\/produkt\/perla\/\" \/>\n<meta property=\"og:locale\" content=\"de_DE\" \/>\n<meta property=\"og:type\" content=\"article\" \/>\n<meta property=\"og:title\" content=\"Perla - Terra Antica\" \/>\n<meta property=\"og:description\" content=\"Prosecco DOC Treviso Biologico\" \/>\n<meta property=\"og:url\" content=\"https:\/\/terra-antica.com\/de\/produkt\/perla\/\" \/>\n<meta property=\"og:site_name\" content=\"Terra Antica\" \/>\n<meta property=\"article:modified_time\" content=\"2025-06-23T12:49:54+00:00\" \/>\n<meta property=\"og:image\" content=\"https:\/\/terra-antica.com\/wp-content\/uploads\/2024\/07\/3-mod-low.png\" \/>\n\t<meta property=\"og:image:width\" content=\"354\" \/>\n\t<meta property=\"og:image:height\" content=\"1204\" \/>\n\t<meta property=\"og:image:type\" content=\"image\/png\" \/>\n<meta name=\"twitter:card\" content=\"summary_large_image\" \/>\n<meta name=\"twitter:label1\" content=\"Gesch\u00e4tzte Lesezeit\" \/>\n\t<meta name=\"twitter:data1\" content=\"1\u00a0Minute\" \/>\n<script type=\"application\/ld+json\" class=\"yoast-schema-graph\">{\"@context\":\"https:\\\/\\\/schema.org\",\"@graph\":[{\"@type\":\"WebPage\",\"@id\":\"https:\\\/\\\/terra-antica.com\\\/de\\\/produkt\\\/perla\\\/\",\"url\":\"https:\\\/\\\/terra-antica.com\\\/de\\\/produkt\\\/perla\\\/\",\"name\":\"Perla - Terra Antica\",\"isPartOf\":{\"@id\":\"https:\\\/\\\/terra-antica.com\\\/de\\\/#website\"},\"primaryImageOfPage\":{\"@id\":\"https:\\\/\\\/terra-antica.com\\\/de\\\/produkt\\\/perla\\\/#primaryimage\"},\"image\":{\"@id\":\"https:\\\/\\\/terra-antica.com\\\/de\\\/produkt\\\/perla\\\/#primaryimage\"},\"thumbnailUrl\":\"https:\\\/\\\/terra-antica.com\\\/wp-content\\\/uploads\\\/2024\\\/07\\\/3-mod-low.png\",\"datePublished\":\"2024-07-09T16:20:53+00:00\",\"dateModified\":\"2025-06-23T12:49:54+00:00\",\"breadcrumb\":{\"@id\":\"https:\\\/\\\/terra-antica.com\\\/de\\\/produkt\\\/perla\\\/#breadcrumb\"},\"inLanguage\":\"de\",\"potentialAction\":[{\"@type\":\"ReadAction\",\"target\":[\"https:\\\/\\\/terra-antica.com\\\/de\\\/produkt\\\/perla\\\/\"]}]},{\"@type\":\"ImageObject\",\"inLanguage\":\"de\",\"@id\":\"https:\\\/\\\/terra-antica.com\\\/de\\\/produkt\\\/perla\\\/#primaryimage\",\"url\":\"https:\\\/\\\/terra-antica.com\\\/wp-content\\\/uploads\\\/2024\\\/07\\\/3-mod-low.png\",\"contentUrl\":\"https:\\\/\\\/terra-antica.com\\\/wp-content\\\/uploads\\\/2024\\\/07\\\/3-mod-low.png\",\"width\":354,\"height\":1204},{\"@type\":\"BreadcrumbList\",\"@id\":\"https:\\\/\\\/terra-antica.com\\\/de\\\/produkt\\\/perla\\\/#breadcrumb\",\"itemListElement\":[{\"@type\":\"ListItem\",\"position\":1,\"name\":\"Home\",\"item\":\"https:\\\/\\\/terra-antica.com\\\/de\\\/home\\\/\"},{\"@type\":\"ListItem\",\"position\":2,\"name\":\"Shop\",\"item\":\"https:\\\/\\\/terra-antica.com\\\/de\\\/geschaeft\\\/\"},{\"@type\":\"ListItem\",\"position\":3,\"name\":\"Perla\"}]},{\"@type\":\"WebSite\",\"@id\":\"https:\\\/\\\/terra-antica.com\\\/de\\\/#website\",\"url\":\"https:\\\/\\\/terra-antica.com\\\/de\\\/\",\"name\":\"Terra Antica\",\"description\":\"Your paradise in the heart of Tuscany\",\"publisher\":{\"@id\":\"https:\\\/\\\/terra-antica.com\\\/de\\\/#organization\"},\"potentialAction\":[{\"@type\":\"SearchAction\",\"target\":{\"@type\":\"EntryPoint\",\"urlTemplate\":\"https:\\\/\\\/terra-antica.com\\\/de\\\/?s={search_term_string}\"},\"query-input\":{\"@type\":\"PropertyValueSpecification\",\"valueRequired\":true,\"valueName\":\"search_term_string\"}}],\"inLanguage\":\"de\"},{\"@type\":\"Organization\",\"@id\":\"https:\\\/\\\/terra-antica.com\\\/de\\\/#organization\",\"name\":\"Terra Antica\",\"url\":\"https:\\\/\\\/terra-antica.com\\\/de\\\/\",\"logo\":{\"@type\":\"ImageObject\",\"inLanguage\":\"de\",\"@id\":\"https:\\\/\\\/terra-antica.com\\\/de\\\/#\\\/schema\\\/logo\\\/image\\\/\",\"url\":\"https:\\\/\\\/terra-antica.com\\\/wp-content\\\/uploads\\\/2024\\\/04\\\/terra-antica-logo-b.png\",\"contentUrl\":\"https:\\\/\\\/terra-antica.com\\\/wp-content\\\/uploads\\\/2024\\\/04\\\/terra-antica-logo-b.png\",\"width\":562,\"height\":199,\"caption\":\"Terra Antica\"},\"image\":{\"@id\":\"https:\\\/\\\/terra-antica.com\\\/de\\\/#\\\/schema\\\/logo\\\/image\\\/\"}}]}<\/script>\n<!-- \/ Yoast SEO plugin. -->","yoast_head_json":{"title":"Perla - Terra Antica","robots":{"index":"index","follow":"follow","max-snippet":"max-snippet:-1","max-image-preview":"max-image-preview:large","max-video-preview":"max-video-preview:-1"},"canonical":"https:\/\/terra-antica.com\/de\/produkt\/perla\/","og_locale":"de_DE","og_type":"article","og_title":"Perla - Terra Antica","og_description":"Prosecco DOC Treviso Biologico","og_url":"https:\/\/terra-antica.com\/de\/produkt\/perla\/","og_site_name":"Terra Antica","article_modified_time":"2025-06-23T12:49:54+00:00","og_image":[{"width":354,"height":1204,"url":"https:\/\/terra-antica.com\/wp-content\/uploads\/2024\/07\/3-mod-low.png","type":"image\/png"}],"twitter_card":"summary_large_image","twitter_misc":{"Gesch\u00e4tzte Lesezeit":"1\u00a0Minute"},"schema":{"@context":"https:\/\/schema.org","@graph":[{"@type":"WebPage","@id":"https:\/\/terra-antica.com\/de\/produkt\/perla\/","url":"https:\/\/terra-antica.com\/de\/produkt\/perla\/","name":"Perla - Terra Antica","isPartOf":{"@id":"https:\/\/terra-antica.com\/de\/#website"},"primaryImageOfPage":{"@id":"https:\/\/terra-antica.com\/de\/produkt\/perla\/#primaryimage"},"image":{"@id":"https:\/\/terra-antica.com\/de\/produkt\/perla\/#primaryimage"},"thumbnailUrl":"https:\/\/terra-antica.com\/wp-content\/uploads\/2024\/07\/3-mod-low.png","datePublished":"2024-07-09T16:20:53+00:00","dateModified":"2025-06-23T12:49:54+00:00","breadcrumb":{"@id":"https:\/\/terra-antica.com\/de\/produkt\/perla\/#breadcrumb"},"inLanguage":"de","potentialAction":[{"@type":"ReadAction","target":["https:\/\/terra-antica.com\/de\/produkt\/perla\/"]}]},{"@type":"ImageObject","inLanguage":"de","@id":"https:\/\/terra-antica.com\/de\/produkt\/perla\/#primaryimage","url":"https:\/\/terra-antica.com\/wp-content\/uploads\/2024\/07\/3-mod-low.png","contentUrl":"https:\/\/terra-antica.com\/wp-content\/uploads\/2024\/07\/3-mod-low.png","width":354,"height":1204},{"@type":"BreadcrumbList","@id":"https:\/\/terra-antica.com\/de\/produkt\/perla\/#breadcrumb","itemListElement":[{"@type":"ListItem","position":1,"name":"Home","item":"https:\/\/terra-antica.com\/de\/home\/"},{"@type":"ListItem","position":2,"name":"Shop","item":"https:\/\/terra-antica.com\/de\/geschaeft\/"},{"@type":"ListItem","position":3,"name":"Perla"}]},{"@type":"WebSite","@id":"https:\/\/terra-antica.com\/de\/#website","url":"https:\/\/terra-antica.com\/de\/","name":"Terra Antica","description":"Your paradise in the heart of Tuscany","publisher":{"@id":"https:\/\/terra-antica.com\/de\/#organization"},"potentialAction":[{"@type":"SearchAction","target":{"@type":"EntryPoint","urlTemplate":"https:\/\/terra-antica.com\/de\/?s={search_term_string}"},"query-input":{"@type":"PropertyValueSpecification","valueRequired":true,"valueName":"search_term_string"}}],"inLanguage":"de"},{"@type":"Organization","@id":"https:\/\/terra-antica.com\/de\/#organization","name":"Terra Antica","url":"https:\/\/terra-antica.com\/de\/","logo":{"@type":"ImageObject","inLanguage":"de","@id":"https:\/\/terra-antica.com\/de\/#\/schema\/logo\/image\/","url":"https:\/\/terra-antica.com\/wp-content\/uploads\/2024\/04\/terra-antica-logo-b.png","contentUrl":"https:\/\/terra-antica.com\/wp-content\/uploads\/2024\/04\/terra-antica-logo-b.png","width":562,"height":199,"caption":"Terra Antica"},"image":{"@id":"https:\/\/terra-antica.com\/de\/#\/schema\/logo\/image\/"}}]}},"_links":{"self":[{"href":"https:\/\/terra-antica.com\/de\/wp-json\/wp\/v2\/product\/1976","targetHints":{"allow":["GET"]}}],"collection":[{"href":"https:\/\/terra-antica.com\/de\/wp-json\/wp\/v2\/product"}],"about":[{"href":"https:\/\/terra-antica.com\/de\/wp-json\/wp\/v2\/types\/product"}],"replies":[{"embeddable":true,"href":"https:\/\/terra-antica.com\/de\/wp-json\/wp\/v2\/comments?post=1976"}],"wp:featuredmedia":[{"embeddable":true,"href":"https:\/\/terra-antica.com\/de\/wp-json\/wp\/v2\/media\/1977"}],"wp:attachment":[{"href":"https:\/\/terra-antica.com\/de\/wp-json\/wp\/v2\/media?parent=1976"}],"wp:term":[{"taxonomy":"product_brand","embeddable":true,"href":"https:\/\/terra-antica.com\/de\/wp-json\/wp\/v2\/product_brand?post=1976"},{"taxonomy":"product_cat","embeddable":true,"href":"https:\/\/terra-antica.com\/de\/wp-json\/wp\/v2\/product_cat?post=1976"},{"taxonomy":"product_tag","embeddable":true,"href":"https:\/\/terra-antica.com\/de\/wp-json\/wp\/v2\/product_tag?post=1976"}],"curies":[{"name":"wp","href":"https:\/\/api.w.org\/{rel}","templated":true}]}}