{"id":2986,"date":"2025-11-27T10:38:31","date_gmt":"2025-11-27T09:38:31","guid":{"rendered":"https:\/\/terra-antica.com\/rueckgabebestimmungen\/"},"modified":"2025-12-04T12:45:34","modified_gmt":"2025-12-04T11:45:34","slug":"widerruf","status":"publish","type":"page","link":"https:\/\/terra-antica.com\/de\/widerruf\/","title":{"rendered":"R\u00fcckgabe- und Widerrufsrecht"},"content":{"rendered":"<section class=\"l-section wpb_row us_custom_efc0ae85 has_text_color height_large\"><div class=\"l-section-h i-cf\"><div class=\"g-cols vc_row via_grid cols_1 laptops-cols_inherit tablets-cols_inherit mobiles-cols_1 valign_middle type_default stacking_default\"><div class=\"wpb_column vc_column_container\"><div class=\"vc_column-inner\"><h2 class=\"w-text grande_2\"><span class=\"w-text-h\"><span class=\"w-text-value\">R\u00fcckgabe- und Widerrufsrecht \u2013 Terra Antica<\/span><\/span><\/h2><div class=\"wpb_text_column\"><div class=\"wpb_wrapper\"><p class=\"p1\">Sie k\u00f6nnen innerhalb von 14 Tagen ab Erhalt Ihrer Bestellung aus beliebigem Grund eine R\u00fcckgabe beantragen.<\/p>\n<p class=\"p1\">Sie m\u00fcssen keinen Grund angeben, und es werden keine Geb\u00fchren erhoben, gem\u00e4\u00df den EU-Verbraucherschutzbestimmungen.<\/p>\n<p class=\"p1\">Um Ihr Widerrufsrecht auszu\u00fcben, gehen Sie bitte wie folgt vor:<\/p>\n<p>&nbsp;<\/p>\n<ol start=\"1\">\n<li>\n<p class=\"p1\">Senden Sie uns eine schriftliche Mitteilung per E-Mail an:<\/p>\n<p class=\"p1\"><b>info@terra-antica.com<\/b><b><\/b><\/p>\n<p class=\"p2\">Bitte geben Sie Ihre Bestellnummer sowie die Produkte an, die Sie zur\u00fccksenden m\u00f6chten.<\/p>\n<\/li>\n<li>\n<p class=\"p1\">Versenden Sie die Produkte innerhalb von 14 Werktagen nach Ihrer E-Mail-Benachrichtigung an die folgende Adresse:<\/p>\n<\/li>\n<\/ol>\n<p>&nbsp;<\/p>\n<p class=\"p4\"><b>Terra Antica Srl.<\/b><\/p>\n<p class=\"p4\"><b>Via Sanguineto, 3 \u2013 Frazione Acquaviva<\/b><\/p>\n<p class=\"p4\"><b>53045 Montepulciano (SI) \u2013 Italia<\/b><\/p>\n<p>&nbsp;<\/p>\n<h2><b>R\u00fcckgabebedingungen<\/b><\/h2>\n<ul>\n<li>\n<p class=\"p1\">Die Produkte m\u00fcssen unbenutzt, unge\u00f6ffnet und in ihrer Originalverpackung zur\u00fcckgesendet werden.<\/p>\n<\/li>\n<li>\n<p class=\"p1\">Die R\u00fccksendekosten tr\u00e4gt der Kunde, sofern das Produkt nicht besch\u00e4digt war oder ein Fehler unsererseits vorliegt.<\/p>\n<\/li>\n<li>\n<p class=\"p1\">Sobald wir die retournierten Artikel erhalten und gepr\u00fcft haben, erstatten wir den Betrag innerhalb von 14 Tagen \u00fcber die f\u00fcr die urspr\u00fcngliche Bestellung verwendete Zahlungsmethode.<\/p>\n<\/li>\n<\/ul>\n<h2><b>Besch\u00e4digte oder falsche Produkte<\/b><\/h2>\n<p class=\"p3\">Falls Ihr Paket besch\u00e4digt ankommt oder Sie falsche Artikel erhalten:<\/p>\n<ul>\n<li>\n<p class=\"p1\">Bitte senden Sie Fotos des Problems an info@terra-antica.com.<\/p>\n<\/li>\n<li>\n<p class=\"p1\">Sie erhalten entweder einen Ersatz oder eine vollst\u00e4ndige R\u00fcckerstattung \u2013 f\u00fcr Sie v\u00f6llig kostenlos.<\/p>\n<\/li>\n<\/ul>\n<\/div><\/div><div class=\"w-separator size_medium\"><\/div><\/div><\/div><\/div><\/div><\/section>\n","protected":false},"excerpt":{"rendered":"R\u00fcckgabe- und Widerrufsrecht \u2013 Terra AnticaSie k\u00f6nnen innerhalb von 14 Tagen ab Erhalt Ihrer Bestellung aus beliebigem Grund eine R\u00fcckgabe beantragen. Sie m\u00fcssen keinen Grund angeben, und es werden keine Geb\u00fchren erhoben, gem\u00e4\u00df den EU-Verbraucherschutzbestimmungen. Um Ihr Widerrufsrecht auszu\u00fcben, gehen Sie bitte wie folgt vor: &nbsp; Senden Sie uns eine schriftliche Mitteilung per E-Mail an:...","protected":false},"author":5,"featured_media":1769,"parent":0,"menu_order":0,"comment_status":"closed","ping_status":"closed","template":"","meta":{"_acf_changed":false,"footnotes":""},"class_list":["post-2986","page","type-page","status-publish","has-post-thumbnail","hentry"],"acf":[],"yoast_head":"<!-- This site is optimized with the Yoast SEO plugin v27.3 - https:\/\/yoast.com\/product\/yoast-seo-wordpress\/ -->\n<title>R\u00fcckgabe- und Widerrufsrecht - Terra Antica<\/title>\n<meta name=\"robots\" content=\"index, follow, max-snippet:-1, max-image-preview:large, max-video-preview:-1\" \/>\n<link rel=\"canonical\" href=\"https:\/\/terra-antica.com\/de\/widerruf\/\" \/>\n<meta property=\"og:locale\" content=\"de_DE\" \/>\n<meta property=\"og:type\" content=\"article\" \/>\n<meta property=\"og:title\" content=\"R\u00fcckgabe- und Widerrufsrecht - Terra Antica\" \/>\n<meta property=\"og:url\" content=\"https:\/\/terra-antica.com\/de\/widerruf\/\" \/>\n<meta property=\"og:site_name\" content=\"Terra Antica\" \/>\n<meta property=\"article:modified_time\" content=\"2025-12-04T11:45:34+00:00\" \/>\n<meta property=\"og:image\" content=\"https:\/\/terra-antica.com\/wp-content\/uploads\/2024\/04\/wine-club.jpg\" \/>\n\t<meta property=\"og:image:width\" content=\"1920\" \/>\n\t<meta property=\"og:image:height\" content=\"711\" \/>\n\t<meta property=\"og:image:type\" content=\"image\/jpeg\" \/>\n<meta name=\"twitter:card\" content=\"summary_large_image\" \/>\n<meta name=\"twitter:label1\" content=\"Gesch\u00e4tzte Lesezeit\" \/>\n\t<meta name=\"twitter:data1\" content=\"2\u00a0Minuten\" \/>\n<script type=\"application\/ld+json\" class=\"yoast-schema-graph\">{\"@context\":\"https:\\\/\\\/schema.org\",\"@graph\":[{\"@type\":\"WebPage\",\"@id\":\"https:\\\/\\\/terra-antica.com\\\/de\\\/widerruf\\\/\",\"url\":\"https:\\\/\\\/terra-antica.com\\\/de\\\/widerruf\\\/\",\"name\":\"R\u00fcckgabe- und Widerrufsrecht - Terra Antica\",\"isPartOf\":{\"@id\":\"https:\\\/\\\/terra-antica.com\\\/de\\\/#website\"},\"primaryImageOfPage\":{\"@id\":\"https:\\\/\\\/terra-antica.com\\\/de\\\/widerruf\\\/#primaryimage\"},\"image\":{\"@id\":\"https:\\\/\\\/terra-antica.com\\\/de\\\/widerruf\\\/#primaryimage\"},\"thumbnailUrl\":\"https:\\\/\\\/terra-antica.com\\\/wp-content\\\/uploads\\\/2024\\\/04\\\/wine-club.jpg\",\"datePublished\":\"2025-11-27T09:38:31+00:00\",\"dateModified\":\"2025-12-04T11:45:34+00:00\",\"breadcrumb\":{\"@id\":\"https:\\\/\\\/terra-antica.com\\\/de\\\/widerruf\\\/#breadcrumb\"},\"inLanguage\":\"de\",\"potentialAction\":[{\"@type\":\"ReadAction\",\"target\":[\"https:\\\/\\\/terra-antica.com\\\/de\\\/widerruf\\\/\"]}]},{\"@type\":\"ImageObject\",\"inLanguage\":\"de\",\"@id\":\"https:\\\/\\\/terra-antica.com\\\/de\\\/widerruf\\\/#primaryimage\",\"url\":\"https:\\\/\\\/terra-antica.com\\\/wp-content\\\/uploads\\\/2024\\\/04\\\/wine-club.jpg\",\"contentUrl\":\"https:\\\/\\\/terra-antica.com\\\/wp-content\\\/uploads\\\/2024\\\/04\\\/wine-club.jpg\",\"width\":1920,\"height\":711},{\"@type\":\"BreadcrumbList\",\"@id\":\"https:\\\/\\\/terra-antica.com\\\/de\\\/widerruf\\\/#breadcrumb\",\"itemListElement\":[{\"@type\":\"ListItem\",\"position\":1,\"name\":\"Home\",\"item\":\"https:\\\/\\\/terra-antica.com\\\/de\\\/home\\\/\"},{\"@type\":\"ListItem\",\"position\":2,\"name\":\"R\u00fcckgabe- und Widerrufsrecht\"}]},{\"@type\":\"WebSite\",\"@id\":\"https:\\\/\\\/terra-antica.com\\\/de\\\/#website\",\"url\":\"https:\\\/\\\/terra-antica.com\\\/de\\\/\",\"name\":\"Terra Antica\",\"description\":\"Your paradise in the heart of Tuscany\",\"publisher\":{\"@id\":\"https:\\\/\\\/terra-antica.com\\\/de\\\/#organization\"},\"potentialAction\":[{\"@type\":\"SearchAction\",\"target\":{\"@type\":\"EntryPoint\",\"urlTemplate\":\"https:\\\/\\\/terra-antica.com\\\/de\\\/?s={search_term_string}\"},\"query-input\":{\"@type\":\"PropertyValueSpecification\",\"valueRequired\":true,\"valueName\":\"search_term_string\"}}],\"inLanguage\":\"de\"},{\"@type\":\"Organization\",\"@id\":\"https:\\\/\\\/terra-antica.com\\\/de\\\/#organization\",\"name\":\"Terra Antica\",\"url\":\"https:\\\/\\\/terra-antica.com\\\/de\\\/\",\"logo\":{\"@type\":\"ImageObject\",\"inLanguage\":\"de\",\"@id\":\"https:\\\/\\\/terra-antica.com\\\/de\\\/#\\\/schema\\\/logo\\\/image\\\/\",\"url\":\"https:\\\/\\\/terra-antica.com\\\/wp-content\\\/uploads\\\/2024\\\/04\\\/terra-antica-logo-b.png\",\"contentUrl\":\"https:\\\/\\\/terra-antica.com\\\/wp-content\\\/uploads\\\/2024\\\/04\\\/terra-antica-logo-b.png\",\"width\":562,\"height\":199,\"caption\":\"Terra Antica\"},\"image\":{\"@id\":\"https:\\\/\\\/terra-antica.com\\\/de\\\/#\\\/schema\\\/logo\\\/image\\\/\"}}]}<\/script>\n<!-- \/ Yoast SEO plugin. -->","yoast_head_json":{"title":"R\u00fcckgabe- und Widerrufsrecht - Terra Antica","robots":{"index":"index","follow":"follow","max-snippet":"max-snippet:-1","max-image-preview":"max-image-preview:large","max-video-preview":"max-video-preview:-1"},"canonical":"https:\/\/terra-antica.com\/de\/widerruf\/","og_locale":"de_DE","og_type":"article","og_title":"R\u00fcckgabe- und Widerrufsrecht - Terra Antica","og_url":"https:\/\/terra-antica.com\/de\/widerruf\/","og_site_name":"Terra Antica","article_modified_time":"2025-12-04T11:45:34+00:00","og_image":[{"width":1920,"height":711,"url":"https:\/\/terra-antica.com\/wp-content\/uploads\/2024\/04\/wine-club.jpg","type":"image\/jpeg"}],"twitter_card":"summary_large_image","twitter_misc":{"Gesch\u00e4tzte Lesezeit":"2\u00a0Minuten"},"schema":{"@context":"https:\/\/schema.org","@graph":[{"@type":"WebPage","@id":"https:\/\/terra-antica.com\/de\/widerruf\/","url":"https:\/\/terra-antica.com\/de\/widerruf\/","name":"R\u00fcckgabe- und Widerrufsrecht - Terra Antica","isPartOf":{"@id":"https:\/\/terra-antica.com\/de\/#website"},"primaryImageOfPage":{"@id":"https:\/\/terra-antica.com\/de\/widerruf\/#primaryimage"},"image":{"@id":"https:\/\/terra-antica.com\/de\/widerruf\/#primaryimage"},"thumbnailUrl":"https:\/\/terra-antica.com\/wp-content\/uploads\/2024\/04\/wine-club.jpg","datePublished":"2025-11-27T09:38:31+00:00","dateModified":"2025-12-04T11:45:34+00:00","breadcrumb":{"@id":"https:\/\/terra-antica.com\/de\/widerruf\/#breadcrumb"},"inLanguage":"de","potentialAction":[{"@type":"ReadAction","target":["https:\/\/terra-antica.com\/de\/widerruf\/"]}]},{"@type":"ImageObject","inLanguage":"de","@id":"https:\/\/terra-antica.com\/de\/widerruf\/#primaryimage","url":"https:\/\/terra-antica.com\/wp-content\/uploads\/2024\/04\/wine-club.jpg","contentUrl":"https:\/\/terra-antica.com\/wp-content\/uploads\/2024\/04\/wine-club.jpg","width":1920,"height":711},{"@type":"BreadcrumbList","@id":"https:\/\/terra-antica.com\/de\/widerruf\/#breadcrumb","itemListElement":[{"@type":"ListItem","position":1,"name":"Home","item":"https:\/\/terra-antica.com\/de\/home\/"},{"@type":"ListItem","position":2,"name":"R\u00fcckgabe- und Widerrufsrecht"}]},{"@type":"WebSite","@id":"https:\/\/terra-antica.com\/de\/#website","url":"https:\/\/terra-antica.com\/de\/","name":"Terra Antica","description":"Your paradise in the heart of Tuscany","publisher":{"@id":"https:\/\/terra-antica.com\/de\/#organization"},"potentialAction":[{"@type":"SearchAction","target":{"@type":"EntryPoint","urlTemplate":"https:\/\/terra-antica.com\/de\/?s={search_term_string}"},"query-input":{"@type":"PropertyValueSpecification","valueRequired":true,"valueName":"search_term_string"}}],"inLanguage":"de"},{"@type":"Organization","@id":"https:\/\/terra-antica.com\/de\/#organization","name":"Terra Antica","url":"https:\/\/terra-antica.com\/de\/","logo":{"@type":"ImageObject","inLanguage":"de","@id":"https:\/\/terra-antica.com\/de\/#\/schema\/logo\/image\/","url":"https:\/\/terra-antica.com\/wp-content\/uploads\/2024\/04\/terra-antica-logo-b.png","contentUrl":"https:\/\/terra-antica.com\/wp-content\/uploads\/2024\/04\/terra-antica-logo-b.png","width":562,"height":199,"caption":"Terra Antica"},"image":{"@id":"https:\/\/terra-antica.com\/de\/#\/schema\/logo\/image\/"}}]}},"_links":{"self":[{"href":"https:\/\/terra-antica.com\/de\/wp-json\/wp\/v2\/pages\/2986","targetHints":{"allow":["GET"]}}],"collection":[{"href":"https:\/\/terra-antica.com\/de\/wp-json\/wp\/v2\/pages"}],"about":[{"href":"https:\/\/terra-antica.com\/de\/wp-json\/wp\/v2\/types\/page"}],"author":[{"embeddable":true,"href":"https:\/\/terra-antica.com\/de\/wp-json\/wp\/v2\/users\/5"}],"replies":[{"embeddable":true,"href":"https:\/\/terra-antica.com\/de\/wp-json\/wp\/v2\/comments?post=2986"}],"version-history":[{"count":5,"href":"https:\/\/terra-antica.com\/de\/wp-json\/wp\/v2\/pages\/2986\/revisions"}],"predecessor-version":[{"id":2991,"href":"https:\/\/terra-antica.com\/de\/wp-json\/wp\/v2\/pages\/2986\/revisions\/2991"}],"wp:featuredmedia":[{"embeddable":true,"href":"https:\/\/terra-antica.com\/de\/wp-json\/wp\/v2\/media\/1769"}],"wp:attachment":[{"href":"https:\/\/terra-antica.com\/de\/wp-json\/wp\/v2\/media?parent=2986"}],"curies":[{"name":"wp","href":"https:\/\/api.w.org\/{rel}","templated":true}]}}