{"id":1748,"date":"2024-04-19T14:52:57","date_gmt":"2024-04-19T12:52:57","guid":{"rendered":"https:\/\/terra-antica.com\/aufenthalte\/"},"modified":"2024-11-07T12:56:12","modified_gmt":"2024-11-07T11:56:12","slug":"aufenthalte","status":"publish","type":"page","link":"https:\/\/terra-antica.com\/de\/aufenthalte\/","title":{"rendered":"Resorts"},"content":{"rendered":"<section class=\"l-section wpb_row us_custom_123a346c height_medium full_height valign_center with_img parallax_fixed\"><div class=\"l-section-img\" role=\"img\" data-img-width=\"1920\" data-img-height=\"711\" style=\"background-image: url(https:\/\/terra-antica.com\/wp-content\/uploads\/2024\/05\/terra-antica-stays2.jpg);background-repeat: no-repeat;\"><\/div><div class=\"l-section-overlay\" style=\"background:rgba(0,0,0,0.20)\"><\/div><div class=\"l-section-h i-cf\"><div class=\"g-cols vc_row via_grid cols_1 laptops-cols_inherit tablets-cols_inherit mobiles-cols_1 valign_top type_default stacking_default\"><div class=\"wpb_column vc_column_container\"><div class=\"vc_column-inner\"><h1 class=\"w-text us_custom_e22d6cb6 grande_1\"><span class=\"w-text-h\"><span class=\"w-text-value\">Resorts<\/span><\/span><\/h1><h6 class=\"w-text us_custom_eb849559\"><span class=\"w-text-h\"><span class=\"w-text-value\">Ihr Paradies im Herzen der Toskana<\/span><\/span><\/h6><\/div><\/div><\/div><\/div><\/section><section class=\"l-section wpb_row us_custom_fecabb65 height_huge\"><div class=\"l-section-h i-cf\"><div class=\"g-cols vc_row via_grid cols_1 laptops-cols_inherit tablets-cols_inherit mobiles-cols_1 valign_top type_default stacking_default\"><div class=\"wpb_column vc_column_container\"><div class=\"vc_column-inner\"><div class=\"g-cols wpb_row via_grid cols_2 laptops-cols_inherit tablets-cols_1 mobiles-cols_1 valign_top type_default stacking_default\" style=\"--gap:3rem;\"><div class=\"wpb_column vc_column_container us_custom_5ee97e6d\"><div class=\"vc_column-inner\"><div class=\"w-image us_custom_33f8c35e has_ratio align_none\"><div class=\"w-image-h\"><div style=\"padding-bottom:100%\"><\/div><img decoding=\"async\" width=\"1539\" height=\"1026\" src=\"https:\/\/terra-antica.com\/wp-content\/uploads\/2024\/05\/terra-antica-low.jpg\" class=\"attachment-full size-full\" alt=\"\" loading=\"lazy\" srcset=\"https:\/\/terra-antica.com\/wp-content\/uploads\/2024\/05\/terra-antica-low.jpg 1539w, https:\/\/terra-antica.com\/wp-content\/uploads\/2024\/05\/terra-antica-low-300x200.jpg 300w, https:\/\/terra-antica.com\/wp-content\/uploads\/2024\/05\/terra-antica-low-600x400.jpg 600w, https:\/\/terra-antica.com\/wp-content\/uploads\/2024\/05\/terra-antica-low-1024x683.jpg 1024w\" sizes=\"auto, (max-width: 1539px) 100vw, 1539px\" \/><\/div><\/div><div class=\"w-hwrapper us_custom_c9709543 valign_middle align_justify\" style=\"--hwrapper-gap:1rem\"><div class=\"wpb_text_column spazio\"><div class=\"wpb_wrapper\"><h2>Terra Antica<\/h2>\n<h3>Resort<\/h3>\n<\/div><\/div><div class=\"w-btn-wrapper align_none hide_on_mobiles\"><a class=\"w-btn us-btn-style_1 icon_atright\" href=\"\/terra-antica-resort\"><span class=\"w-btn-label\">Entdecken<\/span><i class=\"fal fa-arrow-right\"><\/i><\/a><\/div><\/div><div class=\"wpb_text_column us_custom_e874aa2b\"><div class=\"wpb_wrapper\"><p>In ein traumhaftes Panorama eingebettet, umgeben von Weinbergen, die bis zum Horizont reichen, befinden sich unsere umweltfreundlichen Suiten, die mit den ausgefeiltesten Bio-Materialien gebaut und geschaffen wurden, um die Entspannung und Privatsph\u00e4re der G\u00e4ste zu etwas Besonderem zu machen. Sie sorgen f\u00fcr einen perfekten Aufenthalt f\u00fcr alle, die sich vom Alltagsstress ablenken m\u00f6chten.<\/p>\n<div class=\"mobile\"><a class=\"w-btn us-btn-style_1 icon_atright\" href=\"\/terra-antica-resort\"><span class=\"w-btn-label\">Entdecken<\/span><i class=\"fal fa-arrow-right\"><\/i><\/a><\/div>\n<\/div><\/div><\/div><\/div><div class=\"wpb_column vc_column_container us_custom_7747a2d2\"><div class=\"vc_column-inner\"><div class=\"w-image us_custom_33f8c35e has_ratio align_none\"><div class=\"w-image-h\"><div style=\"padding-bottom:100%\"><\/div><img decoding=\"async\" width=\"657\" height=\"653\" src=\"https:\/\/terra-antica.com\/wp-content\/uploads\/2024\/05\/terra-antica-stays1.png\" class=\"attachment-full size-full\" alt=\"\" loading=\"lazy\" srcset=\"https:\/\/terra-antica.com\/wp-content\/uploads\/2024\/05\/terra-antica-stays1.png 657w, https:\/\/terra-antica.com\/wp-content\/uploads\/2024\/05\/terra-antica-stays1-300x298.png 300w, https:\/\/terra-antica.com\/wp-content\/uploads\/2024\/05\/terra-antica-stays1-150x150.png 150w, https:\/\/terra-antica.com\/wp-content\/uploads\/2024\/05\/terra-antica-stays1-600x596.png 600w\" sizes=\"auto, (max-width: 657px) 100vw, 657px\" \/><\/div><\/div><div class=\"w-hwrapper us_custom_c9709543 valign_middle align_justify\" style=\"--hwrapper-gap:1rem\"><div class=\"wpb_text_column spazio\"><div class=\"wpb_wrapper\"><h2>Tuscany Living<\/h2>\n<h3>Resort<\/h3>\n<\/div><\/div><div class=\"w-btn-wrapper align_none hide_on_mobiles\"><a class=\"w-btn us-btn-style_1 icon_atright\" href=\"https:\/\/terra-antica.com\/de\/aufenthalte\/tuscany-living-resort\/\"><span class=\"w-btn-label\">Entdecken<\/span><i class=\"fal fa-arrow-right\"><\/i><\/a><\/div><\/div><div class=\"wpb_text_column us_custom_e874aa2b\"><div class=\"wpb_wrapper\"><p>Nur 1,5 km von dem Terra Antica Resort entfernt, liegt die andere Seele des Anwesens: noch mehr inspiriert von der Unabh\u00e4ngigkeit und dem Traum eines toskanischen Urlaubs mit den Annehmlichkeiten Ihres eigenen Zuhauses. Die Suiten vom &#8222;Tuscany Living Resort&#8220; sind im Zeichen des Komforts und der Eleganz eingerichtet und bieten Zugang zu exklusiven Services. <\/p>\n<div class=\"mobile\"><a class=\"w-btn us-btn-style_1 icon_atright\" href=\"https:\/\/terra-antica.com\/de\/aufenthalte\/tuscany-living-resort\/\"><span class=\"w-btn-label\">Entdecken<\/span><i class=\"fal fa-arrow-right\"><\/i><\/a><\/div>\n<\/div><\/div><\/div><\/div><\/div><div class=\"g-cols wpb_row cont-scritte via_grid cols_1 laptops-cols_inherit tablets-cols_inherit mobiles-cols_1 valign_top type_default stacking_default\" style=\"--gap:3rem;\"><div class=\"wpb_column vc_column_container\"><div class=\"vc_column-inner\"><div class=\"w-vwrapper involucro-scritte align_left valign_middle\" style=\"--vwrapper-gap:0rem\"><h1 class=\"w-text us_custom_0e566114 has_text_color\"><span class=\"w-text-h\"><span class=\"w-text-value\">Terra Antica<\/span><\/span><\/h1><h2 class=\"w-text us_custom_9098c3de has_text_color\"><span class=\"w-text-h\"><span class=\"w-text-value\">Entdecken Sie unsere Resorts<\/span><\/span><\/h2><\/div><\/div><\/div><\/div><\/div><\/div><\/div><\/div><\/section><section class=\"l-section wpb_row us_custom_74e2e327 has_text_color height_medium\"><div class=\"l-section-h i-cf\"><div class=\"g-cols vc_row via_grid cols_1 laptops-cols_inherit tablets-cols_inherit mobiles-cols_1 valign_top type_default stacking_default\"><div class=\"wpb_column vc_column_container\"><div class=\"vc_column-inner\"><h3 class=\"w-text grande_2\"><span class=\"w-text-h\"><span class=\"w-text-value\">Jeder kann unser Land erleben. Entdecken Sie das schlagende Herz der Toskana mit uns. <\/span><\/span><\/h3><\/div><\/div><\/div><\/div><\/section>\n","protected":false},"excerpt":{"rendered":"ResortsIhr Paradies im Herzen der ToskanaTerra Antica Resort EntdeckenIn ein traumhaftes Panorama eingebettet, umgeben von Weinbergen, die bis zum Horizont reichen, befinden sich unsere umweltfreundlichen Suiten, die mit den ausgefeiltesten Bio-Materialien gebaut und geschaffen wurden, um die Entspannung und Privatsph\u00e4re der G\u00e4ste zu etwas Besonderem zu machen. Sie sorgen f\u00fcr einen perfekten Aufenthalt f\u00fcr alle,...","protected":false},"author":1,"featured_media":1751,"parent":0,"menu_order":0,"comment_status":"closed","ping_status":"closed","template":"","meta":{"_acf_changed":false,"footnotes":""},"class_list":["post-1748","page","type-page","status-publish","has-post-thumbnail","hentry"],"acf":[],"yoast_head":"<!-- This site is optimized with the Yoast SEO plugin v27.3 - https:\/\/yoast.com\/product\/yoast-seo-wordpress\/ -->\n<title>Resorts - Terra Antica<\/title>\n<meta name=\"robots\" content=\"index, follow, max-snippet:-1, max-image-preview:large, max-video-preview:-1\" \/>\n<link rel=\"canonical\" href=\"https:\/\/terra-antica.com\/de\/aufenthalte\/\" \/>\n<meta property=\"og:locale\" content=\"de_DE\" \/>\n<meta property=\"og:type\" content=\"article\" \/>\n<meta property=\"og:title\" content=\"Resorts - Terra Antica\" \/>\n<meta property=\"og:url\" content=\"https:\/\/terra-antica.com\/de\/aufenthalte\/\" \/>\n<meta property=\"og:site_name\" content=\"Terra Antica\" \/>\n<meta property=\"article:modified_time\" content=\"2024-11-07T11:56:12+00:00\" \/>\n<meta property=\"og:image\" content=\"https:\/\/terra-antica.com\/wp-content\/uploads\/2024\/05\/terra-antica-stays2.jpg\" \/>\n\t<meta property=\"og:image:width\" content=\"1920\" \/>\n\t<meta property=\"og:image:height\" content=\"711\" \/>\n\t<meta property=\"og:image:type\" content=\"image\/jpeg\" \/>\n<meta name=\"twitter:card\" content=\"summary_large_image\" \/>\n<meta name=\"twitter:label1\" content=\"Gesch\u00e4tzte Lesezeit\" \/>\n\t<meta name=\"twitter:data1\" content=\"4\u00a0Minuten\" \/>\n<script type=\"application\/ld+json\" class=\"yoast-schema-graph\">{\"@context\":\"https:\\\/\\\/schema.org\",\"@graph\":[{\"@type\":\"WebPage\",\"@id\":\"https:\\\/\\\/terra-antica.com\\\/de\\\/aufenthalte\\\/\",\"url\":\"https:\\\/\\\/terra-antica.com\\\/de\\\/aufenthalte\\\/\",\"name\":\"Resorts - Terra Antica\",\"isPartOf\":{\"@id\":\"https:\\\/\\\/terra-antica.com\\\/de\\\/#website\"},\"primaryImageOfPage\":{\"@id\":\"https:\\\/\\\/terra-antica.com\\\/de\\\/aufenthalte\\\/#primaryimage\"},\"image\":{\"@id\":\"https:\\\/\\\/terra-antica.com\\\/de\\\/aufenthalte\\\/#primaryimage\"},\"thumbnailUrl\":\"https:\\\/\\\/terra-antica.com\\\/wp-content\\\/uploads\\\/2024\\\/05\\\/terra-antica-stays2.jpg\",\"datePublished\":\"2024-04-19T12:52:57+00:00\",\"dateModified\":\"2024-11-07T11:56:12+00:00\",\"breadcrumb\":{\"@id\":\"https:\\\/\\\/terra-antica.com\\\/de\\\/aufenthalte\\\/#breadcrumb\"},\"inLanguage\":\"de\",\"potentialAction\":[{\"@type\":\"ReadAction\",\"target\":[\"https:\\\/\\\/terra-antica.com\\\/de\\\/aufenthalte\\\/\"]}]},{\"@type\":\"ImageObject\",\"inLanguage\":\"de\",\"@id\":\"https:\\\/\\\/terra-antica.com\\\/de\\\/aufenthalte\\\/#primaryimage\",\"url\":\"https:\\\/\\\/terra-antica.com\\\/wp-content\\\/uploads\\\/2024\\\/05\\\/terra-antica-stays2.jpg\",\"contentUrl\":\"https:\\\/\\\/terra-antica.com\\\/wp-content\\\/uploads\\\/2024\\\/05\\\/terra-antica-stays2.jpg\",\"width\":1920,\"height\":711},{\"@type\":\"BreadcrumbList\",\"@id\":\"https:\\\/\\\/terra-antica.com\\\/de\\\/aufenthalte\\\/#breadcrumb\",\"itemListElement\":[{\"@type\":\"ListItem\",\"position\":1,\"name\":\"Home\",\"item\":\"https:\\\/\\\/terra-antica.com\\\/de\\\/home\\\/\"},{\"@type\":\"ListItem\",\"position\":2,\"name\":\"Resorts\"}]},{\"@type\":\"WebSite\",\"@id\":\"https:\\\/\\\/terra-antica.com\\\/de\\\/#website\",\"url\":\"https:\\\/\\\/terra-antica.com\\\/de\\\/\",\"name\":\"Terra Antica\",\"description\":\"Your paradise in the heart of Tuscany\",\"publisher\":{\"@id\":\"https:\\\/\\\/terra-antica.com\\\/de\\\/#organization\"},\"potentialAction\":[{\"@type\":\"SearchAction\",\"target\":{\"@type\":\"EntryPoint\",\"urlTemplate\":\"https:\\\/\\\/terra-antica.com\\\/de\\\/?s={search_term_string}\"},\"query-input\":{\"@type\":\"PropertyValueSpecification\",\"valueRequired\":true,\"valueName\":\"search_term_string\"}}],\"inLanguage\":\"de\"},{\"@type\":\"Organization\",\"@id\":\"https:\\\/\\\/terra-antica.com\\\/de\\\/#organization\",\"name\":\"Terra Antica\",\"url\":\"https:\\\/\\\/terra-antica.com\\\/de\\\/\",\"logo\":{\"@type\":\"ImageObject\",\"inLanguage\":\"de\",\"@id\":\"https:\\\/\\\/terra-antica.com\\\/de\\\/#\\\/schema\\\/logo\\\/image\\\/\",\"url\":\"https:\\\/\\\/terra-antica.com\\\/wp-content\\\/uploads\\\/2024\\\/04\\\/terra-antica-logo-b.png\",\"contentUrl\":\"https:\\\/\\\/terra-antica.com\\\/wp-content\\\/uploads\\\/2024\\\/04\\\/terra-antica-logo-b.png\",\"width\":562,\"height\":199,\"caption\":\"Terra Antica\"},\"image\":{\"@id\":\"https:\\\/\\\/terra-antica.com\\\/de\\\/#\\\/schema\\\/logo\\\/image\\\/\"}}]}<\/script>\n<!-- \/ Yoast SEO plugin. -->","yoast_head_json":{"title":"Resorts - Terra Antica","robots":{"index":"index","follow":"follow","max-snippet":"max-snippet:-1","max-image-preview":"max-image-preview:large","max-video-preview":"max-video-preview:-1"},"canonical":"https:\/\/terra-antica.com\/de\/aufenthalte\/","og_locale":"de_DE","og_type":"article","og_title":"Resorts - Terra Antica","og_url":"https:\/\/terra-antica.com\/de\/aufenthalte\/","og_site_name":"Terra Antica","article_modified_time":"2024-11-07T11:56:12+00:00","og_image":[{"width":1920,"height":711,"url":"https:\/\/terra-antica.com\/wp-content\/uploads\/2024\/05\/terra-antica-stays2.jpg","type":"image\/jpeg"}],"twitter_card":"summary_large_image","twitter_misc":{"Gesch\u00e4tzte Lesezeit":"4\u00a0Minuten"},"schema":{"@context":"https:\/\/schema.org","@graph":[{"@type":"WebPage","@id":"https:\/\/terra-antica.com\/de\/aufenthalte\/","url":"https:\/\/terra-antica.com\/de\/aufenthalte\/","name":"Resorts - Terra Antica","isPartOf":{"@id":"https:\/\/terra-antica.com\/de\/#website"},"primaryImageOfPage":{"@id":"https:\/\/terra-antica.com\/de\/aufenthalte\/#primaryimage"},"image":{"@id":"https:\/\/terra-antica.com\/de\/aufenthalte\/#primaryimage"},"thumbnailUrl":"https:\/\/terra-antica.com\/wp-content\/uploads\/2024\/05\/terra-antica-stays2.jpg","datePublished":"2024-04-19T12:52:57+00:00","dateModified":"2024-11-07T11:56:12+00:00","breadcrumb":{"@id":"https:\/\/terra-antica.com\/de\/aufenthalte\/#breadcrumb"},"inLanguage":"de","potentialAction":[{"@type":"ReadAction","target":["https:\/\/terra-antica.com\/de\/aufenthalte\/"]}]},{"@type":"ImageObject","inLanguage":"de","@id":"https:\/\/terra-antica.com\/de\/aufenthalte\/#primaryimage","url":"https:\/\/terra-antica.com\/wp-content\/uploads\/2024\/05\/terra-antica-stays2.jpg","contentUrl":"https:\/\/terra-antica.com\/wp-content\/uploads\/2024\/05\/terra-antica-stays2.jpg","width":1920,"height":711},{"@type":"BreadcrumbList","@id":"https:\/\/terra-antica.com\/de\/aufenthalte\/#breadcrumb","itemListElement":[{"@type":"ListItem","position":1,"name":"Home","item":"https:\/\/terra-antica.com\/de\/home\/"},{"@type":"ListItem","position":2,"name":"Resorts"}]},{"@type":"WebSite","@id":"https:\/\/terra-antica.com\/de\/#website","url":"https:\/\/terra-antica.com\/de\/","name":"Terra Antica","description":"Your paradise in the heart of Tuscany","publisher":{"@id":"https:\/\/terra-antica.com\/de\/#organization"},"potentialAction":[{"@type":"SearchAction","target":{"@type":"EntryPoint","urlTemplate":"https:\/\/terra-antica.com\/de\/?s={search_term_string}"},"query-input":{"@type":"PropertyValueSpecification","valueRequired":true,"valueName":"search_term_string"}}],"inLanguage":"de"},{"@type":"Organization","@id":"https:\/\/terra-antica.com\/de\/#organization","name":"Terra Antica","url":"https:\/\/terra-antica.com\/de\/","logo":{"@type":"ImageObject","inLanguage":"de","@id":"https:\/\/terra-antica.com\/de\/#\/schema\/logo\/image\/","url":"https:\/\/terra-antica.com\/wp-content\/uploads\/2024\/04\/terra-antica-logo-b.png","contentUrl":"https:\/\/terra-antica.com\/wp-content\/uploads\/2024\/04\/terra-antica-logo-b.png","width":562,"height":199,"caption":"Terra Antica"},"image":{"@id":"https:\/\/terra-antica.com\/de\/#\/schema\/logo\/image\/"}}]}},"_links":{"self":[{"href":"https:\/\/terra-antica.com\/de\/wp-json\/wp\/v2\/pages\/1748","targetHints":{"allow":["GET"]}}],"collection":[{"href":"https:\/\/terra-antica.com\/de\/wp-json\/wp\/v2\/pages"}],"about":[{"href":"https:\/\/terra-antica.com\/de\/wp-json\/wp\/v2\/types\/page"}],"author":[{"embeddable":true,"href":"https:\/\/terra-antica.com\/de\/wp-json\/wp\/v2\/users\/1"}],"replies":[{"embeddable":true,"href":"https:\/\/terra-antica.com\/de\/wp-json\/wp\/v2\/comments?post=1748"}],"version-history":[{"count":0,"href":"https:\/\/terra-antica.com\/de\/wp-json\/wp\/v2\/pages\/1748\/revisions"}],"wp:featuredmedia":[{"embeddable":true,"href":"https:\/\/terra-antica.com\/de\/wp-json\/wp\/v2\/media\/1751"}],"wp:attachment":[{"href":"https:\/\/terra-antica.com\/de\/wp-json\/wp\/v2\/media?parent=1748"}],"curies":[{"name":"wp","href":"https:\/\/api.w.org\/{rel}","templated":true}]}}