{"id":1734,"date":"2024-04-19T13:38:31","date_gmt":"2024-04-19T11:38:31","guid":{"rendered":"https:\/\/terra-antica.com\/produkte\/"},"modified":"2024-11-08T12:51:01","modified_gmt":"2024-11-08T11:51:01","slug":"produkte","status":"publish","type":"page","link":"https:\/\/terra-antica.com\/de\/produkte\/","title":{"rendered":"Produkte"},"content":{"rendered":"<section class=\"l-section wpb_row us_custom_123a346c height_medium full_height valign_center with_img parallax_fixed\"><div class=\"l-section-img\" role=\"img\" data-img-width=\"1920\" data-img-height=\"711\" style=\"background-image: url(https:\/\/terra-antica.com\/wp-content\/uploads\/2024\/04\/prodotti_1.jpg);background-repeat: no-repeat;\"><\/div><div class=\"l-section-overlay\" style=\"background:rgba(0,0,0,0.20)\"><\/div><div class=\"l-section-h i-cf\"><div class=\"g-cols vc_row via_grid cols_1 laptops-cols_inherit tablets-cols_inherit mobiles-cols_1 valign_top type_default stacking_default\"><div class=\"wpb_column vc_column_container\"><div class=\"vc_column-inner\"><h1 class=\"w-text us_custom_e22d6cb6 grande_1\"><span class=\"w-text-h\"><span class=\"w-text-value\">Unsere Produkte<\/span><\/span><\/h1><h6 class=\"w-text us_custom_eb849559\"><span class=\"w-text-h\"><span class=\"w-text-value\">Organisch nach Berufung<\/span><\/span><\/h6><\/div><\/div><\/div><\/div><\/section><section class=\"l-section wpb_row us_custom_c81b5b08 has_text_color height_medium full_height valign_center\"><div class=\"l-section-h i-cf\"><div class=\"g-cols vc_row via_grid cols_2 laptops-cols_inherit tablets-cols_inherit mobiles-cols_1 valign_middle type_default stacking_default\" style=\"--gap:1rem;\"><div class=\"wpb_column vc_column_container\"><div class=\"vc_column-inner\"><h2 class=\"w-text us_custom_2774bef1 grande_2\"><span class=\"w-text-h\"><span class=\"w-text-value\">Organisch nach<br \/>\nBerufung<\/span><\/span><\/h2><h6 class=\"w-text us_custom_2774bef1\"><span class=\"w-text-h\"><span class=\"w-text-value\">\u00d6l- und Weinproduktion<\/span><\/span><\/h6><\/div><\/div><div class=\"wpb_column vc_column_container\"><div class=\"vc_column-inner\"><div class=\"wpb_text_column\"><div class=\"wpb_wrapper\"><p>Entdecken Sie die Kunst der Weinherstellung und des Olivenanbaus im Herzen der Toskana: Besuchen Sie unseren Bereich f\u00fcr die Produktion von Wein und Oliven\u00f6l auf der Terra Antica, wo Tradition und Innovation harmonisch mit der Natur verschmelzen. Entdecken Sie unser Engagement f\u00fcr biologische Praktiken, eine Reise, die den Respekt vor der Erde und die alte Kunst der Verarbeitung ihrer Fr\u00fcchte feiert.<\/p>\n<\/div><\/div><\/div><\/div><\/div><\/div><\/section><section class=\"l-section wpb_row us_custom_0f15877f height_medium full_height valign_center\"><div class=\"l-section-h i-cf\"><div class=\"g-cols vc_row via_grid cols_2 laptops-cols_inherit tablets-cols_inherit mobiles-cols_1 valign_middle type_default stacking_default\" style=\"--gap:1rem;\"><div class=\"wpb_column vc_column_container\"><div class=\"vc_column-inner\"><h2 class=\"w-text us_custom_c539a581 grande_1 has_text_color\"><span class=\"w-text-h\"><span class=\"w-text-value\">Die Weine<\/span><\/span><\/h2><h6 class=\"w-text us_custom_c539a581 has_text_color\"><span class=\"w-text-h\"><span class=\"w-text-value\">Alle sind biologisch zertifiziert.<\/span><\/span><\/h6><\/div><\/div><div class=\"wpb_column vc_column_container\"><div class=\"vc_column-inner\"><div class=\"wpb_text_column us_custom_a574d586 has_text_color\"><div class=\"wpb_wrapper\"><p>Alle produzierten und verkauften Weine sind biologisch. 2018 wurde unser Stahlg\u00e4rungsbereich komplett renoviert, um die Qualit\u00e4t besser zu kontrollieren. Wir haben vor kurzem 10 sehr wichtige Barriques und 10 Tonneaux f\u00fcr den Nobile und den Reserve gekauft.Sangiovese, Merlot und Cabernet sind die &#8222;Edelsteine&#8220; derTerra Antica Weinberge.<\/p>\n<\/div><\/div><\/div><\/div><\/div><\/div><\/section><section class=\"l-section wpb_row us_custom_4bea5260 height_auto\"><div class=\"l-section-h i-cf\"><div class=\"g-cols vc_row via_grid cols_1 laptops-cols_inherit tablets-cols_inherit mobiles-cols_1 valign_top type_default stacking_default\"><div class=\"wpb_column vc_column_container\"><div class=\"vc_column-inner\"><div class=\"g-cols wpb_row us_custom_e9b5329d via_grid cols_1 laptops-cols_inherit tablets-cols_inherit mobiles-cols_1 valign_top type_default stacking_default\" style=\"--gap:3rem;\"><div class=\"wpb_column vc_column_container\"><div class=\"vc_column-inner\"><div class=\"w-separator size_custom\" style=\"height:500px\"><\/div><div class=\"w-btn-wrapper align_none\"><a class=\"w-btn us-btn-style_1 us_custom_01a667ae icon_atright\" href=\"\/shop\"><span class=\"w-btn-label\">Shop<\/span><i class=\"far fa-arrow-right\"><\/i><\/a><\/div><\/div><\/div><\/div><\/div><\/div><\/div><\/div><\/section><section class=\"l-section wpb_row us_custom_3ff6ebef height_auto\"><div class=\"l-section-h i-cf\"><div class=\"g-cols vc_row via_grid cols_2 laptops-cols_inherit tablets-cols_inherit mobiles-cols_1 valign_middle type_default stacking_default\"><div class=\"wpb_column vc_column_container\"><div class=\"vc_column-inner\"><h2 class=\"w-text us_custom_c539a581 grande_2 has_text_color\"><span class=\"w-text-h\"><span class=\"w-text-value\">Die Methode<\/span><\/span><\/h2><div class=\"wpb_text_column us_custom_a574d586 has_text_color\"><div class=\"wpb_wrapper\"><p>Terra Antica ist vollst\u00e4ndig biologisch zertifiziert. Alle produzierten und verkauften Weine sind biologisch. 2018 wurde unser Edelstahlg\u00e4rungsbereich komplett erneuert, um die Qualit\u00e4t besser kontrollieren zu k\u00f6nnen. Wir haben vor kurzem 10 sehr wichtige Barriques und 10 Tonneaux f\u00fcr den Nobile und den Reserve gekauft. Die Weinberge werden w\u00e4hrend des ganzen Jahres sorgf\u00e4ltig gepflegt und kontrolliert: Vom Schnitt bis zur D\u00fcngung, vor allem in den Hochsaisonzeiten, mit streng biologischer Landwirtschaft. Die Trauben werden zwischen September und Oktober von Hand geerntet.<\/p>\n<\/div><\/div><div class=\"w-separator size_small\"><\/div><\/div><\/div><div class=\"wpb_column vc_column_container\"><div class=\"vc_column-inner\"><div class=\"w-image us_custom_7231d2c7 align_none\"><div class=\"w-image-h\"><img decoding=\"async\" width=\"1185\" height=\"1312\" src=\"https:\/\/terra-antica.com\/wp-content\/uploads\/2024\/04\/prodotti-3.jpg\" class=\"attachment-full size-full\" alt=\"\" loading=\"lazy\" srcset=\"https:\/\/terra-antica.com\/wp-content\/uploads\/2024\/04\/prodotti-3.jpg 1185w, https:\/\/terra-antica.com\/wp-content\/uploads\/2024\/04\/prodotti-3-300x332.jpg 300w, https:\/\/terra-antica.com\/wp-content\/uploads\/2024\/04\/prodotti-3-600x664.jpg 600w, https:\/\/terra-antica.com\/wp-content\/uploads\/2024\/04\/prodotti-3-271x300.jpg 271w, https:\/\/terra-antica.com\/wp-content\/uploads\/2024\/04\/prodotti-3-925x1024.jpg 925w\" sizes=\"auto, (max-width: 1185px) 100vw, 1185px\" \/><\/div><\/div><\/div><\/div><\/div><\/div><\/section><section class=\"l-section wpb_row us_custom_c81b5b08 has_text_color height_medium full_height valign_center\"><div class=\"l-section-h i-cf\"><div class=\"g-cols vc_row via_grid cols_1-2 laptops-cols_inherit tablets-cols_inherit mobiles-cols_1 valign_middle type_default stacking_default\" style=\"--gap:1rem;\"><div class=\"wpb_column vc_column_container\"><div class=\"vc_column-inner\"><h2 class=\"w-text grande_2\"><span class=\"w-text-h\"><span class=\"w-text-value\">Zertifizierung<\/span><\/span><\/h2><\/div><\/div><div class=\"wpb_column vc_column_container\"><div class=\"vc_column-inner\"><div class=\"wpb_text_column\"><div class=\"wpb_wrapper\"><p>Die hohe Qualit\u00e4t unserer Weine wird von der italienischen Weinvereinigung, der Handelskammer und dem Consorzio del Vino Nobile di Montepulciano zertifiziert. Unsere Weine durchlaufen bis zur Abf\u00fcllung strenge organoleptische Kontrollen.<\/p>\n<\/div><\/div><\/div><\/div><\/div><\/div><\/section><section class=\"l-section wpb_row us_custom_10407d15 has_text_color height_huge\"><div class=\"l-section-h i-cf\"><div class=\"g-cols vc_row via_grid cols_2 laptops-cols_inherit tablets-cols_inherit mobiles-cols_1 valign_top type_default stacking_default\"><div class=\"wpb_column vc_column_container\"><div class=\"vc_column-inner\"><h2 class=\"w-text us_custom_2774bef1 grande_1\"><span class=\"w-text-h\"><span class=\"w-text-value\">Oliven\u00f6l<\/span><\/span><\/h2><h6 class=\"w-text us_custom_2774bef1\"><span class=\"w-text-h\"><span class=\"w-text-value\">Alle sind biologisch zertifiziert.<\/span><\/span><\/h6><\/div><\/div><div class=\"wpb_column vc_column_container\"><div class=\"vc_column-inner\"><div class=\"wpb_text_column\"><div class=\"wpb_wrapper\"><p>Zwei Hektar unseres Landes sind dem Anbau der einheimischen Olivensorten Frantoio, Moraiolo und Leccino gewidmet. Im November werden die besten Oliven streng von Hand geerntet und rechtzeitig zur \u00d6lm\u00fchle gebracht, um alle ihre Eigenschaften zu bewahren. Dies erm\u00f6glicht es uns auch, alle Chargen zu verfolgen. Die Oliven werden streng kalt gepresst, um unser exquisites biologisches Oliven\u00f6l extra vergine zu produzieren, dessen h\u00f6chste Qualit\u00e4t nach den organoleptischen Parametern der Europ\u00e4ischen Gemeinschaft gemessen wird. Unser Oliven\u00f6l ist keine \u00d6lmischung, sondern ein reines Bio-Produkt ohne Spuren von Agrochemikalien.<\/p>\n<\/div><\/div><\/div><\/div><\/div><\/div><\/section><section class=\"l-section wpb_row height_large\"><div class=\"l-section-h i-cf\"><div class=\"g-cols vc_row via_grid cols_1 laptops-cols_inherit tablets-cols_inherit mobiles-cols_1 valign_top type_default stacking_default\"><div class=\"wpb_column vc_column_container\"><div class=\"vc_column-inner\"><div class=\"g-cols wpb_row us_custom_3be57b18 via_grid cols_1 laptops-cols_inherit tablets-cols_inherit mobiles-cols_1 valign_top type_default stacking_default\" style=\"--gap:3rem;\"><div class=\"wpb_column vc_column_container\"><div class=\"vc_column-inner\"><div class=\"w-separator size_custom\" style=\"height:500px\"><\/div><div class=\"w-btn-wrapper align_none\"><a class=\"w-btn us-btn-style_4 us_custom_01a667ae icon_atright\" href=\"\/shop\"><span class=\"w-btn-label\">Shop<\/span><i class=\"far fa-arrow-right\"><\/i><\/a><\/div><\/div><\/div><\/div><\/div><\/div><\/div><\/div><\/section><section class=\"l-section wpb_row us_custom_68e17c01 has_text_color us_animate_this height_medium\"><div class=\"l-section-h i-cf\"><div class=\"g-cols vc_row via_grid cols_1 laptops-cols_inherit tablets-cols_inherit mobiles-cols_1 valign_top type_default stacking_default\"><div class=\"wpb_column vc_column_container\"><div class=\"vc_column-inner\"><h3 class=\"w-text grande_2\"><span class=\"w-text-h\"><span class=\"w-text-value\">Wo sich Tradition und Innovation harmonisch mit der Natur verbinden.<\/span><\/span><\/h3><\/div><\/div><\/div><\/div><\/section><section class=\"l-section wpb_row us_custom_efc0ae85 has_text_color height_large\"><div class=\"l-section-h i-cf\"><div class=\"g-cols vc_row via_grid cols_1-2 laptops-cols_inherit tablets-cols_inherit mobiles-cols_1 valign_middle type_default reversed stacking_default\"><div class=\"wpb_column vc_column_container\"><div class=\"vc_column-inner\"><h2 class=\"w-text grande_2\"><span class=\"w-text-h\"><span class=\"w-text-value\">Erlebnisse und Verkostungen<\/span><\/span><\/h2><div class=\"wpb_text_column us_custom_3c634c4e\"><div class=\"wpb_wrapper\"><p>Verpassen Sie nicht die Gelegenheit, unseren Weinkeller zu besuchen und unsere Weine zu probieren. Buchen Sie jetzt, und wir schaffen f\u00fcr Sie ein einzigartiges Erlebnis. Sie k\u00f6nnen zwischen verschiedenen Touren w\u00e4hlen.<\/p>\n<\/div><\/div><div class=\"w-separator size_small\"><\/div><div class=\"w-text us_custom_465d2614\"><span class=\"w-text-h\"><span class=\"w-text-value\">Die Touren k\u00f6nnen nach Ihren W\u00fcnschen angepasst werden<\/span><\/span><\/div><div class=\"w-separator size_small\"><\/div><div class=\"w-btn-wrapper align_none\"><a class=\"w-btn us-btn-style_1 icon_atright\" href=\"https:\/\/terra-antica.com\/de\/erfahrungen\/\"><span class=\"w-btn-label\">Mehr erfahren<\/span><i class=\"far fa-arrow-right\"><\/i><\/a><\/div><\/div><\/div><div class=\"wpb_column vc_column_container\"><div class=\"vc_column-inner\"><div class=\"w-image align_none\"><div class=\"w-image-h\"><img decoding=\"async\" width=\"828\" height=\"552\" src=\"https:\/\/terra-antica.com\/wp-content\/uploads\/2024\/04\/prodotti-5.jpg\" class=\"attachment-large size-large\" alt=\"\" loading=\"lazy\" srcset=\"https:\/\/terra-antica.com\/wp-content\/uploads\/2024\/04\/prodotti-5.jpg 828w, https:\/\/terra-antica.com\/wp-content\/uploads\/2024\/04\/prodotti-5-300x200.jpg 300w, https:\/\/terra-antica.com\/wp-content\/uploads\/2024\/04\/prodotti-5-600x400.jpg 600w\" sizes=\"auto, (max-width: 828px) 100vw, 828px\" \/><\/div><\/div><\/div><\/div><\/div><\/div><\/section><section class=\"l-section wpb_row us_custom_c92ab368 has_text_color height_medium\"><div class=\"l-section-h i-cf\"><div class=\"g-cols vc_row via_grid cols_1-2-1 laptops-cols_inherit tablets-cols_inherit mobiles-cols_1 valign_middle type_default stacking_default\"><div class=\"wpb_column vc_column_container\"><div class=\"vc_column-inner\"><h2 class=\"w-text us_custom_eb849559\"><span class=\"w-text-h\"><span class=\"w-text-value\">Awards<\/span><\/span><\/h2><\/div><\/div><div class=\"wpb_column vc_column_container\"><div class=\"vc_column-inner\"><div class=\"w-hwrapper valign_top align_none\"><div class=\"w-image us_custom_2eb1a079 align_center\"><div class=\"w-image-h\"><img decoding=\"async\" width=\"631\" height=\"872\" src=\"https:\/\/terra-antica.com\/wp-content\/uploads\/2024\/04\/Falstaff-award.png\" class=\"attachment-full size-full\" alt=\"\" loading=\"lazy\" srcset=\"https:\/\/terra-antica.com\/wp-content\/uploads\/2024\/04\/Falstaff-award.png 631w, https:\/\/terra-antica.com\/wp-content\/uploads\/2024\/04\/Falstaff-award-300x415.png 300w, https:\/\/terra-antica.com\/wp-content\/uploads\/2024\/04\/Falstaff-award-600x829.png 600w, https:\/\/terra-antica.com\/wp-content\/uploads\/2024\/04\/Falstaff-award-217x300.png 217w\" sizes=\"auto, (max-width: 631px) 100vw, 631px\" \/><\/div><\/div><div class=\"w-image us_custom_2eb1a079 align_center\"><div class=\"w-image-h\"><img decoding=\"async\" width=\"625\" height=\"874\" src=\"https:\/\/terra-antica.com\/wp-content\/uploads\/2024\/05\/Decanto-award@2x.png\" class=\"attachment-full size-full\" alt=\"\" loading=\"lazy\" srcset=\"https:\/\/terra-antica.com\/wp-content\/uploads\/2024\/05\/Decanto-award@2x.png 625w, https:\/\/terra-antica.com\/wp-content\/uploads\/2024\/05\/Decanto-award@2x-300x420.png 300w, https:\/\/terra-antica.com\/wp-content\/uploads\/2024\/05\/Decanto-award@2x-600x839.png 600w, https:\/\/terra-antica.com\/wp-content\/uploads\/2024\/05\/Decanto-award@2x-215x300.png 215w\" sizes=\"auto, (max-width: 625px) 100vw, 625px\" \/><\/div><\/div><\/div><\/div><\/div><div class=\"wpb_column vc_column_container\"><div class=\"vc_column-inner\"><h2 class=\"w-text us_custom_eb849559\"><span class=\"w-text-h\"><span class=\"w-text-value\">Awards<\/span><\/span><\/h2><\/div><\/div><\/div><\/div><\/section>\n","protected":false},"excerpt":{"rendered":"Unsere ProdukteOrganisch nach BerufungOrganisch nach Berufung\u00d6l- und WeinproduktionEntdecken Sie die Kunst der Weinherstellung und des Olivenanbaus im Herzen der Toskana: Besuchen Sie unseren Bereich f\u00fcr die Produktion von Wein und Oliven\u00f6l auf der Terra Antica, wo Tradition und Innovation harmonisch mit der Natur verschmelzen. Entdecken Sie unser Engagement f\u00fcr biologische Praktiken, eine Reise, die den...","protected":false},"author":1,"featured_media":1737,"parent":0,"menu_order":0,"comment_status":"closed","ping_status":"closed","template":"","meta":{"_acf_changed":false,"footnotes":""},"class_list":["post-1734","page","type-page","status-publish","has-post-thumbnail","hentry"],"acf":[],"yoast_head":"<!-- This site is optimized with the Yoast SEO plugin v27.5 - https:\/\/yoast.com\/product\/yoast-seo-wordpress\/ -->\n<title>Produkte - Terra Antica<\/title>\n<meta name=\"robots\" content=\"index, follow, max-snippet:-1, max-image-preview:large, max-video-preview:-1\" \/>\n<link rel=\"canonical\" href=\"https:\/\/terra-antica.com\/de\/produkte\/\" \/>\n<meta property=\"og:locale\" content=\"de_DE\" \/>\n<meta property=\"og:type\" content=\"article\" \/>\n<meta property=\"og:title\" content=\"Produkte - Terra Antica\" \/>\n<meta property=\"og:url\" content=\"https:\/\/terra-antica.com\/de\/produkte\/\" \/>\n<meta property=\"og:site_name\" content=\"Terra Antica\" \/>\n<meta property=\"article:modified_time\" content=\"2024-11-08T11:51:01+00:00\" \/>\n<meta property=\"og:image\" content=\"https:\/\/terra-antica.com\/wp-content\/uploads\/2024\/04\/prodotti_1.jpg\" \/>\n\t<meta property=\"og:image:width\" content=\"1920\" \/>\n\t<meta property=\"og:image:height\" content=\"711\" \/>\n\t<meta property=\"og:image:type\" content=\"image\/jpeg\" \/>\n<meta name=\"twitter:card\" content=\"summary_large_image\" \/>\n<meta name=\"twitter:label1\" content=\"Gesch\u00e4tzte Lesezeit\" \/>\n\t<meta name=\"twitter:data1\" content=\"7\u00a0Minuten\" \/>\n<script type=\"application\/ld+json\" class=\"yoast-schema-graph\">{\"@context\":\"https:\\\/\\\/schema.org\",\"@graph\":[{\"@type\":\"WebPage\",\"@id\":\"https:\\\/\\\/terra-antica.com\\\/de\\\/produkte\\\/\",\"url\":\"https:\\\/\\\/terra-antica.com\\\/de\\\/produkte\\\/\",\"name\":\"Produkte - Terra Antica\",\"isPartOf\":{\"@id\":\"https:\\\/\\\/terra-antica.com\\\/de\\\/#website\"},\"primaryImageOfPage\":{\"@id\":\"https:\\\/\\\/terra-antica.com\\\/de\\\/produkte\\\/#primaryimage\"},\"image\":{\"@id\":\"https:\\\/\\\/terra-antica.com\\\/de\\\/produkte\\\/#primaryimage\"},\"thumbnailUrl\":\"https:\\\/\\\/terra-antica.com\\\/wp-content\\\/uploads\\\/2024\\\/04\\\/prodotti_1.jpg\",\"datePublished\":\"2024-04-19T11:38:31+00:00\",\"dateModified\":\"2024-11-08T11:51:01+00:00\",\"breadcrumb\":{\"@id\":\"https:\\\/\\\/terra-antica.com\\\/de\\\/produkte\\\/#breadcrumb\"},\"inLanguage\":\"de\",\"potentialAction\":[{\"@type\":\"ReadAction\",\"target\":[\"https:\\\/\\\/terra-antica.com\\\/de\\\/produkte\\\/\"]}]},{\"@type\":\"ImageObject\",\"inLanguage\":\"de\",\"@id\":\"https:\\\/\\\/terra-antica.com\\\/de\\\/produkte\\\/#primaryimage\",\"url\":\"https:\\\/\\\/terra-antica.com\\\/wp-content\\\/uploads\\\/2024\\\/04\\\/prodotti_1.jpg\",\"contentUrl\":\"https:\\\/\\\/terra-antica.com\\\/wp-content\\\/uploads\\\/2024\\\/04\\\/prodotti_1.jpg\",\"width\":1920,\"height\":711},{\"@type\":\"BreadcrumbList\",\"@id\":\"https:\\\/\\\/terra-antica.com\\\/de\\\/produkte\\\/#breadcrumb\",\"itemListElement\":[{\"@type\":\"ListItem\",\"position\":1,\"name\":\"Home\",\"item\":\"https:\\\/\\\/terra-antica.com\\\/de\\\/home\\\/\"},{\"@type\":\"ListItem\",\"position\":2,\"name\":\"Produkte\"}]},{\"@type\":\"WebSite\",\"@id\":\"https:\\\/\\\/terra-antica.com\\\/de\\\/#website\",\"url\":\"https:\\\/\\\/terra-antica.com\\\/de\\\/\",\"name\":\"Terra Antica\",\"description\":\"Your paradise in the heart of Tuscany\",\"publisher\":{\"@id\":\"https:\\\/\\\/terra-antica.com\\\/de\\\/#organization\"},\"potentialAction\":[{\"@type\":\"SearchAction\",\"target\":{\"@type\":\"EntryPoint\",\"urlTemplate\":\"https:\\\/\\\/terra-antica.com\\\/de\\\/?s={search_term_string}\"},\"query-input\":{\"@type\":\"PropertyValueSpecification\",\"valueRequired\":true,\"valueName\":\"search_term_string\"}}],\"inLanguage\":\"de\"},{\"@type\":\"Organization\",\"@id\":\"https:\\\/\\\/terra-antica.com\\\/de\\\/#organization\",\"name\":\"Terra Antica\",\"url\":\"https:\\\/\\\/terra-antica.com\\\/de\\\/\",\"logo\":{\"@type\":\"ImageObject\",\"inLanguage\":\"de\",\"@id\":\"https:\\\/\\\/terra-antica.com\\\/de\\\/#\\\/schema\\\/logo\\\/image\\\/\",\"url\":\"https:\\\/\\\/terra-antica.com\\\/wp-content\\\/uploads\\\/2024\\\/04\\\/terra-antica-logo-b.png\",\"contentUrl\":\"https:\\\/\\\/terra-antica.com\\\/wp-content\\\/uploads\\\/2024\\\/04\\\/terra-antica-logo-b.png\",\"width\":562,\"height\":199,\"caption\":\"Terra Antica\"},\"image\":{\"@id\":\"https:\\\/\\\/terra-antica.com\\\/de\\\/#\\\/schema\\\/logo\\\/image\\\/\"}}]}<\/script>\n<!-- \/ Yoast SEO plugin. -->","yoast_head_json":{"title":"Produkte - Terra Antica","robots":{"index":"index","follow":"follow","max-snippet":"max-snippet:-1","max-image-preview":"max-image-preview:large","max-video-preview":"max-video-preview:-1"},"canonical":"https:\/\/terra-antica.com\/de\/produkte\/","og_locale":"de_DE","og_type":"article","og_title":"Produkte - Terra Antica","og_url":"https:\/\/terra-antica.com\/de\/produkte\/","og_site_name":"Terra Antica","article_modified_time":"2024-11-08T11:51:01+00:00","og_image":[{"width":1920,"height":711,"url":"https:\/\/terra-antica.com\/wp-content\/uploads\/2024\/04\/prodotti_1.jpg","type":"image\/jpeg"}],"twitter_card":"summary_large_image","twitter_misc":{"Gesch\u00e4tzte Lesezeit":"7\u00a0Minuten"},"schema":{"@context":"https:\/\/schema.org","@graph":[{"@type":"WebPage","@id":"https:\/\/terra-antica.com\/de\/produkte\/","url":"https:\/\/terra-antica.com\/de\/produkte\/","name":"Produkte - Terra Antica","isPartOf":{"@id":"https:\/\/terra-antica.com\/de\/#website"},"primaryImageOfPage":{"@id":"https:\/\/terra-antica.com\/de\/produkte\/#primaryimage"},"image":{"@id":"https:\/\/terra-antica.com\/de\/produkte\/#primaryimage"},"thumbnailUrl":"https:\/\/terra-antica.com\/wp-content\/uploads\/2024\/04\/prodotti_1.jpg","datePublished":"2024-04-19T11:38:31+00:00","dateModified":"2024-11-08T11:51:01+00:00","breadcrumb":{"@id":"https:\/\/terra-antica.com\/de\/produkte\/#breadcrumb"},"inLanguage":"de","potentialAction":[{"@type":"ReadAction","target":["https:\/\/terra-antica.com\/de\/produkte\/"]}]},{"@type":"ImageObject","inLanguage":"de","@id":"https:\/\/terra-antica.com\/de\/produkte\/#primaryimage","url":"https:\/\/terra-antica.com\/wp-content\/uploads\/2024\/04\/prodotti_1.jpg","contentUrl":"https:\/\/terra-antica.com\/wp-content\/uploads\/2024\/04\/prodotti_1.jpg","width":1920,"height":711},{"@type":"BreadcrumbList","@id":"https:\/\/terra-antica.com\/de\/produkte\/#breadcrumb","itemListElement":[{"@type":"ListItem","position":1,"name":"Home","item":"https:\/\/terra-antica.com\/de\/home\/"},{"@type":"ListItem","position":2,"name":"Produkte"}]},{"@type":"WebSite","@id":"https:\/\/terra-antica.com\/de\/#website","url":"https:\/\/terra-antica.com\/de\/","name":"Terra Antica","description":"Your paradise in the heart of Tuscany","publisher":{"@id":"https:\/\/terra-antica.com\/de\/#organization"},"potentialAction":[{"@type":"SearchAction","target":{"@type":"EntryPoint","urlTemplate":"https:\/\/terra-antica.com\/de\/?s={search_term_string}"},"query-input":{"@type":"PropertyValueSpecification","valueRequired":true,"valueName":"search_term_string"}}],"inLanguage":"de"},{"@type":"Organization","@id":"https:\/\/terra-antica.com\/de\/#organization","name":"Terra Antica","url":"https:\/\/terra-antica.com\/de\/","logo":{"@type":"ImageObject","inLanguage":"de","@id":"https:\/\/terra-antica.com\/de\/#\/schema\/logo\/image\/","url":"https:\/\/terra-antica.com\/wp-content\/uploads\/2024\/04\/terra-antica-logo-b.png","contentUrl":"https:\/\/terra-antica.com\/wp-content\/uploads\/2024\/04\/terra-antica-logo-b.png","width":562,"height":199,"caption":"Terra Antica"},"image":{"@id":"https:\/\/terra-antica.com\/de\/#\/schema\/logo\/image\/"}}]}},"_links":{"self":[{"href":"https:\/\/terra-antica.com\/de\/wp-json\/wp\/v2\/pages\/1734","targetHints":{"allow":["GET"]}}],"collection":[{"href":"https:\/\/terra-antica.com\/de\/wp-json\/wp\/v2\/pages"}],"about":[{"href":"https:\/\/terra-antica.com\/de\/wp-json\/wp\/v2\/types\/page"}],"author":[{"embeddable":true,"href":"https:\/\/terra-antica.com\/de\/wp-json\/wp\/v2\/users\/1"}],"replies":[{"embeddable":true,"href":"https:\/\/terra-antica.com\/de\/wp-json\/wp\/v2\/comments?post=1734"}],"version-history":[{"count":0,"href":"https:\/\/terra-antica.com\/de\/wp-json\/wp\/v2\/pages\/1734\/revisions"}],"wp:featuredmedia":[{"embeddable":true,"href":"https:\/\/terra-antica.com\/de\/wp-json\/wp\/v2\/media\/1737"}],"wp:attachment":[{"href":"https:\/\/terra-antica.com\/de\/wp-json\/wp\/v2\/media?parent=1734"}],"curies":[{"name":"wp","href":"https:\/\/api.w.org\/{rel}","templated":true}]}}