{"id":1723,"date":"2024-04-19T16:27:27","date_gmt":"2024-04-19T14:27:27","guid":{"rendered":"https:\/\/terra-antica.com\/manifesto\/"},"modified":"2024-11-05T12:42:58","modified_gmt":"2024-11-05T11:42:58","slug":"manifesto","status":"publish","type":"page","link":"https:\/\/terra-antica.com\/de\/manifesto\/","title":{"rendered":"Manifesto"},"content":{"rendered":"<section class=\"l-section wpb_row us_custom_3cea0837 has_text_color height_medium\"><div class=\"l-section-h i-cf\"><div class=\"g-cols vc_row via_grid cols_1 laptops-cols_inherit tablets-cols_inherit mobiles-cols_1 valign_top type_default stacking_default\"><div class=\"wpb_column vc_column_container\"><div class=\"vc_column-inner\"><div class=\"w-separator size_medium\"><\/div><h1 class=\"w-text us_custom_2774bef1 grande_1\"><span class=\"w-text-h\"><span class=\"w-text-value\">Manifesto<\/span><\/span><\/h1><h5 class=\"w-text us_custom_2774bef1\"><span class=\"w-text-h\"><span class=\"w-text-value\">Die Essenz von Terra Antica<\/span><\/span><\/h5><div class=\"w-separator size_large\"><\/div><div class=\"g-cols wpb_row via_grid cols_1 laptops-cols_inherit tablets-cols_inherit mobiles-cols_1 valign_top type_default stacking_default\" style=\"--gap:3rem;\"><div class=\"wpb_column vc_column_container\"><div class=\"vc_column-inner\"><div class=\"w-video align_none ratio_16x9 with_overlay has_iframe\" style=\"background-image:url(https:\/\/terra-antica.com\/wp-content\/uploads\/2024\/06\/TA-frame-intervista.jpg);\" onclick=\"return {&quot;player_id&quot;:&quot;vimeo-wdfd&quot;,&quot;player_api&quot;:&quot;&quot;,&quot;player_html&quot;:&quot;&lt;iframe title=\\&quot;Vimeo video player\\&quot; src=\\&quot;https:\\\/\\\/player.vimeo.com\\\/video\\\/951977256?autoplay=1&amp;loop=0&amp;autopause=0&amp;color=00adef&amp;portrait=0&amp;byline=0&amp;title=0&amp;controls=1&amp;muted=0\\&quot; frameborder=\\&quot;0\\&quot; allow=\\&quot;autoplay; fullscreen\\&quot; allowfullscreen loading=\\&quot;lazy\\&quot;&gt;&lt;\\\/iframe&gt;&quot;}\"><div class=\"w-video-h\"><\/div><div class=\"w-video-icon\" style=\"font-size:1.5rem;background:rgba(0,0,0,0.5);color:#fff\"><\/div><\/div><\/div><\/div><\/div><\/div><\/div><\/div><\/div><\/section><section class=\"l-section wpb_row us_custom_74e2e327 has_text_color height_large\"><div class=\"l-section-h i-cf\"><div class=\"g-cols vc_row via_grid cols_2 laptops-cols_inherit tablets-cols_inherit mobiles-cols_1 valign_top type_default stacking_default\" style=\"--gap:1rem;\"><div class=\"wpb_column vc_column_container\"><div class=\"vc_column-inner\"><h2 class=\"w-text us_custom_d98eb4eb grande_3\"><span class=\"w-text-h\"><span class=\"w-text-value\">Im pulsierenden Herzen der Toskana, inmitten der alten Weinreben Montepulcianos, erhebt sich die Terra Antica:<\/span><\/span><\/h2><\/div><\/div><div class=\"wpb_column vc_column_container\"><div class=\"vc_column-inner\"><div class=\"wpb_text_column us_custom_d98eb4eb\"><div class=\"wpb_wrapper\"><p>Ein Juwel in der majest\u00e4tischen sienesischen Landschaft, wo die Weintradition harmonisch mit Innovation verschmilzt. Unsere Mission ist es, ein un\u00fcbertroffenes Aufenthaltserlebnis zu bieten, bei dem jedes Detail gepflegt wird, um die Essenz der &#8222;Toskana&#8220; widerzuspiegeln. Eine perfekte Mischung aus Sch\u00f6nheit, Kultur, und Authentizit\u00e4t.<\/p>\n<\/div><\/div><\/div><\/div><\/div><\/div><\/section><section class=\"l-section wpb_row us_custom_74e2e327 has_text_color height_large\"><div class=\"l-section-h i-cf\"><div class=\"g-cols vc_row via_grid cols_2 laptops-cols_inherit tablets-cols_inherit mobiles-cols_1 valign_top type_default stacking_default\" style=\"--gap:1rem;\"><div class=\"wpb_column vc_column_container\"><div class=\"vc_column-inner\"><h2 class=\"w-text us_custom_d98eb4eb grande_3\"><span class=\"w-text-h\"><span class=\"w-text-value\">Mehr als ein Resort: Ein Refugium f\u00fcr die Seele, es ist eine Einladung, das &quot;Best Sleep Hotel&quot; zu erkunden.<\/span><\/span><\/h2><\/div><\/div><div class=\"wpb_column vc_column_container\"><div class=\"vc_column-inner\"><div class=\"wpb_text_column us_custom_d98eb4eb\"><div class=\"wpb_wrapper\"><p>Wo Erholung in ein einzigartiges Erlebnis verwandelt wird. Umgeben von der Ruhe unserer L\u00e4ndereien und dem Komfort unserer Villen und Suites, entworfen, um Privatsph\u00e4re und Gelassenheit zu gew\u00e4hrleisten.<\/p>\n<\/div><\/div><\/div><\/div><\/div><\/div><\/section><section class=\"l-section wpb_row us_custom_74e2e327 has_text_color height_large\"><div class=\"l-section-h i-cf\"><div class=\"g-cols vc_row via_grid cols_2 laptops-cols_inherit tablets-cols_inherit mobiles-cols_1 valign_top type_default stacking_default\" style=\"--gap:1rem;\"><div class=\"wpb_column vc_column_container\"><div class=\"vc_column-inner\"><h2 class=\"w-text us_custom_d98eb4eb grande_3\"><span class=\"w-text-h\"><span class=\"w-text-value\">Unsere Berufung ist tief organisch und wurzelt in der Achtung vor dem Land, das uns beheimatet.<\/span><\/span><\/h2><\/div><\/div><div class=\"wpb_column vc_column_container\"><div class=\"vc_column-inner\"><div class=\"wpb_text_column us_custom_d98eb4eb\"><div class=\"wpb_wrapper\"><p>Wir w\u00e4hlen umweltfreundliche Praktiken und \u00f6kologische Materialien, um die Auswirkungen auf die Umwelt zu minimieren, und verfolgen eine Lebensphilosophie, die eine R\u00fcckkehr zum Wesentlichen, dem Reinen, dem Wahren zelebriert. Die mit Hingabe und Leidenschaft gepflegten Produkte unseres Landes erz\u00e4hlen Geschichten von Geschmack und Tradition, und bieten unseren G\u00e4sten die M\u00f6glichkeit, die Authentizit\u00e4t eines lebendigen Territoriums zu erleben.<\/p>\n<\/div><\/div><\/div><\/div><\/div><\/div><\/section><section class=\"l-section wpb_row us_custom_74e2e327 has_text_color height_large\"><div class=\"l-section-h i-cf\"><div class=\"g-cols vc_row via_grid cols_2 laptops-cols_inherit tablets-cols_inherit mobiles-cols_1 valign_top type_default stacking_default\" style=\"--gap:1rem;\"><div class=\"wpb_column vc_column_container\"><div class=\"vc_column-inner\"><h2 class=\"w-text us_custom_d98eb4eb grande_3\"><span class=\"w-text-h\"><span class=\"w-text-value\">Privatsph\u00e4re und R\u00fcckzug definieren das Terra Antica Erlebnis: R\u00e4ume, in denen die Zeit langsamer wird.<\/span><\/span><\/h2><\/div><\/div><div class=\"wpb_column vc_column_container\"><div class=\"vc_column-inner\"><div class=\"wpb_text_column us_custom_d98eb4eb\"><div class=\"wpb_wrapper\"><p>Ein Ort, um sich mit sich selbst und der Natur zu verbinden. Hier trifft Eleganz auf Intimit\u00e4t und bietet ein Refugium abseits des Alltags, einen Ort, an dem man Gleichgewicht und Harmonie findet.<\/p>\n<\/div><\/div><\/div><\/div><\/div><\/div><\/section><section class=\"l-section wpb_row us_custom_95ae56cb has_text_color height_huge full_height valign_center width_custom with_img parallax_fixed\" style=\"--site-content-width:800px;\"><div class=\"l-section-img\" role=\"img\" data-img-width=\"1920\" data-img-height=\"842\" style=\"background-image: url(https:\/\/terra-antica.com\/wp-content\/uploads\/2024\/04\/stays_5.jpg);background-repeat: no-repeat;\"><\/div><div class=\"l-section-overlay\" style=\"background:rgba(0,0,0,0.20)\"><\/div><div class=\"l-section-h i-cf\"><div class=\"g-cols vc_row via_grid cols_1 laptops-cols_inherit tablets-cols_inherit mobiles-cols_1 valign_top type_default stacking_default\"><div class=\"wpb_column vc_column_container\"><div class=\"vc_column-inner\"><h3 class=\"w-text us_custom_eb849559 grande_2\"><span class=\"w-text-h\"><span class=\"w-text-value\">Der toskanische Traum wird wahr.<\/span><\/span><\/h3><div class=\"w-btn-wrapper align_center\"><a class=\"w-btn us-btn-style_3 icon_atright\" href=\"https:\/\/terra-antica.com\/stays\/\"><span class=\"w-btn-label\">Jetzt buchen<\/span><i class=\"far fa-arrow-right\"><\/i><\/a><\/div><\/div><\/div><\/div><\/div><\/section>\n","protected":false},"excerpt":{"rendered":"ManifestoDie Essenz von Terra AnticaIm pulsierenden Herzen der Toskana, inmitten der alten Weinreben Montepulcianos, erhebt sich die Terra Antica:Ein Juwel in der majest\u00e4tischen sienesischen Landschaft, wo die Weintradition harmonisch mit Innovation verschmilzt. Unsere Mission ist es, ein un\u00fcbertroffenes Aufenthaltserlebnis zu bieten, bei dem jedes Detail gepflegt wird, um die Essenz der &#8222;Toskana&#8220; widerzuspiegeln. Eine perfekte...","protected":false},"author":1,"featured_media":1725,"parent":0,"menu_order":0,"comment_status":"closed","ping_status":"closed","template":"","meta":{"_acf_changed":false,"footnotes":""},"class_list":["post-1723","page","type-page","status-publish","has-post-thumbnail","hentry"],"acf":[],"yoast_head":"<!-- This site is optimized with the Yoast SEO plugin v27.3 - https:\/\/yoast.com\/product\/yoast-seo-wordpress\/ -->\n<title>Manifesto - Terra Antica<\/title>\n<meta name=\"robots\" content=\"index, follow, max-snippet:-1, max-image-preview:large, max-video-preview:-1\" \/>\n<link rel=\"canonical\" href=\"https:\/\/terra-antica.com\/de\/manifesto\/\" \/>\n<meta property=\"og:locale\" content=\"de_DE\" \/>\n<meta property=\"og:type\" content=\"article\" \/>\n<meta property=\"og:title\" content=\"Manifesto - Terra Antica\" \/>\n<meta property=\"og:url\" content=\"https:\/\/terra-antica.com\/de\/manifesto\/\" \/>\n<meta property=\"og:site_name\" content=\"Terra Antica\" \/>\n<meta property=\"article:modified_time\" content=\"2024-11-05T11:42:58+00:00\" \/>\n<meta property=\"og:image\" content=\"https:\/\/terra-antica.com\/wp-content\/uploads\/2024\/04\/stays_5.jpg\" \/>\n\t<meta property=\"og:image:width\" content=\"1920\" \/>\n\t<meta property=\"og:image:height\" content=\"842\" \/>\n\t<meta property=\"og:image:type\" content=\"image\/jpeg\" \/>\n<meta name=\"twitter:card\" content=\"summary_large_image\" \/>\n<meta name=\"twitter:label1\" content=\"Gesch\u00e4tzte Lesezeit\" \/>\n\t<meta name=\"twitter:data1\" content=\"4\u00a0Minuten\" \/>\n<script type=\"application\/ld+json\" class=\"yoast-schema-graph\">{\"@context\":\"https:\\\/\\\/schema.org\",\"@graph\":[{\"@type\":\"WebPage\",\"@id\":\"https:\\\/\\\/terra-antica.com\\\/de\\\/manifesto\\\/\",\"url\":\"https:\\\/\\\/terra-antica.com\\\/de\\\/manifesto\\\/\",\"name\":\"Manifesto - Terra Antica\",\"isPartOf\":{\"@id\":\"https:\\\/\\\/terra-antica.com\\\/de\\\/#website\"},\"primaryImageOfPage\":{\"@id\":\"https:\\\/\\\/terra-antica.com\\\/de\\\/manifesto\\\/#primaryimage\"},\"image\":{\"@id\":\"https:\\\/\\\/terra-antica.com\\\/de\\\/manifesto\\\/#primaryimage\"},\"thumbnailUrl\":\"https:\\\/\\\/terra-antica.com\\\/wp-content\\\/uploads\\\/2024\\\/04\\\/stays_5.jpg\",\"datePublished\":\"2024-04-19T14:27:27+00:00\",\"dateModified\":\"2024-11-05T11:42:58+00:00\",\"breadcrumb\":{\"@id\":\"https:\\\/\\\/terra-antica.com\\\/de\\\/manifesto\\\/#breadcrumb\"},\"inLanguage\":\"de\",\"potentialAction\":[{\"@type\":\"ReadAction\",\"target\":[\"https:\\\/\\\/terra-antica.com\\\/de\\\/manifesto\\\/\"]}]},{\"@type\":\"ImageObject\",\"inLanguage\":\"de\",\"@id\":\"https:\\\/\\\/terra-antica.com\\\/de\\\/manifesto\\\/#primaryimage\",\"url\":\"https:\\\/\\\/terra-antica.com\\\/wp-content\\\/uploads\\\/2024\\\/04\\\/stays_5.jpg\",\"contentUrl\":\"https:\\\/\\\/terra-antica.com\\\/wp-content\\\/uploads\\\/2024\\\/04\\\/stays_5.jpg\",\"width\":1920,\"height\":842},{\"@type\":\"BreadcrumbList\",\"@id\":\"https:\\\/\\\/terra-antica.com\\\/de\\\/manifesto\\\/#breadcrumb\",\"itemListElement\":[{\"@type\":\"ListItem\",\"position\":1,\"name\":\"Home\",\"item\":\"https:\\\/\\\/terra-antica.com\\\/de\\\/home\\\/\"},{\"@type\":\"ListItem\",\"position\":2,\"name\":\"Manifesto\"}]},{\"@type\":\"WebSite\",\"@id\":\"https:\\\/\\\/terra-antica.com\\\/de\\\/#website\",\"url\":\"https:\\\/\\\/terra-antica.com\\\/de\\\/\",\"name\":\"Terra Antica\",\"description\":\"Your paradise in the heart of Tuscany\",\"publisher\":{\"@id\":\"https:\\\/\\\/terra-antica.com\\\/de\\\/#organization\"},\"potentialAction\":[{\"@type\":\"SearchAction\",\"target\":{\"@type\":\"EntryPoint\",\"urlTemplate\":\"https:\\\/\\\/terra-antica.com\\\/de\\\/?s={search_term_string}\"},\"query-input\":{\"@type\":\"PropertyValueSpecification\",\"valueRequired\":true,\"valueName\":\"search_term_string\"}}],\"inLanguage\":\"de\"},{\"@type\":\"Organization\",\"@id\":\"https:\\\/\\\/terra-antica.com\\\/de\\\/#organization\",\"name\":\"Terra Antica\",\"url\":\"https:\\\/\\\/terra-antica.com\\\/de\\\/\",\"logo\":{\"@type\":\"ImageObject\",\"inLanguage\":\"de\",\"@id\":\"https:\\\/\\\/terra-antica.com\\\/de\\\/#\\\/schema\\\/logo\\\/image\\\/\",\"url\":\"https:\\\/\\\/terra-antica.com\\\/wp-content\\\/uploads\\\/2024\\\/04\\\/terra-antica-logo-b.png\",\"contentUrl\":\"https:\\\/\\\/terra-antica.com\\\/wp-content\\\/uploads\\\/2024\\\/04\\\/terra-antica-logo-b.png\",\"width\":562,\"height\":199,\"caption\":\"Terra Antica\"},\"image\":{\"@id\":\"https:\\\/\\\/terra-antica.com\\\/de\\\/#\\\/schema\\\/logo\\\/image\\\/\"}}]}<\/script>\n<!-- \/ Yoast SEO plugin. -->","yoast_head_json":{"title":"Manifesto - Terra Antica","robots":{"index":"index","follow":"follow","max-snippet":"max-snippet:-1","max-image-preview":"max-image-preview:large","max-video-preview":"max-video-preview:-1"},"canonical":"https:\/\/terra-antica.com\/de\/manifesto\/","og_locale":"de_DE","og_type":"article","og_title":"Manifesto - Terra Antica","og_url":"https:\/\/terra-antica.com\/de\/manifesto\/","og_site_name":"Terra Antica","article_modified_time":"2024-11-05T11:42:58+00:00","og_image":[{"width":1920,"height":842,"url":"https:\/\/terra-antica.com\/wp-content\/uploads\/2024\/04\/stays_5.jpg","type":"image\/jpeg"}],"twitter_card":"summary_large_image","twitter_misc":{"Gesch\u00e4tzte Lesezeit":"4\u00a0Minuten"},"schema":{"@context":"https:\/\/schema.org","@graph":[{"@type":"WebPage","@id":"https:\/\/terra-antica.com\/de\/manifesto\/","url":"https:\/\/terra-antica.com\/de\/manifesto\/","name":"Manifesto - Terra Antica","isPartOf":{"@id":"https:\/\/terra-antica.com\/de\/#website"},"primaryImageOfPage":{"@id":"https:\/\/terra-antica.com\/de\/manifesto\/#primaryimage"},"image":{"@id":"https:\/\/terra-antica.com\/de\/manifesto\/#primaryimage"},"thumbnailUrl":"https:\/\/terra-antica.com\/wp-content\/uploads\/2024\/04\/stays_5.jpg","datePublished":"2024-04-19T14:27:27+00:00","dateModified":"2024-11-05T11:42:58+00:00","breadcrumb":{"@id":"https:\/\/terra-antica.com\/de\/manifesto\/#breadcrumb"},"inLanguage":"de","potentialAction":[{"@type":"ReadAction","target":["https:\/\/terra-antica.com\/de\/manifesto\/"]}]},{"@type":"ImageObject","inLanguage":"de","@id":"https:\/\/terra-antica.com\/de\/manifesto\/#primaryimage","url":"https:\/\/terra-antica.com\/wp-content\/uploads\/2024\/04\/stays_5.jpg","contentUrl":"https:\/\/terra-antica.com\/wp-content\/uploads\/2024\/04\/stays_5.jpg","width":1920,"height":842},{"@type":"BreadcrumbList","@id":"https:\/\/terra-antica.com\/de\/manifesto\/#breadcrumb","itemListElement":[{"@type":"ListItem","position":1,"name":"Home","item":"https:\/\/terra-antica.com\/de\/home\/"},{"@type":"ListItem","position":2,"name":"Manifesto"}]},{"@type":"WebSite","@id":"https:\/\/terra-antica.com\/de\/#website","url":"https:\/\/terra-antica.com\/de\/","name":"Terra Antica","description":"Your paradise in the heart of Tuscany","publisher":{"@id":"https:\/\/terra-antica.com\/de\/#organization"},"potentialAction":[{"@type":"SearchAction","target":{"@type":"EntryPoint","urlTemplate":"https:\/\/terra-antica.com\/de\/?s={search_term_string}"},"query-input":{"@type":"PropertyValueSpecification","valueRequired":true,"valueName":"search_term_string"}}],"inLanguage":"de"},{"@type":"Organization","@id":"https:\/\/terra-antica.com\/de\/#organization","name":"Terra Antica","url":"https:\/\/terra-antica.com\/de\/","logo":{"@type":"ImageObject","inLanguage":"de","@id":"https:\/\/terra-antica.com\/de\/#\/schema\/logo\/image\/","url":"https:\/\/terra-antica.com\/wp-content\/uploads\/2024\/04\/terra-antica-logo-b.png","contentUrl":"https:\/\/terra-antica.com\/wp-content\/uploads\/2024\/04\/terra-antica-logo-b.png","width":562,"height":199,"caption":"Terra Antica"},"image":{"@id":"https:\/\/terra-antica.com\/de\/#\/schema\/logo\/image\/"}}]}},"_links":{"self":[{"href":"https:\/\/terra-antica.com\/de\/wp-json\/wp\/v2\/pages\/1723","targetHints":{"allow":["GET"]}}],"collection":[{"href":"https:\/\/terra-antica.com\/de\/wp-json\/wp\/v2\/pages"}],"about":[{"href":"https:\/\/terra-antica.com\/de\/wp-json\/wp\/v2\/types\/page"}],"author":[{"embeddable":true,"href":"https:\/\/terra-antica.com\/de\/wp-json\/wp\/v2\/users\/1"}],"replies":[{"embeddable":true,"href":"https:\/\/terra-antica.com\/de\/wp-json\/wp\/v2\/comments?post=1723"}],"version-history":[{"count":0,"href":"https:\/\/terra-antica.com\/de\/wp-json\/wp\/v2\/pages\/1723\/revisions"}],"wp:featuredmedia":[{"embeddable":true,"href":"https:\/\/terra-antica.com\/de\/wp-json\/wp\/v2\/media\/1725"}],"wp:attachment":[{"href":"https:\/\/terra-antica.com\/de\/wp-json\/wp\/v2\/media?parent=1723"}],"curies":[{"name":"wp","href":"https:\/\/api.w.org\/{rel}","templated":true}]}}