{"id":1703,"date":"2024-05-13T16:38:33","date_gmt":"2024-05-13T14:38:33","guid":{"rendered":"https:\/\/terra-antica.com\/veranstaltungen\/"},"modified":"2025-02-24T15:04:15","modified_gmt":"2025-02-24T14:04:15","slug":"veranstaltungen","status":"publish","type":"page","link":"https:\/\/terra-antica.com\/de\/veranstaltungen\/","title":{"rendered":"Veranstaltungen"},"content":{"rendered":"<section class=\"l-section wpb_row us_custom_123a346c height_medium full_height valign_center with_img parallax_fixed\"><div class=\"l-section-img\" role=\"img\" data-img-width=\"2501\" data-img-height=\"1692\" style=\"background-image: url(https:\/\/terra-antica.com\/wp-content\/uploads\/2025\/02\/IMG_4861_50.jpg);background-repeat: no-repeat;\"><\/div><div class=\"l-section-overlay\" style=\"background:rgba(0,0,0,0.20)\"><\/div><div class=\"l-section-h i-cf\"><div class=\"g-cols vc_row via_grid cols_1 laptops-cols_inherit tablets-cols_inherit mobiles-cols_1 valign_top type_default stacking_default\"><div class=\"wpb_column vc_column_container\"><div class=\"vc_column-inner\"><h1 class=\"w-text us_custom_e22d6cb6 grande_1\"><span class=\"w-text-h\"><span class=\"w-text-value\">Veranstaltungen<\/span><\/span><\/h1><h6 class=\"w-text us_custom_eb849559\"><span class=\"w-text-h\"><span class=\"w-text-value\">Unvergessliche Momente im Herzen von Montepulciano<\/span><\/span><\/h6><\/div><\/div><\/div><\/div><\/section><section class=\"l-section wpb_row us_custom_b5b4626b has_text_color height_huge\"><div class=\"l-section-h i-cf\"><div class=\"g-cols vc_row via_grid cols_1 laptops-cols_inherit tablets-cols_inherit mobiles-cols_1 valign_middle type_default stacking_default\"><div class=\"wpb_column vc_column_container\"><div class=\"vc_column-inner\"><h2 class=\"w-text us_custom_eb849559 grande_2\"><span class=\"w-text-h\"><span class=\"w-text-value\">Ob Sie aus Liebe, gesch\u00e4ftlichen Gr\u00fcnden oder f\u00fcr eine besondere Feier nach Montepulciano kommen \u2013 Terra Antica bietet den perfekten Rahmen. Von Hochzeiten bis zu Firmen-Retreats sorgen wir f\u00fcr Kreativit\u00e4t, Flexibilit\u00e4t und h\u00f6chste Sorgfalt bis ins Detail. <\/span><\/span><\/h2><\/div><\/div><\/div><\/div><\/section><section class=\"l-section wpb_row us_custom_efc0ae85 has_text_color height_medium\"><div class=\"l-section-h i-cf\"><div class=\"g-cols vc_row via_grid cols_3-2 laptops-cols_inherit tablets-cols_inherit mobiles-cols_1 valign_middle type_default stacking_default\"><div class=\"wpb_column vc_column_container\"><div class=\"vc_column-inner\"><div class=\"w-image align_none\"><div class=\"w-image-h\"><img decoding=\"async\" width=\"1280\" height=\"924\" src=\"https:\/\/terra-antica.com\/wp-content\/uploads\/2025\/02\/Wedding_2560x1849_optimized.png\" class=\"attachment-full size-full\" alt=\"\" loading=\"lazy\" srcset=\"https:\/\/terra-antica.com\/wp-content\/uploads\/2025\/02\/Wedding_2560x1849_optimized.png 1280w, https:\/\/terra-antica.com\/wp-content\/uploads\/2025\/02\/Wedding_2560x1849_optimized-300x217.png 300w, https:\/\/terra-antica.com\/wp-content\/uploads\/2025\/02\/Wedding_2560x1849_optimized-1024x739.png 1024w, https:\/\/terra-antica.com\/wp-content\/uploads\/2025\/02\/Wedding_2560x1849_optimized-600x433.png 600w\" sizes=\"auto, (max-width: 1280px) 100vw, 1280px\" \/><\/div><\/div><\/div><\/div><div class=\"wpb_column vc_column_container\"><div class=\"vc_column-inner\"><div class=\"w-separator size_small\"><\/div><h2 class=\"w-text us_custom_ad0f428d grande_3\"><span class=\"w-text-h\"><span class=\"w-text-value\">Hochzeiten &amp; Feiern<\/span><\/span><\/h2><h6 class=\"w-text us_custom_d98eb4eb\"><span class=\"w-text-h\"><span class=\"w-text-value\">Ihre Traumhochzeit in den toskanischen H\u00fcgeln<\/span><\/span><\/h6><div class=\"wpb_text_column us_custom_d98eb4eb\"><div class=\"wpb_wrapper\"><p class=\"p1\">Feiern Sie Ihre Liebe im Herzen der Toskana. Ob Hochzeit, ein magischer Heiratsantrag, ein intimes Zusammenkommen vor oder nach der Hochzeit oder eine unvergessliche Hochzeitsreise \u2013 Terra Antica bietet eine bezaubernde Kulisse. Umgeben von \u00fcppigem Gr\u00fcn, mit atemberaubendem Blick auf das Cervognano-Tal, einer Panoramaterrasse und einem wundersch\u00f6nen Infinity-Pool schaffen wir die perfekte Atmosph\u00e4re f\u00fcr bis zu 50 G\u00e4ste. F\u00fcr ein wirklich privates Erlebnis sind exklusive Buchungen m\u00f6glich. Unser engagiertes Event-Team l\u00e4sst Ihre romantischen Vorstellungen mit h\u00f6chster Sorgfalt und Liebe zum Detail Wirklichkeit werden.    <\/p>\n<\/div><\/div><div class=\"w-separator size_small\"><\/div><div class=\"w-btn-wrapper align_none\"><a class=\"w-btn us-btn-style_1 icon_atright\" href=\"https:\/\/terra-antica.com\/de\/kontaktieren-sie-uns\/\"><span class=\"w-btn-label\">Kontaktieren Sie uns<\/span><i class=\"fas fa-arrow-right\"><\/i><\/a><\/div><\/div><\/div><\/div><\/div><\/section><section class=\"l-section wpb_row us_custom_efc0ae85 has_text_color height_medium\"><div class=\"l-section-h i-cf\"><div class=\"g-cols vc_row via_grid cols_2-3 laptops-cols_inherit tablets-cols_inherit mobiles-cols_1 valign_middle type_default reversed stacking_default\"><div class=\"wpb_column vc_column_container\"><div class=\"vc_column-inner\"><div class=\"w-separator size_small\"><\/div><h2 class=\"w-text us_custom_ad0f428d grande_3\"><span class=\"w-text-h\"><span class=\"w-text-value\">Firmen-Veranstaltungen<\/span><\/span><\/h2><h6 class=\"w-text us_custom_a5ef9130\"><span class=\"w-text-h\"><span class=\"w-text-value\">Professionelle Zusammenk\u00fcnfte im Herzen der Toskana<\/span><\/span><\/h6><div class=\"wpb_text_column us_custom_d98eb4eb\"><div class=\"wpb_wrapper\"><p class=\"p1\">Bringen Sie Ihr Team in der inspirierenden Kulisse von Terra Antica zusammen. Eingebettet in die sanften H\u00fcgel von Montepulciano ist unser Anwesen der ideale Ort f\u00fcr produktive Meetings, Team-Building-Aktivit\u00e4ten und Firmen-Retreats. Ob strategische Planungssitzung, eine Masterclass zu F\u00fchrungsthemen oder ein entspanntes Firmenessen mit exklusiver Weinverkostung \u2013 unser engagiertes Team k\u00fcmmert sich mit gr\u00f6\u00dfter Sorgfalt um jedes Detail. Von der nahtlosen Organisation bis hin zu hochwertigem Catering sorgen wir daf\u00fcr, dass Ihre Veranstaltung reibungslos verl\u00e4uft und einen bleibenden Eindruck hinterl\u00e4sst.   <\/p>\n<\/div><\/div><div class=\"w-separator size_small\"><\/div><div class=\"w-btn-wrapper align_none\"><a class=\"w-btn us-btn-style_1 icon_atright\" href=\"https:\/\/terra-antica.com\/de\/kontaktieren-sie-uns\/\"><span class=\"w-btn-label\">Kontaktieren Sie uns<\/span><i class=\"fas fa-arrow-right\"><\/i><\/a><\/div><\/div><\/div><div class=\"wpb_column vc_column_container\"><div class=\"vc_column-inner\"><div class=\"w-image align_none\"><div class=\"w-image-h\"><img decoding=\"async\" width=\"2560\" height=\"1849\" src=\"https:\/\/terra-antica.com\/wp-content\/uploads\/2025\/02\/DSC_3461-copia_50-scaled.jpg\" class=\"attachment-full size-full\" alt=\"\" loading=\"lazy\" srcset=\"https:\/\/terra-antica.com\/wp-content\/uploads\/2025\/02\/DSC_3461-copia_50-scaled.jpg 2560w, https:\/\/terra-antica.com\/wp-content\/uploads\/2025\/02\/DSC_3461-copia_50-300x217.jpg 300w, https:\/\/terra-antica.com\/wp-content\/uploads\/2025\/02\/DSC_3461-copia_50-1024x740.jpg 1024w, https:\/\/terra-antica.com\/wp-content\/uploads\/2025\/02\/DSC_3461-copia_50-600x433.jpg 600w\" sizes=\"auto, (max-width: 2560px) 100vw, 2560px\" \/><\/div><\/div><\/div><\/div><\/div><\/div><\/section><section class=\"l-section wpb_row us_custom_fe2daf67 has_text_color height_medium\"><div class=\"l-section-h i-cf\"><div class=\"g-cols vc_row via_grid cols_3-2 laptops-cols_inherit tablets-cols_inherit mobiles-cols_1 valign_middle type_default stacking_default\"><div class=\"wpb_column vc_column_container\"><div class=\"vc_column-inner\"><div class=\"w-image align_none\"><div class=\"w-image-h\"><img decoding=\"async\" width=\"1280\" height=\"924\" src=\"https:\/\/terra-antica.com\/wp-content\/uploads\/2025\/02\/Cars_2560x1849_optimized.png\" class=\"attachment-full size-full\" alt=\"\" loading=\"lazy\" srcset=\"https:\/\/terra-antica.com\/wp-content\/uploads\/2025\/02\/Cars_2560x1849_optimized.png 1280w, https:\/\/terra-antica.com\/wp-content\/uploads\/2025\/02\/Cars_2560x1849_optimized-300x217.png 300w, https:\/\/terra-antica.com\/wp-content\/uploads\/2025\/02\/Cars_2560x1849_optimized-1024x739.png 1024w, https:\/\/terra-antica.com\/wp-content\/uploads\/2025\/02\/Cars_2560x1849_optimized-600x433.png 600w\" sizes=\"auto, (max-width: 1280px) 100vw, 1280px\" \/><\/div><\/div><\/div><\/div><div class=\"wpb_column vc_column_container us_custom_a3dda067\"><div class=\"vc_column-inner\"><div class=\"w-separator size_small\"><\/div><h2 class=\"w-text us_custom_ad0f428d grande_3\"><span class=\"w-text-h\"><span class=\"w-text-value\">Besondere Veranstaltungen<\/span><\/span><\/h2><h6 class=\"w-text us_custom_d98eb4eb\"><span class=\"w-text-h\"><span class=\"w-text-value\">Machen Sie Ihre besonderen Momente unvergesslich<\/span><\/span><\/h6><div class=\"wpb_text_column us_custom_d98eb4eb\"><div class=\"wpb_wrapper\"><p class=\"p1\">Veranstalten Sie Ihr besonderes Event in der atemberaubenden Umgebung von Terra Antica. Ob exklusives Autoclub-Treffen, thematische Feier, Geburtstagsfest oder ein einzigartiges Zusammenkommen \u2013 unser traumhaftes Anwesen bietet die perfekte Kulisse. Unser erfahrenes Event-Team arbeitet mit Ihnen zusammen, um ein wirklich personalisiertes Erlebnis zu schaffen \u2013 von ma\u00dfgeschneiderter Dekoration und Gourmet-Catering bis hin zu einem au\u00dfergew\u00f6hnlichen Service, der Ihre Veranstaltung zu etwas ganz Besonderem macht. Lassen Sie uns Ihren besonderen Anlass in eine unvergessliche Erinnerung im Herzen der Toskana verwandeln, wo jedes Detail mit Leidenschaft und Sorgfalt gestaltet wird. Ob Sie eine intime Feier oder ein lebhaftes Fest planen, wir sorgen daf\u00fcr, dass Ihre Vision stilvoll und elegant zum Leben erweckt wird.    <\/p>\n<\/div><\/div><div class=\"w-separator size_small\"><\/div><div class=\"w-btn-wrapper align_none\"><a class=\"w-btn us-btn-style_1 icon_atright\" href=\"https:\/\/terra-antica.com\/de\/kontaktieren-sie-uns\/\"><span class=\"w-btn-label\">Kontaktieren Sie uns<\/span><i class=\"fas fa-arrow-right\"><\/i><\/a><\/div><\/div><\/div><\/div><\/div><\/section><section class=\"l-section wpb_row us_custom_efc0ae85 has_text_color height_medium\"><div class=\"l-section-h i-cf\"><div class=\"g-cols vc_row via_grid cols_1 laptops-cols_inherit tablets-cols_inherit mobiles-cols_1 valign_middle type_default stacking_default\"><div class=\"wpb_column vc_column_container\"><div class=\"vc_column-inner\"><div class=\"w-html\">   <div class=\"gallery-row\"><div class=\"row\"><img decoding=\"async\" src=\"\/wp-content\/uploads\/2024\/09\/terra-antica1.jpg\" alt=\"Immagine 1\"><img decoding=\"async\" src=\"https:\/\/terra-antica.com\/wp-content\/uploads\/2025\/02\/IMG_5586-scaled.jpg\" alt=\"Immagine 2\"><\/div><div class=\"row\"><img decoding=\"async\" src=\"https:\/\/terra-antica.com\/wp-content\/uploads\/2025\/02\/IMG_4872-scaled.jpg\" alt=\"Immagine 3\"><img decoding=\"async\" src=\"https:\/\/terra-antica.com\/wp-content\/uploads\/2025\/02\/IMG_4866-scaled.jpg\" alt=\"Immagine 4\"><img decoding=\"async\" src=\"https:\/\/terra-antica.com\/wp-content\/uploads\/2025\/02\/DSC_3224_copia_20.jpg\" alt=\"Immagine 5\"><\/div><div class=\"row\"><img decoding=\"async\" src=\"https:\/\/terra-antica.com\/wp-content\/uploads\/2025\/02\/IMG_5583-scaled.jpg\" alt=\"Immagine 6\"><img decoding=\"async\" src=\"https:\/\/terra-antica.com\/wp-content\/uploads\/2025\/02\/IMG_4829-scaled.jpg\" alt=\"Immagine 7\"><\/div><\/div><style>.gallery-row {\n  padding: 10px;\n}\n\n.row {\n\tmargin:10px;\n  display: grid;\n  grid-gap: 10px;\n  grid-auto-flow: dense; \/* Permette di disporre gli elementi in modo denso e riempire gli spazi *\/\n  grid-auto-rows: 500px; \/* Altezza flessibile per il contenuto *\/\n}\n\n.row img {\n  width: 100%;\n  height: 100%;\n  object-fit: cover; \/* Copre lo spazio mantenendo le proporzioni *\/\n  display: block;\n}\n\n\/* Prima riga: distribuzione flessibile con base al contenuto *\/\n.row:nth-child(1) {\n  grid-template-columns: 30% 70%; \/* Imposta una percentuale variabile tra verticale e orizzontale *\/\n}\n\n\/* Seconda riga: anche qui le immagini sono disposte dinamicamente *\/\n.row:nth-child(2) {\n  grid-template-columns: repeat(auto-fit, minmax(200px, 1fr)); \/* Le immagini si distribuiscono secondo la loro larghezza naturale *\/\n}\n\n\/* Terza riga *\/\n.row:nth-child(3) {\n  grid-template-columns: 40% 60%; \n}\n\n\/* Layout responsivo per schermi piccoli *\/\n@media (max-width: 900px) {\n  .row {\n    grid-template-columns: 1fr !important;\n  }\n\t.row img {\n\t\tobject-fit:contain;\n\t}\n\t.row {\n\t\t\t\tgrid-auto-rows: auto;\n\n\t}\n}\n<\/style><\/div><\/div><\/div><\/div><\/div><\/section><section class=\"l-section wpb_row us_custom_a928ee7f height_large\"><div class=\"l-section-h i-cf\"><div class=\"g-cols vc_row via_grid cols_1 laptops-cols_inherit tablets-cols_inherit mobiles-cols_1 valign_top type_default stacking_default\"><div class=\"wpb_column vc_column_container\"><div class=\"vc_column-inner\"><h2 class=\"w-text us_custom_f2eec366 grande_2\"><span class=\"w-text-h\"><span class=\"w-text-value\">Planen Sie Ihre Veranstaltung mit uns<\/span><\/span><\/h2><div class=\"wpb_text_column us_custom_6df4bc3a has_text_color\"><div class=\"wpb_wrapper\"><h5>Kontaktieren Sie unser Meetings- &amp; Events-Team noch heute, um mit der Planung Ihrer perfekten Veranstaltung auf der Terra Antica zu beginnen \u2013 wo Tradition auf modernen Luxus trifft, und jede Zusammenkunft zu einem unvergesslichen Fest wird.<\/h5>\n<\/div><\/div><div class=\"w-separator size_small\"><\/div><div class=\"w-btn-wrapper align_none\"><a class=\"w-btn us-btn-style_1 icon_atright\" href=\"https:\/\/terra-antica.com\/de\/kontaktieren-sie-uns\/\"><span class=\"w-btn-label\">Kontaktieren Sie uns<\/span><i class=\"fas fa-arrow-right\"><\/i><\/a><\/div><\/div><\/div><\/div><\/div><\/section><section class=\"l-section wpb_row us_custom_aaef86c2 height_huge\"><div class=\"l-section-h i-cf\"><div class=\"g-cols vc_row via_grid cols_1 laptops-cols_inherit tablets-cols_inherit mobiles-cols_1 valign_top type_default stacking_default\"><div class=\"wpb_column vc_column_container\"><div class=\"vc_column-inner\"><div class=\"w-separator size_custom\" style=\"height:15vh\"><\/div><\/div><\/div><\/div><\/div><\/section>\n","protected":false},"excerpt":{"rendered":"VeranstaltungenUnvergessliche Momente im Herzen von MontepulcianoOb Sie aus Liebe, gesch\u00e4ftlichen Gr\u00fcnden oder f\u00fcr eine besondere Feier nach Montepulciano kommen \u2013 Terra Antica bietet den perfekten Rahmen. Von Hochzeiten bis zu Firmen-Retreats sorgen wir f\u00fcr Kreativit\u00e4t, Flexibilit\u00e4t und h\u00f6chste Sorgfalt bis ins Detail. Hochzeiten &amp; FeiernIhre Traumhochzeit in den toskanischen H\u00fcgelnFeiern Sie Ihre Liebe im Herzen...","protected":false},"author":1,"featured_media":2413,"parent":0,"menu_order":0,"comment_status":"closed","ping_status":"closed","template":"","meta":{"_acf_changed":false,"footnotes":""},"class_list":["post-1703","page","type-page","status-publish","has-post-thumbnail","hentry"],"acf":[],"yoast_head":"<!-- This site is optimized with the Yoast SEO plugin v27.3 - https:\/\/yoast.com\/product\/yoast-seo-wordpress\/ -->\n<title>Veranstaltungen - Terra Antica<\/title>\n<meta name=\"robots\" content=\"index, follow, max-snippet:-1, max-image-preview:large, max-video-preview:-1\" \/>\n<link rel=\"canonical\" href=\"https:\/\/terra-antica.com\/de\/veranstaltungen\/\" \/>\n<meta property=\"og:locale\" content=\"de_DE\" \/>\n<meta property=\"og:type\" content=\"article\" \/>\n<meta property=\"og:title\" content=\"Veranstaltungen - Terra Antica\" \/>\n<meta property=\"og:url\" content=\"https:\/\/terra-antica.com\/de\/veranstaltungen\/\" \/>\n<meta property=\"og:site_name\" content=\"Terra Antica\" \/>\n<meta property=\"article:modified_time\" content=\"2025-02-24T14:04:15+00:00\" \/>\n<meta property=\"og:image\" content=\"https:\/\/terra-antica.com\/wp-content\/uploads\/2025\/02\/IMG_4861_50-1024x693.jpg\" \/>\n\t<meta property=\"og:image:width\" content=\"1024\" \/>\n\t<meta property=\"og:image:height\" content=\"693\" \/>\n\t<meta property=\"og:image:type\" content=\"image\/jpeg\" \/>\n<meta name=\"twitter:card\" content=\"summary_large_image\" \/>\n<meta name=\"twitter:label1\" content=\"Gesch\u00e4tzte Lesezeit\" \/>\n\t<meta name=\"twitter:data1\" content=\"8\u00a0Minuten\" \/>\n<script type=\"application\/ld+json\" class=\"yoast-schema-graph\">{\"@context\":\"https:\\\/\\\/schema.org\",\"@graph\":[{\"@type\":\"WebPage\",\"@id\":\"https:\\\/\\\/terra-antica.com\\\/de\\\/veranstaltungen\\\/\",\"url\":\"https:\\\/\\\/terra-antica.com\\\/de\\\/veranstaltungen\\\/\",\"name\":\"Veranstaltungen - Terra Antica\",\"isPartOf\":{\"@id\":\"https:\\\/\\\/terra-antica.com\\\/de\\\/#website\"},\"primaryImageOfPage\":{\"@id\":\"https:\\\/\\\/terra-antica.com\\\/de\\\/veranstaltungen\\\/#primaryimage\"},\"image\":{\"@id\":\"https:\\\/\\\/terra-antica.com\\\/de\\\/veranstaltungen\\\/#primaryimage\"},\"thumbnailUrl\":\"https:\\\/\\\/terra-antica.com\\\/wp-content\\\/uploads\\\/2025\\\/02\\\/IMG_4861_50.jpg\",\"datePublished\":\"2024-05-13T14:38:33+00:00\",\"dateModified\":\"2025-02-24T14:04:15+00:00\",\"breadcrumb\":{\"@id\":\"https:\\\/\\\/terra-antica.com\\\/de\\\/veranstaltungen\\\/#breadcrumb\"},\"inLanguage\":\"de\",\"potentialAction\":[{\"@type\":\"ReadAction\",\"target\":[\"https:\\\/\\\/terra-antica.com\\\/de\\\/veranstaltungen\\\/\"]}]},{\"@type\":\"ImageObject\",\"inLanguage\":\"de\",\"@id\":\"https:\\\/\\\/terra-antica.com\\\/de\\\/veranstaltungen\\\/#primaryimage\",\"url\":\"https:\\\/\\\/terra-antica.com\\\/wp-content\\\/uploads\\\/2025\\\/02\\\/IMG_4861_50.jpg\",\"contentUrl\":\"https:\\\/\\\/terra-antica.com\\\/wp-content\\\/uploads\\\/2025\\\/02\\\/IMG_4861_50.jpg\",\"width\":2501,\"height\":1692},{\"@type\":\"BreadcrumbList\",\"@id\":\"https:\\\/\\\/terra-antica.com\\\/de\\\/veranstaltungen\\\/#breadcrumb\",\"itemListElement\":[{\"@type\":\"ListItem\",\"position\":1,\"name\":\"Home\",\"item\":\"https:\\\/\\\/terra-antica.com\\\/de\\\/home\\\/\"},{\"@type\":\"ListItem\",\"position\":2,\"name\":\"Veranstaltungen\"}]},{\"@type\":\"WebSite\",\"@id\":\"https:\\\/\\\/terra-antica.com\\\/de\\\/#website\",\"url\":\"https:\\\/\\\/terra-antica.com\\\/de\\\/\",\"name\":\"Terra Antica\",\"description\":\"Your paradise in the heart of Tuscany\",\"publisher\":{\"@id\":\"https:\\\/\\\/terra-antica.com\\\/de\\\/#organization\"},\"potentialAction\":[{\"@type\":\"SearchAction\",\"target\":{\"@type\":\"EntryPoint\",\"urlTemplate\":\"https:\\\/\\\/terra-antica.com\\\/de\\\/?s={search_term_string}\"},\"query-input\":{\"@type\":\"PropertyValueSpecification\",\"valueRequired\":true,\"valueName\":\"search_term_string\"}}],\"inLanguage\":\"de\"},{\"@type\":\"Organization\",\"@id\":\"https:\\\/\\\/terra-antica.com\\\/de\\\/#organization\",\"name\":\"Terra Antica\",\"url\":\"https:\\\/\\\/terra-antica.com\\\/de\\\/\",\"logo\":{\"@type\":\"ImageObject\",\"inLanguage\":\"de\",\"@id\":\"https:\\\/\\\/terra-antica.com\\\/de\\\/#\\\/schema\\\/logo\\\/image\\\/\",\"url\":\"https:\\\/\\\/terra-antica.com\\\/wp-content\\\/uploads\\\/2024\\\/04\\\/terra-antica-logo-b.png\",\"contentUrl\":\"https:\\\/\\\/terra-antica.com\\\/wp-content\\\/uploads\\\/2024\\\/04\\\/terra-antica-logo-b.png\",\"width\":562,\"height\":199,\"caption\":\"Terra Antica\"},\"image\":{\"@id\":\"https:\\\/\\\/terra-antica.com\\\/de\\\/#\\\/schema\\\/logo\\\/image\\\/\"}}]}<\/script>\n<!-- \/ Yoast SEO plugin. -->","yoast_head_json":{"title":"Veranstaltungen - Terra Antica","robots":{"index":"index","follow":"follow","max-snippet":"max-snippet:-1","max-image-preview":"max-image-preview:large","max-video-preview":"max-video-preview:-1"},"canonical":"https:\/\/terra-antica.com\/de\/veranstaltungen\/","og_locale":"de_DE","og_type":"article","og_title":"Veranstaltungen - Terra Antica","og_url":"https:\/\/terra-antica.com\/de\/veranstaltungen\/","og_site_name":"Terra Antica","article_modified_time":"2025-02-24T14:04:15+00:00","og_image":[{"width":1024,"height":693,"url":"https:\/\/terra-antica.com\/wp-content\/uploads\/2025\/02\/IMG_4861_50-1024x693.jpg","type":"image\/jpeg"}],"twitter_card":"summary_large_image","twitter_misc":{"Gesch\u00e4tzte Lesezeit":"8\u00a0Minuten"},"schema":{"@context":"https:\/\/schema.org","@graph":[{"@type":"WebPage","@id":"https:\/\/terra-antica.com\/de\/veranstaltungen\/","url":"https:\/\/terra-antica.com\/de\/veranstaltungen\/","name":"Veranstaltungen - Terra Antica","isPartOf":{"@id":"https:\/\/terra-antica.com\/de\/#website"},"primaryImageOfPage":{"@id":"https:\/\/terra-antica.com\/de\/veranstaltungen\/#primaryimage"},"image":{"@id":"https:\/\/terra-antica.com\/de\/veranstaltungen\/#primaryimage"},"thumbnailUrl":"https:\/\/terra-antica.com\/wp-content\/uploads\/2025\/02\/IMG_4861_50.jpg","datePublished":"2024-05-13T14:38:33+00:00","dateModified":"2025-02-24T14:04:15+00:00","breadcrumb":{"@id":"https:\/\/terra-antica.com\/de\/veranstaltungen\/#breadcrumb"},"inLanguage":"de","potentialAction":[{"@type":"ReadAction","target":["https:\/\/terra-antica.com\/de\/veranstaltungen\/"]}]},{"@type":"ImageObject","inLanguage":"de","@id":"https:\/\/terra-antica.com\/de\/veranstaltungen\/#primaryimage","url":"https:\/\/terra-antica.com\/wp-content\/uploads\/2025\/02\/IMG_4861_50.jpg","contentUrl":"https:\/\/terra-antica.com\/wp-content\/uploads\/2025\/02\/IMG_4861_50.jpg","width":2501,"height":1692},{"@type":"BreadcrumbList","@id":"https:\/\/terra-antica.com\/de\/veranstaltungen\/#breadcrumb","itemListElement":[{"@type":"ListItem","position":1,"name":"Home","item":"https:\/\/terra-antica.com\/de\/home\/"},{"@type":"ListItem","position":2,"name":"Veranstaltungen"}]},{"@type":"WebSite","@id":"https:\/\/terra-antica.com\/de\/#website","url":"https:\/\/terra-antica.com\/de\/","name":"Terra Antica","description":"Your paradise in the heart of Tuscany","publisher":{"@id":"https:\/\/terra-antica.com\/de\/#organization"},"potentialAction":[{"@type":"SearchAction","target":{"@type":"EntryPoint","urlTemplate":"https:\/\/terra-antica.com\/de\/?s={search_term_string}"},"query-input":{"@type":"PropertyValueSpecification","valueRequired":true,"valueName":"search_term_string"}}],"inLanguage":"de"},{"@type":"Organization","@id":"https:\/\/terra-antica.com\/de\/#organization","name":"Terra Antica","url":"https:\/\/terra-antica.com\/de\/","logo":{"@type":"ImageObject","inLanguage":"de","@id":"https:\/\/terra-antica.com\/de\/#\/schema\/logo\/image\/","url":"https:\/\/terra-antica.com\/wp-content\/uploads\/2024\/04\/terra-antica-logo-b.png","contentUrl":"https:\/\/terra-antica.com\/wp-content\/uploads\/2024\/04\/terra-antica-logo-b.png","width":562,"height":199,"caption":"Terra Antica"},"image":{"@id":"https:\/\/terra-antica.com\/de\/#\/schema\/logo\/image\/"}}]}},"_links":{"self":[{"href":"https:\/\/terra-antica.com\/de\/wp-json\/wp\/v2\/pages\/1703","targetHints":{"allow":["GET"]}}],"collection":[{"href":"https:\/\/terra-antica.com\/de\/wp-json\/wp\/v2\/pages"}],"about":[{"href":"https:\/\/terra-antica.com\/de\/wp-json\/wp\/v2\/types\/page"}],"author":[{"embeddable":true,"href":"https:\/\/terra-antica.com\/de\/wp-json\/wp\/v2\/users\/1"}],"replies":[{"embeddable":true,"href":"https:\/\/terra-antica.com\/de\/wp-json\/wp\/v2\/comments?post=1703"}],"version-history":[{"count":0,"href":"https:\/\/terra-antica.com\/de\/wp-json\/wp\/v2\/pages\/1703\/revisions"}],"wp:featuredmedia":[{"embeddable":true,"href":"https:\/\/terra-antica.com\/de\/wp-json\/wp\/v2\/media\/2413"}],"wp:attachment":[{"href":"https:\/\/terra-antica.com\/de\/wp-json\/wp\/v2\/media?parent=1703"}],"curies":[{"name":"wp","href":"https:\/\/api.w.org\/{rel}","templated":true}]}}